{"id":2332,"date":"2025-05-08T09:44:05","date_gmt":"2025-05-08T09:44:05","guid":{"rendered":"https:\/\/pilizota-winery.com\/?post_type=product&#038;p=2332"},"modified":"2026-02-12T11:52:37","modified_gmt":"2026-02-12T11:52:37","slug":"syrah-reserve-pilizota","status":"publish","type":"product","link":"https:\/\/pilizota-winery.com\/en\/product\/syrah-reserve-pilizota\/","title":{"rendered":"Syrah Reserve Pili\u017eota &#8211; vrhunsko  vino iz Dalmacije"},"content":{"rendered":"<p><strong>VINIFICATION<\/strong><\/p>\n<p>hand-harvested; traditional fermentation for 7\u201310 days in open stainless-steel vats. The young wine rests in stainless-steel tanks, then ages for 12\u201318 months in 225-liter French oak barrels. Once optimal maturity is reached, it is bottled (0.75 L).<\/p>\n<p><strong>DESCRIPTION<\/strong><\/p>\n<p>a full-bodied wine of dark ruby garnet color with violet hints, marked by mature tannins and refined dark berry aromas.<\/p>\n<p><strong>SERVING<\/strong><\/p>\n<p>Serve at room temperature or slightly chilled. Best with roasted beef, pork and venison, hard cheese, cured meat delicacies and oily fish.<\/p>","protected":false},"excerpt":{"rendered":"<p>A full-bodied wine of dark ruby garnet color with violet hints, marked by mature tannins and refined dark berry aromas.<\/p>","protected":false},"featured_media":2291,"comment_status":"open","ping_status":"closed","template":"","meta":{"_uag_custom_page_level_css":"","site-sidebar-layout":"default","site-content-layout":"","ast-site-content-layout":"default","site-content-style":"default","site-sidebar-style":"default","ast-global-header-display":"","ast-banner-title-visibility":"","ast-main-header-display":"","ast-hfb-above-header-display":"","ast-hfb-below-header-display":"","ast-hfb-mobile-header-display":"","site-post-title":"","ast-breadcrumbs-content":"","ast-featured-img":"","footer-sml-layout":"","ast-disable-related-posts":"","theme-transparent-header-meta":"default","adv-header-id-meta":"","stick-header-meta":"","header-above-stick-meta":"","header-main-stick-meta":"","header-below-stick-meta":"","astra-migrate-meta-layouts":"set","ast-page-background-enabled":"default","ast-page-background-meta":{"desktop":{"background-color":"var(--ast-global-color-4)","background-image":"","background-repeat":"repeat","background-position":"center center","background-size":"auto","background-attachment":"scroll","background-type":"","background-media":"","overlay-type":"","overlay-color":"","overlay-opacity":"","overlay-gradient":""},"tablet":{"background-color":"","background-image":"","background-repeat":"repeat","background-position":"center center","background-size":"auto","background-attachment":"scroll","background-type":"","background-media":"","overlay-type":"","overlay-color":"","overlay-opacity":"","overlay-gradient":""},"mobile":{"background-color":"","background-image":"","background-repeat":"repeat","background-position":"center center","background-size":"auto","background-attachment":"scroll","background-type":"","background-media":"","overlay-type":"","overlay-color":"","overlay-opacity":"","overlay-gradient":""}},"ast-content-background-meta":{"desktop":{"background-color":"var(--ast-global-color-5)","background-image":"","background-repeat":"repeat","background-position":"center center","background-size":"auto","background-attachment":"scroll","background-type":"","background-media":"","overlay-type":"","overlay-color":"","overlay-opacity":"","overlay-gradient":""},"tablet":{"background-color":"var(--ast-global-color-5)","background-image":"","background-repeat":"repeat","background-position":"center center","background-size":"auto","background-attachment":"scroll","background-type":"","background-media":"","overlay-type":"","overlay-color":"","overlay-opacity":"","overlay-gradient":""},"mobile":{"background-color":"var(--ast-global-color-5)","background-image":"","background-repeat":"repeat","background-position":"center center","background-size":"auto","background-attachment":"scroll","background-type":"","background-media":"","overlay-type":"","overlay-color":"","overlay-opacity":"","overlay-gradient":""}}},"product_brand":[],"product_cat":[38],"product_tag":[],"class_list":{"0":"post-2332","1":"product","2":"type-product","3":"status-publish","4":"has-post-thumbnail","6":"product_cat-syrah","7":"desktop-align-left","8":"tablet-align-left","9":"mobile-align-left","11":"first","12":"instock","13":"shipping-taxable","14":"purchasable","15":"product-type-simple"},"yoast_head":"<!-- This site is optimized with the Yoast SEO plugin v26.9 - https:\/\/yoast.com\/product\/yoast-seo-wordpress\/ -->\n<title>Syrah Reserve Pili\u017eota - vrhunsko vino iz Dalmacije - Pili\u017eota winery<\/title>\n<meta name=\"description\" content=\"Vino odlikuje sna\u017eno tijelo, tamna rubin granatna boja s ljubi\u010dastim nijansama te sklad zrelih tanina i finih aroma tamnog bobi\u010dastog vo\u0107a.\" \/>\n<meta name=\"robots\" content=\"index, follow, max-snippet:-1, max-image-preview:large, max-video-preview:-1\" \/>\n<link rel=\"canonical\" href=\"https:\/\/pilizota-winery.com\/en\/product\/syrah-reserve-pilizota\/\" \/>\n<meta property=\"og:locale\" content=\"en_US\" \/>\n<meta property=\"og:type\" content=\"article\" \/>\n<meta property=\"og:title\" content=\"Syrah Reserve Pili\u017eota - vrhunsko vino iz Dalmacije - Pili\u017eota winery\" \/>\n<meta property=\"og:description\" content=\"Vino odlikuje sna\u017eno tijelo, tamna rubin granatna boja s ljubi\u010dastim nijansama te sklad zrelih tanina i finih aroma tamnog bobi\u010dastog vo\u0107a.\" \/>\n<meta property=\"og:url\" content=\"https:\/\/pilizota-winery.com\/en\/product\/syrah-reserve-pilizota\/\" \/>\n<meta property=\"og:site_name\" content=\"Pili\u017eota winery\" \/>\n<meta property=\"article:modified_time\" content=\"2026-02-12T11:52:37+00:00\" \/>\n<meta property=\"og:image\" content=\"https:\/\/pilizota-winery.com\/wp-content\/uploads\/2025\/05\/syrah-reserve-gl.png\" \/>\n\t<meta property=\"og:image:width\" content=\"1000\" \/>\n\t<meta property=\"og:image:height\" content=\"1000\" \/>\n\t<meta property=\"og:image:type\" content=\"image\/png\" \/>\n<meta name=\"twitter:card\" content=\"summary_large_image\" \/>\n<meta name=\"twitter:label1\" content=\"Est. reading time\" \/>\n\t<meta name=\"twitter:data1\" content=\"1 minute\" \/>\n<script type=\"application\/ld+json\" class=\"yoast-schema-graph\">{\"@context\":\"https:\/\/schema.org\",\"@graph\":[{\"@type\":\"WebPage\",\"@id\":\"https:\/\/pilizota-winery.com\/en\/product\/syrah-reserve-pilizota\/\",\"url\":\"https:\/\/pilizota-winery.com\/en\/product\/syrah-reserve-pilizota\/\",\"name\":\"Syrah Reserve Pili\u017eota - vrhunsko vino iz Dalmacije - Pili\u017eota winery\",\"isPartOf\":{\"@id\":\"https:\/\/pilizota-winery.com\/#website\"},\"primaryImageOfPage\":{\"@id\":\"https:\/\/pilizota-winery.com\/en\/product\/syrah-reserve-pilizota\/#primaryimage\"},\"image\":{\"@id\":\"https:\/\/pilizota-winery.com\/en\/product\/syrah-reserve-pilizota\/#primaryimage\"},\"thumbnailUrl\":\"https:\/\/pilizota-winery.com\/wp-content\/uploads\/2025\/05\/syrah-reserve-gl.png\",\"datePublished\":\"2025-05-08T09:44:05+00:00\",\"dateModified\":\"2026-02-12T11:52:37+00:00\",\"description\":\"Vino odlikuje sna\u017eno tijelo, tamna rubin granatna boja s ljubi\u010dastim nijansama te sklad zrelih tanina i finih aroma tamnog bobi\u010dastog vo\u0107a.\",\"breadcrumb\":{\"@id\":\"https:\/\/pilizota-winery.com\/en\/product\/syrah-reserve-pilizota\/#breadcrumb\"},\"inLanguage\":\"en-US\",\"potentialAction\":[{\"@type\":\"ReadAction\",\"target\":[\"https:\/\/pilizota-winery.com\/en\/product\/syrah-reserve-pilizota\/\"]}]},{\"@type\":\"ImageObject\",\"inLanguage\":\"en-US\",\"@id\":\"https:\/\/pilizota-winery.com\/en\/product\/syrah-reserve-pilizota\/#primaryimage\",\"url\":\"https:\/\/pilizota-winery.com\/wp-content\/uploads\/2025\/05\/syrah-reserve-gl.png\",\"contentUrl\":\"https:\/\/pilizota-winery.com\/wp-content\/uploads\/2025\/05\/syrah-reserve-gl.png\",\"width\":1000,\"height\":1000},{\"@type\":\"BreadcrumbList\",\"@id\":\"https:\/\/pilizota-winery.com\/en\/product\/syrah-reserve-pilizota\/#breadcrumb\",\"itemListElement\":[{\"@type\":\"ListItem\",\"position\":1,\"name\":\"Po\u010detna stranica\",\"item\":\"https:\/\/pilizota-winery.com\/\"},{\"@type\":\"ListItem\",\"position\":2,\"name\":\"Shop\",\"item\":\"https:\/\/pilizota-winery.com\/shop\/\"},{\"@type\":\"ListItem\",\"position\":3,\"name\":\"Syrah Reserve Pili\u017eota &#8211; vrhunsko vino iz Dalmacije\"}]},{\"@type\":\"WebSite\",\"@id\":\"https:\/\/pilizota-winery.com\/#website\",\"url\":\"https:\/\/pilizota-winery.com\/\",\"name\":\"Pili\u017eota winery\",\"description\":\"Pilizota winery \u2013 autohtona vina Dalmacije: Babi\u0107 i Plavina\",\"publisher\":{\"@id\":\"https:\/\/pilizota-winery.com\/#organization\"},\"potentialAction\":[{\"@type\":\"SearchAction\",\"target\":{\"@type\":\"EntryPoint\",\"urlTemplate\":\"https:\/\/pilizota-winery.com\/?s={search_term_string}\"},\"query-input\":{\"@type\":\"PropertyValueSpecification\",\"valueRequired\":true,\"valueName\":\"search_term_string\"}}],\"inLanguage\":\"en-US\"},{\"@type\":\"Organization\",\"@id\":\"https:\/\/pilizota-winery.com\/#organization\",\"name\":\"Pili\u017eota winery\",\"url\":\"https:\/\/pilizota-winery.com\/\",\"logo\":{\"@type\":\"ImageObject\",\"inLanguage\":\"en-US\",\"@id\":\"https:\/\/pilizota-winery.com\/#\/schema\/logo\/image\/\",\"url\":\"https:\/\/pilizota-winery.com\/wp-content\/uploads\/2025\/07\/Frame-228.png\",\"contentUrl\":\"https:\/\/pilizota-winery.com\/wp-content\/uploads\/2025\/07\/Frame-228.png\",\"width\":688,\"height\":185,\"caption\":\"Pili\u017eota winery\"},\"image\":{\"@id\":\"https:\/\/pilizota-winery.com\/#\/schema\/logo\/image\/\"}}]}<\/script>\n<!-- \/ Yoast SEO plugin. -->","yoast_head_json":{"title":"Syrah Reserve Pili\u017eota - vrhunsko vino iz Dalmacije - Pili\u017eota winery","description":"A full-bodied wine of dark ruby garnet color with violet hints, marked by mature tannins and refined dark berry aromas.","robots":{"index":"index","follow":"follow","max-snippet":"max-snippet:-1","max-image-preview":"max-image-preview:large","max-video-preview":"max-video-preview:-1"},"canonical":"https:\/\/pilizota-winery.com\/en\/product\/syrah-reserve-pilizota\/","og_locale":"en_US","og_type":"article","og_title":"Syrah Reserve Pili\u017eota - vrhunsko vino iz Dalmacije - Pili\u017eota winery","og_description":"Vino odlikuje sna\u017eno tijelo, tamna rubin granatna boja s ljubi\u010dastim nijansama te sklad zrelih tanina i finih aroma tamnog bobi\u010dastog vo\u0107a.","og_url":"https:\/\/pilizota-winery.com\/en\/product\/syrah-reserve-pilizota\/","og_site_name":"Pili\u017eota winery","article_modified_time":"2026-02-12T11:52:37+00:00","og_image":[{"width":1000,"height":1000,"url":"https:\/\/pilizota-winery.com\/wp-content\/uploads\/2025\/05\/syrah-reserve-gl.png","type":"image\/png"}],"twitter_card":"summary_large_image","twitter_misc":{"Est. reading time":"1 minute"},"schema":{"@context":"https:\/\/schema.org","@graph":[{"@type":"WebPage","@id":"https:\/\/pilizota-winery.com\/en\/product\/syrah-reserve-pilizota\/","url":"https:\/\/pilizota-winery.com\/en\/product\/syrah-reserve-pilizota\/","name":"Syrah Reserve Pili\u017eota - vrhunsko vino iz Dalmacije - Pili\u017eota winery","isPartOf":{"@id":"https:\/\/pilizota-winery.com\/#website"},"primaryImageOfPage":{"@id":"https:\/\/pilizota-winery.com\/en\/product\/syrah-reserve-pilizota\/#primaryimage"},"image":{"@id":"https:\/\/pilizota-winery.com\/en\/product\/syrah-reserve-pilizota\/#primaryimage"},"thumbnailUrl":"https:\/\/pilizota-winery.com\/wp-content\/uploads\/2025\/05\/syrah-reserve-gl.png","datePublished":"2025-05-08T09:44:05+00:00","dateModified":"2026-02-12T11:52:37+00:00","description":"A full-bodied wine of dark ruby garnet color with violet hints, marked by mature tannins and refined dark berry aromas.","breadcrumb":{"@id":"https:\/\/pilizota-winery.com\/en\/product\/syrah-reserve-pilizota\/#breadcrumb"},"inLanguage":"en-US","potentialAction":[{"@type":"ReadAction","target":["https:\/\/pilizota-winery.com\/en\/product\/syrah-reserve-pilizota\/"]}]},{"@type":"ImageObject","inLanguage":"en-US","@id":"https:\/\/pilizota-winery.com\/en\/product\/syrah-reserve-pilizota\/#primaryimage","url":"https:\/\/pilizota-winery.com\/wp-content\/uploads\/2025\/05\/syrah-reserve-gl.png","contentUrl":"https:\/\/pilizota-winery.com\/wp-content\/uploads\/2025\/05\/syrah-reserve-gl.png","width":1000,"height":1000},{"@type":"BreadcrumbList","@id":"https:\/\/pilizota-winery.com\/en\/product\/syrah-reserve-pilizota\/#breadcrumb","itemListElement":[{"@type":"ListItem","position":1,"name":"Po\u010detna stranica","item":"https:\/\/pilizota-winery.com\/"},{"@type":"ListItem","position":2,"name":"Shop","item":"https:\/\/pilizota-winery.com\/shop\/"},{"@type":"ListItem","position":3,"name":"Syrah Reserve Pili\u017eota &#8211; vrhunsko vino iz Dalmacije"}]},{"@type":"WebSite","@id":"https:\/\/pilizota-winery.com\/#website","url":"https:\/\/pilizota-winery.com\/","name":"Pili\u017eota winery","description":"Pilizota winery \u2013 autohtona vina Dalmacije: Babi\u0107 i Plavina","publisher":{"@id":"https:\/\/pilizota-winery.com\/#organization"},"potentialAction":[{"@type":"SearchAction","target":{"@type":"EntryPoint","urlTemplate":"https:\/\/pilizota-winery.com\/?s={search_term_string}"},"query-input":{"@type":"PropertyValueSpecification","valueRequired":true,"valueName":"search_term_string"}}],"inLanguage":"en-US"},{"@type":"Organization","@id":"https:\/\/pilizota-winery.com\/#organization","name":"Pili\u017eota winery","url":"https:\/\/pilizota-winery.com\/","logo":{"@type":"ImageObject","inLanguage":"en-US","@id":"https:\/\/pilizota-winery.com\/#\/schema\/logo\/image\/","url":"https:\/\/pilizota-winery.com\/wp-content\/uploads\/2025\/07\/Frame-228.png","contentUrl":"https:\/\/pilizota-winery.com\/wp-content\/uploads\/2025\/07\/Frame-228.png","width":688,"height":185,"caption":"Pili\u017eota winery"},"image":{"@id":"https:\/\/pilizota-winery.com\/#\/schema\/logo\/image\/"}}]}},"uagb_featured_image_src":{"full":["https:\/\/pilizota-winery.com\/wp-content\/uploads\/2025\/05\/syrah-reserve-gl.png",1000,1000,false],"thumbnail":["https:\/\/pilizota-winery.com\/wp-content\/uploads\/2025\/05\/syrah-reserve-gl-150x150.png",150,150,true],"medium":["https:\/\/pilizota-winery.com\/wp-content\/uploads\/2025\/05\/syrah-reserve-gl-300x300.png",300,300,true],"medium_large":["https:\/\/pilizota-winery.com\/wp-content\/uploads\/2025\/05\/syrah-reserve-gl-768x768.png",768,768,true],"large":["https:\/\/pilizota-winery.com\/wp-content\/uploads\/2025\/05\/syrah-reserve-gl.png",1000,1000,false],"1536x1536":["https:\/\/pilizota-winery.com\/wp-content\/uploads\/2025\/05\/syrah-reserve-gl.png",1000,1000,false],"2048x2048":["https:\/\/pilizota-winery.com\/wp-content\/uploads\/2025\/05\/syrah-reserve-gl.png",1000,1000,false],"trp-custom-language-flag":["https:\/\/pilizota-winery.com\/wp-content\/uploads\/2025\/05\/syrah-reserve-gl.png",12,12,false],"woocommerce_thumbnail":["https:\/\/pilizota-winery.com\/wp-content\/uploads\/2025\/05\/syrah-reserve-gl-300x300.png",300,300,true],"woocommerce_single":["https:\/\/pilizota-winery.com\/wp-content\/uploads\/2025\/05\/syrah-reserve-gl-600x600.png",600,600,true],"woocommerce_gallery_thumbnail":["https:\/\/pilizota-winery.com\/wp-content\/uploads\/2025\/05\/syrah-reserve-gl-100x100.png",100,100,true]},"uagb_author_info":{"display_name":"Vlasta Pili\u017eota","author_link":"https:\/\/pilizota-winery.com\/en\/author\/"},"uagb_comment_info":0,"uagb_excerpt":"Vino odlikuje sna\u017eno tijelo, tamna rubin granatna boja s ljubi\u010dastim nijansama te sklad zrelih tanina i finih aroma tamnog bobi\u010dastog vo\u0107a.","_links":{"self":[{"href":"https:\/\/pilizota-winery.com\/en\/wp-json\/wp\/v2\/product\/2332","targetHints":{"allow":["GET"]}}],"collection":[{"href":"https:\/\/pilizota-winery.com\/en\/wp-json\/wp\/v2\/product"}],"about":[{"href":"https:\/\/pilizota-winery.com\/en\/wp-json\/wp\/v2\/types\/product"}],"replies":[{"embeddable":true,"href":"https:\/\/pilizota-winery.com\/en\/wp-json\/wp\/v2\/comments?post=2332"}],"wp:featuredmedia":[{"embeddable":true,"href":"https:\/\/pilizota-winery.com\/en\/wp-json\/wp\/v2\/media\/2291"}],"wp:attachment":[{"href":"https:\/\/pilizota-winery.com\/en\/wp-json\/wp\/v2\/media?parent=2332"}],"wp:term":[{"taxonomy":"product_brand","embeddable":true,"href":"https:\/\/pilizota-winery.com\/en\/wp-json\/wp\/v2\/product_brand?post=2332"},{"taxonomy":"product_cat","embeddable":true,"href":"https:\/\/pilizota-winery.com\/en\/wp-json\/wp\/v2\/product_cat?post=2332"},{"taxonomy":"product_tag","embeddable":true,"href":"https:\/\/pilizota-winery.com\/en\/wp-json\/wp\/v2\/product_tag?post=2332"}],"curies":[{"name":"wp","href":"https:\/\/api.w.org\/{rel}","templated":true}]}}