{"id":2328,"date":"2025-05-08T09:36:37","date_gmt":"2025-05-08T09:36:37","guid":{"rendered":"https:\/\/pilizota-winery.com\/?post_type=product&#038;p=2328"},"modified":"2026-03-13T15:05:22","modified_gmt":"2026-03-13T15:05:22","slug":"plavina-pilizota-usa","status":"publish","type":"product","link":"https:\/\/pilizota-winery.com\/en\/product\/plavina-pilizota-usa\/","title":{"rendered":"PLAVINA PILI\u017dOTA USA - indigenous Croatian wine from Dalmatia"},"content":{"rendered":"<p><strong>VINIFICATION<\/strong><\/p>\n<p>Plavina wine is made from grapes grown in the surroundings of \u0160ibenik, where the Mediterranean climate and Dalmatian soil enable the production of fresh, authentic wines with a distinctive varietal character. The grapes are hand-harvested, followed by a classic fermentation lasting 7-10 days in open stainless steel tanks. The young wine is aged in stainless steel tanks until the first racking, after which it matures for 6 months in 225-liter French oak barrels. Once optimal maturity is reached, the wine is bottled in 0.75 L bottles.<\/p>\n<p><strong>DESCRIPTION<\/strong><\/p>\n<p>Plavina Pili\u017eota USA represents an authentic Croatian wine made from the indigenous Plavina variety, specially adapted to the demands of the American market. The wine is characterized by a ruby red color, pronounced aromas of red fruit, sour cherry and subtle earthy notes. On the palate, it is medium-bodied, fresh, and harmonious, with soft tannins and pleasant acidity that make it exceptionally drinkable and versatile with a wide range of dishes. This wine carries the Protected Designation of Origin (PDO), the highest level of protection guaranteeing its origin and quality. As part of our winery\u2019s successful export story, Plavina Pili\u017eota USA brings traditional Dalmatian wines, their uniqueness and accessibility closer to American consumers.<\/p>\n<p><strong>SERVING<\/strong><\/p>\n<p>Serve at room temperature or slightly chilled. It is an ideal choice with grilled dishes, roasted chicken and turkey, duck or goose in sauce, risotto, soft cheeses, pasta and oily fish.<\/p>","protected":false},"excerpt":{"rendered":"<p>A wine with emphasized varietal character, balanced and elegant, wine of ruby red color with soft tannins and pleasant notes of berries and Mediterranean herbs.<\/p>","protected":false},"featured_media":2289,"comment_status":"open","ping_status":"closed","template":"","meta":{"_uag_custom_page_level_css":"","site-sidebar-layout":"default","site-content-layout":"","ast-site-content-layout":"default","site-content-style":"default","site-sidebar-style":"default","ast-global-header-display":"","ast-banner-title-visibility":"","ast-main-header-display":"","ast-hfb-above-header-display":"","ast-hfb-below-header-display":"","ast-hfb-mobile-header-display":"","site-post-title":"","ast-breadcrumbs-content":"","ast-featured-img":"","footer-sml-layout":"","ast-disable-related-posts":"","theme-transparent-header-meta":"default","adv-header-id-meta":"","stick-header-meta":"","header-above-stick-meta":"","header-main-stick-meta":"","header-below-stick-meta":"","astra-migrate-meta-layouts":"set","ast-page-background-enabled":"default","ast-page-background-meta":{"desktop":{"background-color":"var(--ast-global-color-4)","background-image":"","background-repeat":"repeat","background-position":"center center","background-size":"auto","background-attachment":"scroll","background-type":"","background-media":"","overlay-type":"","overlay-color":"","overlay-opacity":"","overlay-gradient":""},"tablet":{"background-color":"","background-image":"","background-repeat":"repeat","background-position":"center center","background-size":"auto","background-attachment":"scroll","background-type":"","background-media":"","overlay-type":"","overlay-color":"","overlay-opacity":"","overlay-gradient":""},"mobile":{"background-color":"","background-image":"","background-repeat":"repeat","background-position":"center center","background-size":"auto","background-attachment":"scroll","background-type":"","background-media":"","overlay-type":"","overlay-color":"","overlay-opacity":"","overlay-gradient":""}},"ast-content-background-meta":{"desktop":{"background-color":"var(--ast-global-color-5)","background-image":"","background-repeat":"repeat","background-position":"center center","background-size":"auto","background-attachment":"scroll","background-type":"","background-media":"","overlay-type":"","overlay-color":"","overlay-opacity":"","overlay-gradient":""},"tablet":{"background-color":"var(--ast-global-color-5)","background-image":"","background-repeat":"repeat","background-position":"center center","background-size":"auto","background-attachment":"scroll","background-type":"","background-media":"","overlay-type":"","overlay-color":"","overlay-opacity":"","overlay-gradient":""},"mobile":{"background-color":"var(--ast-global-color-5)","background-image":"","background-repeat":"repeat","background-position":"center center","background-size":"auto","background-attachment":"scroll","background-type":"","background-media":"","overlay-type":"","overlay-color":"","overlay-opacity":"","overlay-gradient":""}}},"product_brand":[],"product_cat":[37],"product_tag":[],"class_list":{"0":"post-2328","1":"product","2":"type-product","3":"status-publish","4":"has-post-thumbnail","6":"product_cat-plavina","7":"desktop-align-left","8":"tablet-align-left","9":"mobile-align-left","11":"first","12":"instock","13":"shipping-taxable","14":"purchasable","15":"product-type-simple"},"yoast_head":"<!-- This site is optimized with the Yoast SEO plugin v26.9 - https:\/\/yoast.com\/product\/yoast-seo-wordpress\/ -->\n<title>Plavina Pili\u017eota USA - autohtono hrvatsko vino iz Dalmacije - Pili\u017eota winery<\/title>\n<meta name=\"description\" content=\"Vino s nagla\u0161enim karakterom sorte, skladno i elegantno, rubin crvene boje, mekih tanina, ugodnih nota bobi\u010dastog vo\u0107a i mediteranskog bilja.\" \/>\n<meta name=\"robots\" content=\"index, follow, max-snippet:-1, max-image-preview:large, max-video-preview:-1\" \/>\n<link rel=\"canonical\" href=\"https:\/\/pilizota-winery.com\/en\/product\/plavina-pilizota-usa\/\" \/>\n<meta property=\"og:locale\" content=\"en_US\" \/>\n<meta property=\"og:type\" content=\"article\" \/>\n<meta property=\"og:title\" content=\"Plavina Pili\u017eota USA - autohtono hrvatsko vino iz Dalmacije - Pili\u017eota winery\" \/>\n<meta property=\"og:description\" content=\"Vino s nagla\u0161enim karakterom sorte, skladno i elegantno, rubin crvene boje, mekih tanina, ugodnih nota bobi\u010dastog vo\u0107a i mediteranskog bilja.\" \/>\n<meta property=\"og:url\" content=\"https:\/\/pilizota-winery.com\/en\/product\/plavina-pilizota-usa\/\" \/>\n<meta property=\"og:site_name\" content=\"Pili\u017eota winery\" \/>\n<meta property=\"article:modified_time\" content=\"2026-03-13T15:05:22+00:00\" \/>\n<meta property=\"og:image\" content=\"https:\/\/pilizota-winery.com\/wp-content\/uploads\/2025\/05\/plavina-usa-gl.png\" \/>\n\t<meta property=\"og:image:width\" content=\"1000\" \/>\n\t<meta property=\"og:image:height\" content=\"1000\" \/>\n\t<meta property=\"og:image:type\" content=\"image\/png\" \/>\n<meta name=\"twitter:card\" content=\"summary_large_image\" \/>\n<meta name=\"twitter:label1\" content=\"Est. reading time\" \/>\n\t<meta name=\"twitter:data1\" content=\"2 minutes\" \/>\n<script type=\"application\/ld+json\" class=\"yoast-schema-graph\">{\"@context\":\"https:\/\/schema.org\",\"@graph\":[{\"@type\":\"WebPage\",\"@id\":\"https:\/\/pilizota-winery.com\/en\/product\/plavina-pilizota-usa\/\",\"url\":\"https:\/\/pilizota-winery.com\/en\/product\/plavina-pilizota-usa\/\",\"name\":\"Plavina Pili\u017eota USA - autohtono hrvatsko vino iz Dalmacije - Pili\u017eota winery\",\"isPartOf\":{\"@id\":\"https:\/\/pilizota-winery.com\/#website\"},\"primaryImageOfPage\":{\"@id\":\"https:\/\/pilizota-winery.com\/en\/product\/plavina-pilizota-usa\/#primaryimage\"},\"image\":{\"@id\":\"https:\/\/pilizota-winery.com\/en\/product\/plavina-pilizota-usa\/#primaryimage\"},\"thumbnailUrl\":\"https:\/\/pilizota-winery.com\/wp-content\/uploads\/2025\/05\/plavina-usa-gl.png\",\"datePublished\":\"2025-05-08T09:36:37+00:00\",\"dateModified\":\"2026-03-13T15:05:22+00:00\",\"description\":\"Vino s nagla\u0161enim karakterom sorte, skladno i elegantno, rubin crvene boje, mekih tanina, ugodnih nota bobi\u010dastog vo\u0107a i mediteranskog bilja.\",\"breadcrumb\":{\"@id\":\"https:\/\/pilizota-winery.com\/en\/product\/plavina-pilizota-usa\/#breadcrumb\"},\"inLanguage\":\"en-US\",\"potentialAction\":[{\"@type\":\"ReadAction\",\"target\":[\"https:\/\/pilizota-winery.com\/en\/product\/plavina-pilizota-usa\/\"]}]},{\"@type\":\"ImageObject\",\"inLanguage\":\"en-US\",\"@id\":\"https:\/\/pilizota-winery.com\/en\/product\/plavina-pilizota-usa\/#primaryimage\",\"url\":\"https:\/\/pilizota-winery.com\/wp-content\/uploads\/2025\/05\/plavina-usa-gl.png\",\"contentUrl\":\"https:\/\/pilizota-winery.com\/wp-content\/uploads\/2025\/05\/plavina-usa-gl.png\",\"width\":1000,\"height\":1000},{\"@type\":\"BreadcrumbList\",\"@id\":\"https:\/\/pilizota-winery.com\/en\/product\/plavina-pilizota-usa\/#breadcrumb\",\"itemListElement\":[{\"@type\":\"ListItem\",\"position\":1,\"name\":\"Po\u010detna stranica\",\"item\":\"https:\/\/pilizota-winery.com\/\"},{\"@type\":\"ListItem\",\"position\":2,\"name\":\"Shop\",\"item\":\"https:\/\/pilizota-winery.com\/shop\/\"},{\"@type\":\"ListItem\",\"position\":3,\"name\":\"Plavina Pili\u017eota USA &#8211; autohtono hrvatsko vino iz Dalmacije\"}]},{\"@type\":\"WebSite\",\"@id\":\"https:\/\/pilizota-winery.com\/#website\",\"url\":\"https:\/\/pilizota-winery.com\/\",\"name\":\"Pili\u017eota winery\",\"description\":\"Pilizota winery \u2013 autohtona vina Dalmacije: Babi\u0107 i Plavina\",\"publisher\":{\"@id\":\"https:\/\/pilizota-winery.com\/#organization\"},\"potentialAction\":[{\"@type\":\"SearchAction\",\"target\":{\"@type\":\"EntryPoint\",\"urlTemplate\":\"https:\/\/pilizota-winery.com\/?s={search_term_string}\"},\"query-input\":{\"@type\":\"PropertyValueSpecification\",\"valueRequired\":true,\"valueName\":\"search_term_string\"}}],\"inLanguage\":\"en-US\"},{\"@type\":\"Organization\",\"@id\":\"https:\/\/pilizota-winery.com\/#organization\",\"name\":\"Pili\u017eota winery\",\"url\":\"https:\/\/pilizota-winery.com\/\",\"logo\":{\"@type\":\"ImageObject\",\"inLanguage\":\"en-US\",\"@id\":\"https:\/\/pilizota-winery.com\/#\/schema\/logo\/image\/\",\"url\":\"https:\/\/pilizota-winery.com\/wp-content\/uploads\/2025\/07\/Frame-228.png\",\"contentUrl\":\"https:\/\/pilizota-winery.com\/wp-content\/uploads\/2025\/07\/Frame-228.png\",\"width\":688,\"height\":185,\"caption\":\"Pili\u017eota winery\"},\"image\":{\"@id\":\"https:\/\/pilizota-winery.com\/#\/schema\/logo\/image\/\"}}]}<\/script>\n<!-- \/ Yoast SEO plugin. -->","yoast_head_json":{"title":"Plavina Pili\u017eota USA - autohtono hrvatsko vino iz Dalmacije - Pili\u017eota winery","description":"A wine with emphasized varietal character, balanced and elegant, wine of ruby red color with soft tannins and pleasant notes of berries and Mediterranean herbs.","robots":{"index":"index","follow":"follow","max-snippet":"max-snippet:-1","max-image-preview":"max-image-preview:large","max-video-preview":"max-video-preview:-1"},"canonical":"https:\/\/pilizota-winery.com\/en\/product\/plavina-pilizota-usa\/","og_locale":"en_US","og_type":"article","og_title":"Plavina Pili\u017eota USA - autohtono hrvatsko vino iz Dalmacije - Pili\u017eota winery","og_description":"Vino s nagla\u0161enim karakterom sorte, skladno i elegantno, rubin crvene boje, mekih tanina, ugodnih nota bobi\u010dastog vo\u0107a i mediteranskog bilja.","og_url":"https:\/\/pilizota-winery.com\/en\/product\/plavina-pilizota-usa\/","og_site_name":"Pili\u017eota winery","article_modified_time":"2026-03-13T15:05:22+00:00","og_image":[{"width":1000,"height":1000,"url":"https:\/\/pilizota-winery.com\/wp-content\/uploads\/2025\/05\/plavina-usa-gl.png","type":"image\/png"}],"twitter_card":"summary_large_image","twitter_misc":{"Est. reading time":"2 minutes"},"schema":{"@context":"https:\/\/schema.org","@graph":[{"@type":"WebPage","@id":"https:\/\/pilizota-winery.com\/en\/product\/plavina-pilizota-usa\/","url":"https:\/\/pilizota-winery.com\/en\/product\/plavina-pilizota-usa\/","name":"Plavina Pili\u017eota USA - autohtono hrvatsko vino iz Dalmacije - Pili\u017eota winery","isPartOf":{"@id":"https:\/\/pilizota-winery.com\/#website"},"primaryImageOfPage":{"@id":"https:\/\/pilizota-winery.com\/en\/product\/plavina-pilizota-usa\/#primaryimage"},"image":{"@id":"https:\/\/pilizota-winery.com\/en\/product\/plavina-pilizota-usa\/#primaryimage"},"thumbnailUrl":"https:\/\/pilizota-winery.com\/wp-content\/uploads\/2025\/05\/plavina-usa-gl.png","datePublished":"2025-05-08T09:36:37+00:00","dateModified":"2026-03-13T15:05:22+00:00","description":"A wine with emphasized varietal character, balanced and elegant, wine of ruby red color with soft tannins and pleasant notes of berries and Mediterranean herbs.","breadcrumb":{"@id":"https:\/\/pilizota-winery.com\/en\/product\/plavina-pilizota-usa\/#breadcrumb"},"inLanguage":"en-US","potentialAction":[{"@type":"ReadAction","target":["https:\/\/pilizota-winery.com\/en\/product\/plavina-pilizota-usa\/"]}]},{"@type":"ImageObject","inLanguage":"en-US","@id":"https:\/\/pilizota-winery.com\/en\/product\/plavina-pilizota-usa\/#primaryimage","url":"https:\/\/pilizota-winery.com\/wp-content\/uploads\/2025\/05\/plavina-usa-gl.png","contentUrl":"https:\/\/pilizota-winery.com\/wp-content\/uploads\/2025\/05\/plavina-usa-gl.png","width":1000,"height":1000},{"@type":"BreadcrumbList","@id":"https:\/\/pilizota-winery.com\/en\/product\/plavina-pilizota-usa\/#breadcrumb","itemListElement":[{"@type":"ListItem","position":1,"name":"Po\u010detna stranica","item":"https:\/\/pilizota-winery.com\/"},{"@type":"ListItem","position":2,"name":"Shop","item":"https:\/\/pilizota-winery.com\/shop\/"},{"@type":"ListItem","position":3,"name":"Plavina Pili\u017eota USA &#8211; autohtono hrvatsko vino iz Dalmacije"}]},{"@type":"WebSite","@id":"https:\/\/pilizota-winery.com\/#website","url":"https:\/\/pilizota-winery.com\/","name":"Pili\u017eota winery","description":"Pilizota winery \u2013 autohtona vina Dalmacije: Babi\u0107 i Plavina","publisher":{"@id":"https:\/\/pilizota-winery.com\/#organization"},"potentialAction":[{"@type":"SearchAction","target":{"@type":"EntryPoint","urlTemplate":"https:\/\/pilizota-winery.com\/?s={search_term_string}"},"query-input":{"@type":"PropertyValueSpecification","valueRequired":true,"valueName":"search_term_string"}}],"inLanguage":"en-US"},{"@type":"Organization","@id":"https:\/\/pilizota-winery.com\/#organization","name":"Pili\u017eota winery","url":"https:\/\/pilizota-winery.com\/","logo":{"@type":"ImageObject","inLanguage":"en-US","@id":"https:\/\/pilizota-winery.com\/#\/schema\/logo\/image\/","url":"https:\/\/pilizota-winery.com\/wp-content\/uploads\/2025\/07\/Frame-228.png","contentUrl":"https:\/\/pilizota-winery.com\/wp-content\/uploads\/2025\/07\/Frame-228.png","width":688,"height":185,"caption":"Pili\u017eota winery"},"image":{"@id":"https:\/\/pilizota-winery.com\/#\/schema\/logo\/image\/"}}]}},"uagb_featured_image_src":{"full":["https:\/\/pilizota-winery.com\/wp-content\/uploads\/2025\/05\/plavina-usa-gl.png",1000,1000,false],"thumbnail":["https:\/\/pilizota-winery.com\/wp-content\/uploads\/2025\/05\/plavina-usa-gl-150x150.png",150,150,true],"medium":["https:\/\/pilizota-winery.com\/wp-content\/uploads\/2025\/05\/plavina-usa-gl-300x300.png",300,300,true],"medium_large":["https:\/\/pilizota-winery.com\/wp-content\/uploads\/2025\/05\/plavina-usa-gl-768x768.png",768,768,true],"large":["https:\/\/pilizota-winery.com\/wp-content\/uploads\/2025\/05\/plavina-usa-gl.png",1000,1000,false],"1536x1536":["https:\/\/pilizota-winery.com\/wp-content\/uploads\/2025\/05\/plavina-usa-gl.png",1000,1000,false],"2048x2048":["https:\/\/pilizota-winery.com\/wp-content\/uploads\/2025\/05\/plavina-usa-gl.png",1000,1000,false],"trp-custom-language-flag":["https:\/\/pilizota-winery.com\/wp-content\/uploads\/2025\/05\/plavina-usa-gl.png",12,12,false],"woocommerce_thumbnail":["https:\/\/pilizota-winery.com\/wp-content\/uploads\/2025\/05\/plavina-usa-gl-300x300.png",300,300,true],"woocommerce_single":["https:\/\/pilizota-winery.com\/wp-content\/uploads\/2025\/05\/plavina-usa-gl-600x600.png",600,600,true],"woocommerce_gallery_thumbnail":["https:\/\/pilizota-winery.com\/wp-content\/uploads\/2025\/05\/plavina-usa-gl-100x100.png",100,100,true]},"uagb_author_info":{"display_name":"Vlasta Pili\u017eota","author_link":"https:\/\/pilizota-winery.com\/en\/author\/"},"uagb_comment_info":0,"uagb_excerpt":"Vino s nagla\u0161enim karakterom sorte, skladno i elegantno, rubin crvene boje, mekih tanina, ugodnih nota bobi\u010dastog vo\u0107a i mediteranskog bilja.","_links":{"self":[{"href":"https:\/\/pilizota-winery.com\/en\/wp-json\/wp\/v2\/product\/2328","targetHints":{"allow":["GET"]}}],"collection":[{"href":"https:\/\/pilizota-winery.com\/en\/wp-json\/wp\/v2\/product"}],"about":[{"href":"https:\/\/pilizota-winery.com\/en\/wp-json\/wp\/v2\/types\/product"}],"replies":[{"embeddable":true,"href":"https:\/\/pilizota-winery.com\/en\/wp-json\/wp\/v2\/comments?post=2328"}],"wp:featuredmedia":[{"embeddable":true,"href":"https:\/\/pilizota-winery.com\/en\/wp-json\/wp\/v2\/media\/2289"}],"wp:attachment":[{"href":"https:\/\/pilizota-winery.com\/en\/wp-json\/wp\/v2\/media?parent=2328"}],"wp:term":[{"taxonomy":"product_brand","embeddable":true,"href":"https:\/\/pilizota-winery.com\/en\/wp-json\/wp\/v2\/product_brand?post=2328"},{"taxonomy":"product_cat","embeddable":true,"href":"https:\/\/pilizota-winery.com\/en\/wp-json\/wp\/v2\/product_cat?post=2328"},{"taxonomy":"product_tag","embeddable":true,"href":"https:\/\/pilizota-winery.com\/en\/wp-json\/wp\/v2\/product_tag?post=2328"}],"curies":[{"name":"wp","href":"https:\/\/api.w.org\/{rel}","templated":true}]}}