{"id":2318,"date":"2025-05-08T09:05:16","date_gmt":"2025-05-08T09:05:16","guid":{"rendered":"https:\/\/pilizota-winery.com\/?post_type=product&#038;p=2318"},"modified":"2026-02-11T19:39:44","modified_gmt":"2026-02-11T19:39:44","slug":"babic-reserve-pilizota","status":"publish","type":"product","link":"https:\/\/pilizota-winery.com\/en\/product\/babic-reserve-pilizota\/","title":{"rendered":"BABI\u0106 RESERVE PILI\u017dOTA \u0160IBENIK - premium Croatian wine from Dalmatia"},"content":{"rendered":"<div class=\"aecizt ciGGdC QfrfFD cell\"><strong>VINIFICATION<\/strong><\/div>\n<div class=\"rah-static rah-static--height-auto\" aria-hidden=\"false\">\n<div class=\"ulKuLk QfrfFD cell\">\n<div class=\"zp8uy2\" data-hook=\"info-section-description\">\n<p>Babi\u0107 Reserve represents the pinnacle of the Babi\u0107 variety and our winery\u2019s dedication to traditional viticulture and winemaking. This premium Croatian wine is made from carefully selected grapes sourced from the best vineyard sites around \u0160ibenik, where the Dalmatian terroir gives the wine strength, depth and character. The harvest is done by hand, followed by a classic fermentation lasting 7-10 days in open stainless steel tanks. The young wine is aged in stainless steel tanks until the first racking, after which it matures for 12-18 months in 225-liter French oak barrels. Once optimal maturity is achieved, the wine is bottled in 0.75 L bottles.<\/p>\n<p><strong>DESCRIPTION<\/strong><\/p>\n<p>Babi\u0107 Reserve Pili\u017eota - \u0160ibenik is distinguished by its intense, dark ruby-garnet colour and complex aromatic profile. On the nose, it reveals notes of ripe dark fruit, dried plums, and black cherries, complemented by subtle spicy and mineral nuances characteristic of Dalmatian rocky soils. The aroma highlights notes of ripe dark fruit, prunes, black cherries, with discreet spicy and mineral nuances characteristic of Dalmatian stony soils. On the palate, the wine is full-bodied, powerful and elegant, with a pronounced structure and mature tannins that give it seriousness and a long finish. This indigenous wine carries the Protected Designation of Origin (PDO), confirming its origin and premium quality. As a selected reserve, Babi\u0107 Reserve is produced in limited quantities, with a special focus on grape ripeness, concentration, and long aging potential.<\/p>\n<p><strong>SERVING<\/strong><\/p>\n<p>Serve at room temperature or slightly chilled, for special occasions alongside top-quality beef steaks, wild boar and rabbit in hunter-style sauce, prosciutto, aged cheeses, large oily fish, and dark chocolate desserts.<\/p>\n<\/div>\n<\/div>\n<\/div>","protected":false},"excerpt":{"rendered":"<p>a warm, harmonious, full-bodied wine of deep ruby garnet color, with mature tannins and intense berry aromas.<\/p>","protected":false},"featured_media":2281,"comment_status":"open","ping_status":"closed","template":"","meta":{"_uag_custom_page_level_css":"","site-sidebar-layout":"default","site-content-layout":"","ast-site-content-layout":"default","site-content-style":"default","site-sidebar-style":"default","ast-global-header-display":"","ast-banner-title-visibility":"","ast-main-header-display":"","ast-hfb-above-header-display":"","ast-hfb-below-header-display":"","ast-hfb-mobile-header-display":"","site-post-title":"","ast-breadcrumbs-content":"","ast-featured-img":"","footer-sml-layout":"","ast-disable-related-posts":"","theme-transparent-header-meta":"default","adv-header-id-meta":"","stick-header-meta":"","header-above-stick-meta":"","header-main-stick-meta":"","header-below-stick-meta":"","astra-migrate-meta-layouts":"set","ast-page-background-enabled":"default","ast-page-background-meta":{"desktop":{"background-color":"var(--ast-global-color-4)","background-image":"","background-repeat":"repeat","background-position":"center center","background-size":"auto","background-attachment":"scroll","background-type":"","background-media":"","overlay-type":"","overlay-color":"","overlay-opacity":"","overlay-gradient":""},"tablet":{"background-color":"","background-image":"","background-repeat":"repeat","background-position":"center center","background-size":"auto","background-attachment":"scroll","background-type":"","background-media":"","overlay-type":"","overlay-color":"","overlay-opacity":"","overlay-gradient":""},"mobile":{"background-color":"","background-image":"","background-repeat":"repeat","background-position":"center center","background-size":"auto","background-attachment":"scroll","background-type":"","background-media":"","overlay-type":"","overlay-color":"","overlay-opacity":"","overlay-gradient":""}},"ast-content-background-meta":{"desktop":{"background-color":"var(--ast-global-color-5)","background-image":"","background-repeat":"repeat","background-position":"center center","background-size":"auto","background-attachment":"scroll","background-type":"","background-media":"","overlay-type":"","overlay-color":"","overlay-opacity":"","overlay-gradient":""},"tablet":{"background-color":"var(--ast-global-color-5)","background-image":"","background-repeat":"repeat","background-position":"center center","background-size":"auto","background-attachment":"scroll","background-type":"","background-media":"","overlay-type":"","overlay-color":"","overlay-opacity":"","overlay-gradient":""},"mobile":{"background-color":"var(--ast-global-color-5)","background-image":"","background-repeat":"repeat","background-position":"center center","background-size":"auto","background-attachment":"scroll","background-type":"","background-media":"","overlay-type":"","overlay-color":"","overlay-opacity":"","overlay-gradient":""}}},"product_brand":[],"product_cat":[36],"product_tag":[],"class_list":{"0":"post-2318","1":"product","2":"type-product","3":"status-publish","4":"has-post-thumbnail","6":"product_cat-babic","7":"desktop-align-left","8":"tablet-align-left","9":"mobile-align-left","11":"first","12":"instock","13":"shipping-taxable","14":"purchasable","15":"product-type-simple"},"yoast_head":"<!-- This site is optimized with the Yoast SEO plugin v26.9 - https:\/\/yoast.com\/product\/yoast-seo-wordpress\/ -->\n<title>Babi\u0107 Reserve Pili\u017eota \u0160ibenik - vrhunsko hrvatsko vino iz Dalmacije - Pili\u017eota winery<\/title>\n<meta name=\"description\" content=\"Toplo, harmoni\u010dno vino sna\u017enog tijela, tamne rubin granatne boje, zrelih tanina i intezivnih aroma bobi\u010dastog vo\u0107a.\" \/>\n<meta name=\"robots\" content=\"index, follow, max-snippet:-1, max-image-preview:large, max-video-preview:-1\" \/>\n<link rel=\"canonical\" href=\"https:\/\/pilizota-winery.com\/en\/product\/babic-reserve-pilizota\/\" \/>\n<meta property=\"og:locale\" content=\"en_US\" \/>\n<meta property=\"og:type\" content=\"article\" \/>\n<meta property=\"og:title\" content=\"Babi\u0107 Reserve Pili\u017eota \u0160ibenik - vrhunsko hrvatsko vino iz Dalmacije - Pili\u017eota winery\" \/>\n<meta property=\"og:description\" content=\"Toplo, harmoni\u010dno vino sna\u017enog tijela, tamne rubin granatne boje, zrelih tanina i intezivnih aroma bobi\u010dastog vo\u0107a.\" \/>\n<meta property=\"og:url\" content=\"https:\/\/pilizota-winery.com\/en\/product\/babic-reserve-pilizota\/\" \/>\n<meta property=\"og:site_name\" content=\"Pili\u017eota winery\" \/>\n<meta property=\"article:modified_time\" content=\"2026-02-11T19:39:44+00:00\" \/>\n<meta property=\"og:image\" content=\"https:\/\/pilizota-winery.com\/wp-content\/uploads\/2025\/05\/babic-reserve-gl.png\" \/>\n\t<meta property=\"og:image:width\" content=\"1000\" \/>\n\t<meta property=\"og:image:height\" content=\"1000\" \/>\n\t<meta property=\"og:image:type\" content=\"image\/png\" \/>\n<meta name=\"twitter:card\" content=\"summary_large_image\" \/>\n<meta name=\"twitter:label1\" content=\"Est. reading time\" \/>\n\t<meta name=\"twitter:data1\" content=\"2 minutes\" \/>\n<script type=\"application\/ld+json\" class=\"yoast-schema-graph\">{\"@context\":\"https:\/\/schema.org\",\"@graph\":[{\"@type\":\"WebPage\",\"@id\":\"https:\/\/pilizota-winery.com\/product\/babic-reserve-pilizota\/\",\"url\":\"https:\/\/pilizota-winery.com\/product\/babic-reserve-pilizota\/\",\"name\":\"Babi\u0107 Reserve Pili\u017eota \u0160ibenik - vrhunsko hrvatsko vino iz Dalmacije - Pili\u017eota winery\",\"isPartOf\":{\"@id\":\"https:\/\/pilizota-winery.com\/#website\"},\"primaryImageOfPage\":{\"@id\":\"https:\/\/pilizota-winery.com\/product\/babic-reserve-pilizota\/#primaryimage\"},\"image\":{\"@id\":\"https:\/\/pilizota-winery.com\/product\/babic-reserve-pilizota\/#primaryimage\"},\"thumbnailUrl\":\"https:\/\/pilizota-winery.com\/wp-content\/uploads\/2025\/05\/babic-reserve-gl.png\",\"datePublished\":\"2025-05-08T09:05:16+00:00\",\"dateModified\":\"2026-02-11T19:39:44+00:00\",\"description\":\"Toplo, harmoni\u010dno vino sna\u017enog tijela, tamne rubin granatne boje, zrelih tanina i intezivnih aroma bobi\u010dastog vo\u0107a.\",\"breadcrumb\":{\"@id\":\"https:\/\/pilizota-winery.com\/product\/babic-reserve-pilizota\/#breadcrumb\"},\"inLanguage\":\"en-US\",\"potentialAction\":[{\"@type\":\"ReadAction\",\"target\":[\"https:\/\/pilizota-winery.com\/product\/babic-reserve-pilizota\/\"]}]},{\"@type\":\"ImageObject\",\"inLanguage\":\"en-US\",\"@id\":\"https:\/\/pilizota-winery.com\/product\/babic-reserve-pilizota\/#primaryimage\",\"url\":\"https:\/\/pilizota-winery.com\/wp-content\/uploads\/2025\/05\/babic-reserve-gl.png\",\"contentUrl\":\"https:\/\/pilizota-winery.com\/wp-content\/uploads\/2025\/05\/babic-reserve-gl.png\",\"width\":1000,\"height\":1000},{\"@type\":\"BreadcrumbList\",\"@id\":\"https:\/\/pilizota-winery.com\/product\/babic-reserve-pilizota\/#breadcrumb\",\"itemListElement\":[{\"@type\":\"ListItem\",\"position\":1,\"name\":\"Po\u010detna stranica\",\"item\":\"https:\/\/pilizota-winery.com\/\"},{\"@type\":\"ListItem\",\"position\":2,\"name\":\"Shop\",\"item\":\"https:\/\/pilizota-winery.com\/shop\/\"},{\"@type\":\"ListItem\",\"position\":3,\"name\":\"Babi\u0107 Reserve Pili\u017eota \u0160ibenik &#8211; vrhunsko hrvatsko vino iz Dalmacije\"}]},{\"@type\":\"WebSite\",\"@id\":\"https:\/\/pilizota-winery.com\/#website\",\"url\":\"https:\/\/pilizota-winery.com\/\",\"name\":\"Pili\u017eota winery\",\"description\":\"Pilizota winery \u2013 autohtona vina Dalmacije: Babi\u0107 i Plavina\",\"publisher\":{\"@id\":\"https:\/\/pilizota-winery.com\/#organization\"},\"potentialAction\":[{\"@type\":\"SearchAction\",\"target\":{\"@type\":\"EntryPoint\",\"urlTemplate\":\"https:\/\/pilizota-winery.com\/?s={search_term_string}\"},\"query-input\":{\"@type\":\"PropertyValueSpecification\",\"valueRequired\":true,\"valueName\":\"search_term_string\"}}],\"inLanguage\":\"en-US\"},{\"@type\":\"Organization\",\"@id\":\"https:\/\/pilizota-winery.com\/#organization\",\"name\":\"Pili\u017eota winery\",\"url\":\"https:\/\/pilizota-winery.com\/\",\"logo\":{\"@type\":\"ImageObject\",\"inLanguage\":\"en-US\",\"@id\":\"https:\/\/pilizota-winery.com\/#\/schema\/logo\/image\/\",\"url\":\"https:\/\/pilizota-winery.com\/wp-content\/uploads\/2025\/07\/Frame-228.png\",\"contentUrl\":\"https:\/\/pilizota-winery.com\/wp-content\/uploads\/2025\/07\/Frame-228.png\",\"width\":688,\"height\":185,\"caption\":\"Pili\u017eota winery\"},\"image\":{\"@id\":\"https:\/\/pilizota-winery.com\/#\/schema\/logo\/image\/\"}}]}<\/script>\n<!-- \/ Yoast SEO plugin. -->","yoast_head_json":{"title":"Babi\u0107 Reserve Pili\u017eota \u0160ibenik - vrhunsko hrvatsko vino iz Dalmacije - Pili\u017eota winery","description":"a warm, harmonious, full-bodied wine of deep ruby garnet color, with mature tannins and intense berry aromas.","robots":{"index":"index","follow":"follow","max-snippet":"max-snippet:-1","max-image-preview":"max-image-preview:large","max-video-preview":"max-video-preview:-1"},"canonical":"https:\/\/pilizota-winery.com\/en\/product\/babic-reserve-pilizota\/","og_locale":"en_US","og_type":"article","og_title":"Babi\u0107 Reserve Pili\u017eota \u0160ibenik - vrhunsko hrvatsko vino iz Dalmacije - Pili\u017eota winery","og_description":"Toplo, harmoni\u010dno vino sna\u017enog tijela, tamne rubin granatne boje, zrelih tanina i intezivnih aroma bobi\u010dastog vo\u0107a.","og_url":"https:\/\/pilizota-winery.com\/en\/product\/babic-reserve-pilizota\/","og_site_name":"Pili\u017eota winery","article_modified_time":"2026-02-11T19:39:44+00:00","og_image":[{"width":1000,"height":1000,"url":"https:\/\/pilizota-winery.com\/wp-content\/uploads\/2025\/05\/babic-reserve-gl.png","type":"image\/png"}],"twitter_card":"summary_large_image","twitter_misc":{"Est. reading time":"2 minutes"},"schema":{"@context":"https:\/\/schema.org","@graph":[{"@type":"WebPage","@id":"https:\/\/pilizota-winery.com\/product\/babic-reserve-pilizota\/","url":"https:\/\/pilizota-winery.com\/product\/babic-reserve-pilizota\/","name":"Babi\u0107 Reserve Pili\u017eota \u0160ibenik - vrhunsko hrvatsko vino iz Dalmacije - Pili\u017eota winery","isPartOf":{"@id":"https:\/\/pilizota-winery.com\/#website"},"primaryImageOfPage":{"@id":"https:\/\/pilizota-winery.com\/product\/babic-reserve-pilizota\/#primaryimage"},"image":{"@id":"https:\/\/pilizota-winery.com\/product\/babic-reserve-pilizota\/#primaryimage"},"thumbnailUrl":"https:\/\/pilizota-winery.com\/wp-content\/uploads\/2025\/05\/babic-reserve-gl.png","datePublished":"2025-05-08T09:05:16+00:00","dateModified":"2026-02-11T19:39:44+00:00","description":"a warm, harmonious, full-bodied wine of deep ruby garnet color, with mature tannins and intense berry aromas.","breadcrumb":{"@id":"https:\/\/pilizota-winery.com\/product\/babic-reserve-pilizota\/#breadcrumb"},"inLanguage":"en-US","potentialAction":[{"@type":"ReadAction","target":["https:\/\/pilizota-winery.com\/product\/babic-reserve-pilizota\/"]}]},{"@type":"ImageObject","inLanguage":"en-US","@id":"https:\/\/pilizota-winery.com\/product\/babic-reserve-pilizota\/#primaryimage","url":"https:\/\/pilizota-winery.com\/wp-content\/uploads\/2025\/05\/babic-reserve-gl.png","contentUrl":"https:\/\/pilizota-winery.com\/wp-content\/uploads\/2025\/05\/babic-reserve-gl.png","width":1000,"height":1000},{"@type":"BreadcrumbList","@id":"https:\/\/pilizota-winery.com\/product\/babic-reserve-pilizota\/#breadcrumb","itemListElement":[{"@type":"ListItem","position":1,"name":"Po\u010detna stranica","item":"https:\/\/pilizota-winery.com\/"},{"@type":"ListItem","position":2,"name":"Shop","item":"https:\/\/pilizota-winery.com\/shop\/"},{"@type":"ListItem","position":3,"name":"Babi\u0107 Reserve Pili\u017eota \u0160ibenik &#8211; vrhunsko hrvatsko vino iz Dalmacije"}]},{"@type":"WebSite","@id":"https:\/\/pilizota-winery.com\/#website","url":"https:\/\/pilizota-winery.com\/","name":"Pili\u017eota winery","description":"Pilizota winery \u2013 autohtona vina Dalmacije: Babi\u0107 i Plavina","publisher":{"@id":"https:\/\/pilizota-winery.com\/#organization"},"potentialAction":[{"@type":"SearchAction","target":{"@type":"EntryPoint","urlTemplate":"https:\/\/pilizota-winery.com\/?s={search_term_string}"},"query-input":{"@type":"PropertyValueSpecification","valueRequired":true,"valueName":"search_term_string"}}],"inLanguage":"en-US"},{"@type":"Organization","@id":"https:\/\/pilizota-winery.com\/#organization","name":"Pili\u017eota winery","url":"https:\/\/pilizota-winery.com\/","logo":{"@type":"ImageObject","inLanguage":"en-US","@id":"https:\/\/pilizota-winery.com\/#\/schema\/logo\/image\/","url":"https:\/\/pilizota-winery.com\/wp-content\/uploads\/2025\/07\/Frame-228.png","contentUrl":"https:\/\/pilizota-winery.com\/wp-content\/uploads\/2025\/07\/Frame-228.png","width":688,"height":185,"caption":"Pili\u017eota winery"},"image":{"@id":"https:\/\/pilizota-winery.com\/#\/schema\/logo\/image\/"}}]}},"uagb_featured_image_src":{"full":["https:\/\/pilizota-winery.com\/wp-content\/uploads\/2025\/05\/babic-reserve-gl.png",1000,1000,false],"thumbnail":["https:\/\/pilizota-winery.com\/wp-content\/uploads\/2025\/05\/babic-reserve-gl-150x150.png",150,150,true],"medium":["https:\/\/pilizota-winery.com\/wp-content\/uploads\/2025\/05\/babic-reserve-gl-300x300.png",300,300,true],"medium_large":["https:\/\/pilizota-winery.com\/wp-content\/uploads\/2025\/05\/babic-reserve-gl-768x768.png",768,768,true],"large":["https:\/\/pilizota-winery.com\/wp-content\/uploads\/2025\/05\/babic-reserve-gl.png",1000,1000,false],"1536x1536":["https:\/\/pilizota-winery.com\/wp-content\/uploads\/2025\/05\/babic-reserve-gl.png",1000,1000,false],"2048x2048":["https:\/\/pilizota-winery.com\/wp-content\/uploads\/2025\/05\/babic-reserve-gl.png",1000,1000,false],"trp-custom-language-flag":["https:\/\/pilizota-winery.com\/wp-content\/uploads\/2025\/05\/babic-reserve-gl.png",12,12,false],"woocommerce_thumbnail":["https:\/\/pilizota-winery.com\/wp-content\/uploads\/2025\/05\/babic-reserve-gl-300x300.png",300,300,true],"woocommerce_single":["https:\/\/pilizota-winery.com\/wp-content\/uploads\/2025\/05\/babic-reserve-gl-600x600.png",600,600,true],"woocommerce_gallery_thumbnail":["https:\/\/pilizota-winery.com\/wp-content\/uploads\/2025\/05\/babic-reserve-gl-100x100.png",100,100,true]},"uagb_author_info":{"display_name":"Vlasta Pili\u017eota","author_link":"https:\/\/pilizota-winery.com\/en\/author\/"},"uagb_comment_info":1,"uagb_excerpt":"Toplo, harmoni\u010dno vino sna\u017enog tijela, tamne rubin granatne boje, zrelih tanina i intezivnih aroma bobi\u010dastog vo\u0107a.","_links":{"self":[{"href":"https:\/\/pilizota-winery.com\/en\/wp-json\/wp\/v2\/product\/2318","targetHints":{"allow":["GET"]}}],"collection":[{"href":"https:\/\/pilizota-winery.com\/en\/wp-json\/wp\/v2\/product"}],"about":[{"href":"https:\/\/pilizota-winery.com\/en\/wp-json\/wp\/v2\/types\/product"}],"replies":[{"embeddable":true,"href":"https:\/\/pilizota-winery.com\/en\/wp-json\/wp\/v2\/comments?post=2318"}],"wp:featuredmedia":[{"embeddable":true,"href":"https:\/\/pilizota-winery.com\/en\/wp-json\/wp\/v2\/media\/2281"}],"wp:attachment":[{"href":"https:\/\/pilizota-winery.com\/en\/wp-json\/wp\/v2\/media?parent=2318"}],"wp:term":[{"taxonomy":"product_brand","embeddable":true,"href":"https:\/\/pilizota-winery.com\/en\/wp-json\/wp\/v2\/product_brand?post=2318"},{"taxonomy":"product_cat","embeddable":true,"href":"https:\/\/pilizota-winery.com\/en\/wp-json\/wp\/v2\/product_cat?post=2318"},{"taxonomy":"product_tag","embeddable":true,"href":"https:\/\/pilizota-winery.com\/en\/wp-json\/wp\/v2\/product_tag?post=2318"}],"curies":[{"name":"wp","href":"https:\/\/api.w.org\/{rel}","templated":true}]}}