{"id":843,"date":"2025-05-06T07:16:39","date_gmt":"2025-05-06T07:16:39","guid":{"rendered":"http:\/\/pilizota-winery.com\/about-us\/"},"modified":"2026-04-14T11:50:36","modified_gmt":"2026-04-14T11:50:36","slug":"sibenik-pilizota-vina","status":"publish","type":"page","link":"https:\/\/pilizota-winery.com\/en\/sibenik-pilizota-vina\/","title":{"rendered":"\u0160ibenik"},"content":{"rendered":"<div class=\"wp-block-uagb-container uagb-block-7kzmae9u alignfull uagb-is-root-container\">\n<div class=\"wp-block-uagb-info-box uagb-block-yqbhtsco uagb-infobox__content-wrap  uagb-infobox-icon-above-title uagb-infobox-image-valign-top\"><div class=\"uagb-ifb-content\"><div class=\"uagb-ifb-title-wrap\"><h1 class=\"uagb-ifb-title\">On a rock above the sea,<br>in the heart of Dalmatia<\/h1><\/div><\/div><\/div>\n<\/div>\n\n\n\n<div class=\"wp-block-uagb-container uagb-block-vwyit6lk alignfull uagb-is-root-container\"><div class=\"uagb-container-inner-blocks-wrap\">\n<div class=\"wp-block-uagb-container uagb-block-votxgpol\">\n<div class=\"wp-block-uagb-info-box uagb-block-eecyqvj9 uagb-infobox__content-wrap  uagb-infobox-icon-above-title uagb-infobox-image-valign-top wp-block-uagb-info-box--has-margin\"><div class=\"uagb-infobox-margin-wrapper\"><div class=\"uagb-ifb-content\"><div class=\"uagb-ifb-title-wrap\"><h2 class=\"uagb-ifb-title\">\u0160ibenik &amp; wine<\/h2><\/div><p class=\"uagb-ifb-desc\">Embraced by ancient history and a rich winemaking tradition, \u0160ibenik lies along the stunning Adriatic coast. Famous for its sun-soaked vineyards and breathtaking landscapes, this coastal town offers a captivating experience for wine lovers.<br>Among the many grape varieties that have earned recognition, Babi\u0107 and Plavina are true delights for the palate.<br>\u200b<br>These indigenous red grape varieties find their perfect home in the sunlit vineyards of \u0160ibenik. The terroir of this region - marked by a mild Mediterranean climate and stony soils - gives them their specific character.<br>The proximity to the sea and abundant Dalmatian sunshine contribute to deep, rich flavors, making these wines a favorite among wine enthusiasts.<\/p><\/div><\/div><\/div>\n\n\n\n<div class=\"wp-block-uagb-image alignleft uagb-block-nz6wmjnq wp-block-uagb-image--layout-default wp-block-uagb-image--effect-static wp-block-uagb-image--align-left\"><figure class=\"wp-block-uagb-image__figure\"><img decoding=\"async\" srcset=\"https:\/\/pilizota-winery.com\/wp-content\/uploads\/2025\/07\/iStock-177342106-1024x523.jpg ,https:\/\/pilizota-winery.com\/wp-content\/uploads\/2025\/07\/iStock-177342106-scaled.jpg 780w, https:\/\/pilizota-winery.com\/wp-content\/uploads\/2025\/07\/iStock-177342106-scaled.jpg 360w\" sizes=\"auto, (max-width: 480px) 150px\" src=\"https:\/\/pilizota-winery.com\/wp-content\/uploads\/2025\/07\/iStock-177342106-1024x523.jpg\" alt=\"\" class=\"uag-image-2513\" width=\"564\" height=\"376\" title=\"Pilizota vineyard\" loading=\"lazy\" role=\"img\"\/><\/figure><\/div>\n\n\n\n<div class=\"wp-block-uagb-info-box uagb-block-vt6rvlxn uagb-infobox__content-wrap  uagb-infobox-icon-above-title uagb-infobox-image-valign-top wp-block-uagb-info-box--has-margin\"><div class=\"uagb-infobox-margin-wrapper\"><div class=\"uagb-ifb-content\"><div class=\"uagb-ifb-title-wrap\"><h3 class=\"uagb-ifb-title\"><br><\/h3><\/div><p class=\"uagb-ifb-desc\">Exploring \u0160ibenik\u2019s wine scene is not just about wine - it is a story of centuries-old tradition and a deep connection to the land. As the sun sets over the Adriatic Sea, painting the sky in shades of orange and pink, you will understand that sipping Babi\u0107 and Plavina from the Pili\u017eota family winery is not just a drink \u2013 it is an experience of \u0160ibenik\u2019s history, culture and soul.<\/p><\/div><\/div><\/div>\n<\/div>\n\n\n\n<div class=\"wp-block-uagb-container uagb-block-sjiheidv\">\n<div class=\"wp-block-uagb-image alignleft uagb-block-w4rjgu0j wp-block-uagb-image--layout-default wp-block-uagb-image--effect-static wp-block-uagb-image--align-left\"><figure class=\"wp-block-uagb-image__figure\"><img decoding=\"async\" srcset=\"https:\/\/pilizota-winery.com\/wp-content\/uploads\/2025\/07\/IMG-20250706-WA0002-e1751969422233-982x1024.jpg ,https:\/\/pilizota-winery.com\/wp-content\/uploads\/2025\/07\/IMG-20250706-WA0002-e1751969422233.jpg 780w, httpss:\/\/pilizota-winery.com\/wp-content\/uploads\/2025\/07\/IMG-20250706-WA0002-e1751969422233-288x300.jpg 360w\" sizes=\"auto, (max-width: 480px) 150px\" src=\"https:\/\/pilizota-winery.com\/wp-content\/uploads\/2025\/07\/IMG-20250706-WA0002-e1751969422233-982x1024.jpg\" alt=\"\" class=\"uag-image-2495\" width=\"555\" height=\"559\" title=\"IMG-20250706-WA0002\" loading=\"lazy\" role=\"img\"\/><\/figure><\/div>\n\n\n\n<div class=\"wp-block-uagb-info-box uagb-block-h2oqaqxn uagb-infobox__content-wrap  uagb-infobox-icon-above-title uagb-infobox-image-valign-top wp-block-uagb-info-box--has-margin\"><div class=\"uagb-infobox-margin-wrapper\"><div class=\"uagb-ifb-content\"><div class=\"uagb-ifb-title-wrap\"><\/div><p class=\"uagb-ifb-desc\">One cannot speak of Babi\u0107 and Plavina without mentioning the passion and dedication of our winery in crafting exceptional wines. The Pili\u017eota family has been deeply rooted in the \u0160ibenik community since the 15th century, nurturing tradition and craftsmanship that are reflected in every bottle of Babi\u0107 and Plavina we produce.<br>\u200b\u200b<br>Enjoying Babi\u0107 and Plavina wines takes you on a sensory journey through the landscapes of \u0160ibenik.<br>These wines boast warmth and a full body, rich ruby color and refreshing aromas of wild berries and Mediterranean herbs.<br>Their harmonious flavor, perfectly balanced fruitiness and gentle tannins capture the very essence of \u0160ibenik: bold and harmonious.<br>\u200b<\/p><\/div><\/div><\/div>\n\n\n\n<div class=\"wp-block-uagb-image alignleft uagb-block-svxgvtoh wp-block-uagb-image--layout-default wp-block-uagb-image--effect-static wp-block-uagb-image--align-left\"><figure class=\"wp-block-uagb-image__figure\"><img decoding=\"async\" srcset=\"https:\/\/pilizota-winery.com\/wp-content\/uploads\/2025\/07\/iStock-478929378-1024x685.jpg ,https:\/\/pilizota-winery.com\/wp-content\/uploads\/2025\/07\/iStock-478929378-scaled.jpg 780w, https:\/\/pilizota-winery.com\/wp-content\/uploads\/2025\/07\/iStock-478929378-scaled.jpg 360w\" sizes=\"auto, (max-width: 480px) 150px\" src=\"https:\/\/pilizota-winery.com\/wp-content\/uploads\/2025\/07\/iStock-478929378-1024x685.jpg\" alt=\"\" class=\"uag-image-2505\" width=\"564\" height=\"376\" title=\"French oak barrels stacked at the winery\" loading=\"lazy\" role=\"img\"\/><\/figure><\/div>\n<\/div>\n<\/div><\/div>","protected":false},"excerpt":{"rendered":"","protected":false},"author":1,"featured_media":0,"parent":0,"menu_order":0,"comment_status":"closed","ping_status":"closed","template":"","meta":{"_uag_custom_page_level_css":"","site-sidebar-layout":"no-sidebar","site-content-layout":"page-builder","ast-site-content-layout":"full-width-container","site-content-style":"unboxed","site-sidebar-style":"unboxed","ast-global-header-display":"","ast-banner-title-visibility":"","ast-main-header-display":"","ast-hfb-above-header-display":"","ast-hfb-below-header-display":"","ast-hfb-mobile-header-display":"","site-post-title":"disabled","ast-breadcrumbs-content":"","ast-featured-img":"","footer-sml-layout":"","ast-disable-related-posts":"","theme-transparent-header-meta":"","adv-header-id-meta":"","stick-header-meta":"","header-above-stick-meta":"","header-main-stick-meta":"","header-below-stick-meta":"","astra-migrate-meta-layouts":"set","ast-page-background-enabled":"default","ast-page-background-meta":{"desktop":{"background-color":"var(--ast-global-color-4)","background-image":"","background-repeat":"repeat","background-position":"center center","background-size":"auto","background-attachment":"scroll","background-type":"","background-media":"","overlay-type":"","overlay-color":"","overlay-opacity":"","overlay-gradient":""},"tablet":{"background-color":"","background-image":"","background-repeat":"repeat","background-position":"center center","background-size":"auto","background-attachment":"scroll","background-type":"","background-media":"","overlay-type":"","overlay-color":"","overlay-opacity":"","overlay-gradient":""},"mobile":{"background-color":"","background-image":"","background-repeat":"repeat","background-position":"center center","background-size":"auto","background-attachment":"scroll","background-type":"","background-media":"","overlay-type":"","overlay-color":"","overlay-opacity":"","overlay-gradient":""}},"ast-content-background-meta":{"desktop":{"background-color":"var(--ast-global-color-5)","background-image":"","background-repeat":"repeat","background-position":"center center","background-size":"auto","background-attachment":"scroll","background-type":"","background-media":"","overlay-type":"","overlay-color":"","overlay-opacity":"","overlay-gradient":""},"tablet":{"background-color":"var(--ast-global-color-5)","background-image":"","background-repeat":"repeat","background-position":"center center","background-size":"auto","background-attachment":"scroll","background-type":"","background-media":"","overlay-type":"","overlay-color":"","overlay-opacity":"","overlay-gradient":""},"mobile":{"background-color":"var(--ast-global-color-5)","background-image":"","background-repeat":"repeat","background-position":"center center","background-size":"auto","background-attachment":"scroll","background-type":"","background-media":"","overlay-type":"","overlay-color":"","overlay-opacity":"","overlay-gradient":""}},"footnotes":""},"class_list":["post-843","page","type-page","status-publish","hentry"],"yoast_head":"<!-- This site is optimized with the Yoast SEO plugin v26.9 - https:\/\/yoast.com\/product\/yoast-seo-wordpress\/ -->\n<title>\u0160ibenik - Pili\u017eota winery<\/title>\n<meta name=\"description\" content=\"Pili\u017eota winery\" \/>\n<meta name=\"robots\" content=\"index, follow, max-snippet:-1, max-image-preview:large, max-video-preview:-1\" \/>\n<link rel=\"canonical\" href=\"https:\/\/pilizota-winery.com\/en\/sibenik-pilizota-vina\/\" \/>\n<meta property=\"og:locale\" content=\"en_US\" \/>\n<meta property=\"og:type\" content=\"article\" \/>\n<meta property=\"og:title\" content=\"\u0160ibenik - Pili\u017eota winery\" \/>\n<meta property=\"og:description\" content=\"Pili\u017eota winery\" \/>\n<meta property=\"og:url\" content=\"https:\/\/pilizota-winery.com\/en\/sibenik-pilizota-vina\/\" \/>\n<meta property=\"og:site_name\" content=\"Pili\u017eota winery\" \/>\n<meta property=\"article:modified_time\" content=\"2026-04-14T11:50:36+00:00\" \/>\n<meta property=\"og:image\" content=\"http:\/\/pilizota-winery.com\/wp-content\/uploads\/2025\/07\/iStock-177342106-1024x523.jpg\" \/>\n<meta name=\"twitter:card\" content=\"summary_large_image\" \/>\n<meta name=\"twitter:label1\" content=\"Est. reading time\" \/>\n\t<meta name=\"twitter:data1\" content=\"2 minutes\" \/>\n<script type=\"application\/ld+json\" class=\"yoast-schema-graph\">{\"@context\":\"https:\/\/schema.org\",\"@graph\":[{\"@type\":\"WebPage\",\"@id\":\"https:\/\/pilizota-winery.com\/sibenik-pilizota-vina\/\",\"url\":\"https:\/\/pilizota-winery.com\/sibenik-pilizota-vina\/\",\"name\":\"\u0160ibenik - Pili\u017eota winery\",\"isPartOf\":{\"@id\":\"https:\/\/pilizota-winery.com\/#website\"},\"primaryImageOfPage\":{\"@id\":\"https:\/\/pilizota-winery.com\/sibenik-pilizota-vina\/#primaryimage\"},\"image\":{\"@id\":\"https:\/\/pilizota-winery.com\/sibenik-pilizota-vina\/#primaryimage\"},\"thumbnailUrl\":\"http:\/\/pilizota-winery.com\/wp-content\/uploads\/2025\/07\/iStock-177342106-1024x523.jpg\",\"datePublished\":\"2025-05-06T07:16:39+00:00\",\"dateModified\":\"2026-04-14T11:50:36+00:00\",\"description\":\"Pili\u017eota winery\",\"breadcrumb\":{\"@id\":\"https:\/\/pilizota-winery.com\/sibenik-pilizota-vina\/#breadcrumb\"},\"inLanguage\":\"en-US\",\"potentialAction\":[{\"@type\":\"ReadAction\",\"target\":[\"https:\/\/pilizota-winery.com\/sibenik-pilizota-vina\/\"]}]},{\"@type\":\"ImageObject\",\"inLanguage\":\"en-US\",\"@id\":\"https:\/\/pilizota-winery.com\/sibenik-pilizota-vina\/#primaryimage\",\"url\":\"http:\/\/pilizota-winery.com\/wp-content\/uploads\/2025\/07\/iStock-177342106-1024x523.jpg\",\"contentUrl\":\"http:\/\/pilizota-winery.com\/wp-content\/uploads\/2025\/07\/iStock-177342106-1024x523.jpg\"},{\"@type\":\"BreadcrumbList\",\"@id\":\"https:\/\/pilizota-winery.com\/sibenik-pilizota-vina\/#breadcrumb\",\"itemListElement\":[{\"@type\":\"ListItem\",\"position\":1,\"name\":\"Po\u010detna stranica\",\"item\":\"https:\/\/pilizota-winery.com\/\"},{\"@type\":\"ListItem\",\"position\":2,\"name\":\"\u0160ibenik\"}]},{\"@type\":\"WebSite\",\"@id\":\"https:\/\/pilizota-winery.com\/#website\",\"url\":\"https:\/\/pilizota-winery.com\/\",\"name\":\"Pili\u017eota winery\",\"description\":\"Pilizota winery \u2013 autohtona vina Dalmacije: Babi\u0107 i Plavina\",\"publisher\":{\"@id\":\"https:\/\/pilizota-winery.com\/#organization\"},\"potentialAction\":[{\"@type\":\"SearchAction\",\"target\":{\"@type\":\"EntryPoint\",\"urlTemplate\":\"https:\/\/pilizota-winery.com\/?s={search_term_string}\"},\"query-input\":{\"@type\":\"PropertyValueSpecification\",\"valueRequired\":true,\"valueName\":\"search_term_string\"}}],\"inLanguage\":\"en-US\"},{\"@type\":\"Organization\",\"@id\":\"https:\/\/pilizota-winery.com\/#organization\",\"name\":\"Pili\u017eota winery\",\"url\":\"https:\/\/pilizota-winery.com\/\",\"logo\":{\"@type\":\"ImageObject\",\"inLanguage\":\"en-US\",\"@id\":\"https:\/\/pilizota-winery.com\/#\/schema\/logo\/image\/\",\"url\":\"https:\/\/pilizota-winery.com\/wp-content\/uploads\/2025\/07\/Frame-228.png\",\"contentUrl\":\"https:\/\/pilizota-winery.com\/wp-content\/uploads\/2025\/07\/Frame-228.png\",\"width\":688,\"height\":185,\"caption\":\"Pili\u017eota winery\"},\"image\":{\"@id\":\"https:\/\/pilizota-winery.com\/#\/schema\/logo\/image\/\"}}]}<\/script>\n<!-- \/ Yoast SEO plugin. -->","yoast_head_json":{"title":"\u0160ibenik - Pili\u017eota winery","description":"Pili\u017eota winery","robots":{"index":"index","follow":"follow","max-snippet":"max-snippet:-1","max-image-preview":"max-image-preview:large","max-video-preview":"max-video-preview:-1"},"canonical":"https:\/\/pilizota-winery.com\/en\/sibenik-pilizota-vina\/","og_locale":"en_US","og_type":"article","og_title":"\u0160ibenik - Pili\u017eota winery","og_description":"Pili\u017eota winery","og_url":"https:\/\/pilizota-winery.com\/en\/sibenik-pilizota-vina\/","og_site_name":"Pili\u017eota winery","article_modified_time":"2026-04-14T11:50:36+00:00","og_image":[{"url":"http:\/\/pilizota-winery.com\/wp-content\/uploads\/2025\/07\/iStock-177342106-1024x523.jpg","type":"","width":"","height":""}],"twitter_card":"summary_large_image","twitter_misc":{"Est. reading time":"2 minutes"},"schema":{"@context":"https:\/\/schema.org","@graph":[{"@type":"WebPage","@id":"https:\/\/pilizota-winery.com\/sibenik-pilizota-vina\/","url":"https:\/\/pilizota-winery.com\/sibenik-pilizota-vina\/","name":"\u0160ibenik - Pili\u017eota winery","isPartOf":{"@id":"https:\/\/pilizota-winery.com\/#website"},"primaryImageOfPage":{"@id":"https:\/\/pilizota-winery.com\/sibenik-pilizota-vina\/#primaryimage"},"image":{"@id":"https:\/\/pilizota-winery.com\/sibenik-pilizota-vina\/#primaryimage"},"thumbnailUrl":"http:\/\/pilizota-winery.com\/wp-content\/uploads\/2025\/07\/iStock-177342106-1024x523.jpg","datePublished":"2025-05-06T07:16:39+00:00","dateModified":"2026-04-14T11:50:36+00:00","description":"Pili\u017eota winery","breadcrumb":{"@id":"https:\/\/pilizota-winery.com\/sibenik-pilizota-vina\/#breadcrumb"},"inLanguage":"en-US","potentialAction":[{"@type":"ReadAction","target":["https:\/\/pilizota-winery.com\/sibenik-pilizota-vina\/"]}]},{"@type":"ImageObject","inLanguage":"en-US","@id":"https:\/\/pilizota-winery.com\/sibenik-pilizota-vina\/#primaryimage","url":"http:\/\/pilizota-winery.com\/wp-content\/uploads\/2025\/07\/iStock-177342106-1024x523.jpg","contentUrl":"http:\/\/pilizota-winery.com\/wp-content\/uploads\/2025\/07\/iStock-177342106-1024x523.jpg"},{"@type":"BreadcrumbList","@id":"https:\/\/pilizota-winery.com\/sibenik-pilizota-vina\/#breadcrumb","itemListElement":[{"@type":"ListItem","position":1,"name":"Po\u010detna stranica","item":"https:\/\/pilizota-winery.com\/"},{"@type":"ListItem","position":2,"name":"\u0160ibenik"}]},{"@type":"WebSite","@id":"https:\/\/pilizota-winery.com\/#website","url":"https:\/\/pilizota-winery.com\/","name":"Pili\u017eota winery","description":"Pilizota winery \u2013 autohtona vina Dalmacije: Babi\u0107 i Plavina","publisher":{"@id":"https:\/\/pilizota-winery.com\/#organization"},"potentialAction":[{"@type":"SearchAction","target":{"@type":"EntryPoint","urlTemplate":"https:\/\/pilizota-winery.com\/?s={search_term_string}"},"query-input":{"@type":"PropertyValueSpecification","valueRequired":true,"valueName":"search_term_string"}}],"inLanguage":"en-US"},{"@type":"Organization","@id":"https:\/\/pilizota-winery.com\/#organization","name":"Pili\u017eota winery","url":"https:\/\/pilizota-winery.com\/","logo":{"@type":"ImageObject","inLanguage":"en-US","@id":"https:\/\/pilizota-winery.com\/#\/schema\/logo\/image\/","url":"https:\/\/pilizota-winery.com\/wp-content\/uploads\/2025\/07\/Frame-228.png","contentUrl":"https:\/\/pilizota-winery.com\/wp-content\/uploads\/2025\/07\/Frame-228.png","width":688,"height":185,"caption":"Pili\u017eota winery"},"image":{"@id":"https:\/\/pilizota-winery.com\/#\/schema\/logo\/image\/"}}]}},"uagb_featured_image_src":{"full":false,"thumbnail":false,"medium":false,"medium_large":false,"large":false,"1536x1536":false,"2048x2048":false,"trp-custom-language-flag":false,"woocommerce_thumbnail":false,"woocommerce_single":false,"woocommerce_gallery_thumbnail":false},"uagb_author_info":{"display_name":"Vlasta Pili\u017eota","author_link":"https:\/\/pilizota-winery.com\/en\/author\/admin\/"},"uagb_comment_info":0,"uagb_excerpt":null,"_links":{"self":[{"href":"https:\/\/pilizota-winery.com\/en\/wp-json\/wp\/v2\/pages\/843","targetHints":{"allow":["GET"]}}],"collection":[{"href":"https:\/\/pilizota-winery.com\/en\/wp-json\/wp\/v2\/pages"}],"about":[{"href":"https:\/\/pilizota-winery.com\/en\/wp-json\/wp\/v2\/types\/page"}],"author":[{"embeddable":true,"href":"https:\/\/pilizota-winery.com\/en\/wp-json\/wp\/v2\/users\/1"}],"replies":[{"embeddable":true,"href":"https:\/\/pilizota-winery.com\/en\/wp-json\/wp\/v2\/comments?post=843"}],"version-history":[{"count":45,"href":"https:\/\/pilizota-winery.com\/en\/wp-json\/wp\/v2\/pages\/843\/revisions"}],"predecessor-version":[{"id":3050,"href":"https:\/\/pilizota-winery.com\/en\/wp-json\/wp\/v2\/pages\/843\/revisions\/3050"}],"wp:attachment":[{"href":"https:\/\/pilizota-winery.com\/en\/wp-json\/wp\/v2\/media?parent=843"}],"curies":[{"name":"wp","href":"https:\/\/api.w.org\/{rel}","templated":true}]}}