{"id":2594,"date":"2025-07-15T13:41:20","date_gmt":"2025-07-15T13:41:20","guid":{"rendered":"https:\/\/pilizota-winery.com\/?page_id=2594"},"modified":"2025-12-07T22:45:01","modified_gmt":"2025-12-07T22:45:01","slug":"nacin-placanja","status":"publish","type":"page","link":"https:\/\/pilizota-winery.com\/en\/nacin-placanja\/","title":{"rendered":"Payment method"},"content":{"rendered":"<div class=\"wp-block-uagb-container uagb-block-ev608nqp alignfull uagb-is-root-container\"><div class=\"uagb-container-inner-blocks-wrap\">\n<div class=\"wp-block-uagb-advanced-heading uagb-block-sgwrf7ul\"><h2 class=\"uagb-heading-text\">Payment method<\/h2><\/div>\n\n\n\n<div class=\"wp-block-uagb-advanced-heading uagb-block-bjvtidhv\"><p class=\"uagb-desc-text\"><br>Stripe, E-Banking (QR-Code), Virman.<br>Payment is possible in the following ways:<br>Directly to our bank account.<br>One-time credit cards (Visa, American Express, Diners, Mastercard, Maestro, Discover, DinaCard) directly through our web shop. The credit card payment service is provided by Stripe, and the security of your data is guaranteed.<br><\/p><\/div>\n\n\n\n<p>When paying on our web store, you use Stripe, an advanced system for secure payment card acceptance via the Internet. The Stripe system ensures complete confidentiality of your card and personal data from the moment you enter it into the Stripe payment form. Payment data is transmitted encrypted from your web browser to the bank that issued your card. Our store never comes into contact with the complete data about your payment card. Also, the data is inaccessible even to Stripe system employees. The isolated core independently transfers and manages sensitive data, keeping it completely secure. The form for entering payment data is secured with the highest reliability SSL transport code. All stored data is additionally protected by encryption, using a cryptographic device certified according to the FIPS 140-2 Level 3 standard. Stripe meets all requirements related to the security of online payments prescribed by leading card brands, i.e. it operates in accordance with the standard - PCI DSS Level 1 - the highest security standard in the payment card industry. When paying with cards included in the 3-D Secure program, in addition to the validity of the card itself, your bank also confirms your identity using a token or password.<\/p>\n\n\n\n<p>Stripe considers all collected information confidential and treats it accordingly. The information is used exclusively for the purposes for which it is intended. Your sensitive data is completely safe, and its privacy is guaranteed by the most modern protection mechanisms. Only the data necessary to perform the work in accordance with the prescribed demanding procedures for online payments is collected.<\/p>\n\n\n\n<p>Security controls and operational procedures applied to our infrastructure ensure the current reliability of the Stripe system. In addition, by maintaining strict access controls, regular security monitoring and in-depth checks to prevent network vulnerabilities, and planned implementation of information security provisions, we permanently maintain and improve the level of system security by protecting your card data.<br>Thanks for using Stripe!<\/p>\n\n\n\n<p><\/p>\n\n\n\n<p><\/p>\n\n\n\n<p><\/p>\n\n\n\n<p><\/p>\n\n\n\n<p><\/p>\n<\/div><\/div>","protected":false},"excerpt":{"rendered":"<p>Na\u010din pla\u0107anja Stripe, e-banking (QR code), virman.Platiti je mogu\u0107e na sljede\u0107e na\u010dine:Direktno na na\u0161 bankovni ra\u010dun.Jednokratno kreditnim karticama (Visa, American Express, Diners, Mastercard, Maestro, Discover, DinaCard) direktno putem na\u0161eg web shopa.Uslugu pla\u0107anja kreditnim karticama osigurava Stripe te je sigurnost Va\u0161ih podataka zajam\u010dena. Pri pla\u0107anju na na\u0161oj web trgovini koristite Stripe, napredni sustav za siguran prihvat [&hellip;]<\/p>","protected":false},"author":1,"featured_media":0,"parent":0,"menu_order":0,"comment_status":"closed","ping_status":"closed","template":"","meta":{"_uag_custom_page_level_css":"","site-sidebar-layout":"default","site-content-layout":"","ast-site-content-layout":"default","site-content-style":"default","site-sidebar-style":"default","ast-global-header-display":"","ast-banner-title-visibility":"","ast-main-header-display":"","ast-hfb-above-header-display":"","ast-hfb-below-header-display":"","ast-hfb-mobile-header-display":"","site-post-title":"","ast-breadcrumbs-content":"","ast-featured-img":"","footer-sml-layout":"","ast-disable-related-posts":"","theme-transparent-header-meta":"","adv-header-id-meta":"","stick-header-meta":"","header-above-stick-meta":"","header-main-stick-meta":"","header-below-stick-meta":"","astra-migrate-meta-layouts":"set","ast-page-background-enabled":"default","ast-page-background-meta":{"desktop":{"background-color":"var(--ast-global-color-4)","background-image":"","background-repeat":"repeat","background-position":"center center","background-size":"auto","background-attachment":"scroll","background-type":"","background-media":"","overlay-type":"","overlay-color":"","overlay-opacity":"","overlay-gradient":""},"tablet":{"background-color":"","background-image":"","background-repeat":"repeat","background-position":"center center","background-size":"auto","background-attachment":"scroll","background-type":"","background-media":"","overlay-type":"","overlay-color":"","overlay-opacity":"","overlay-gradient":""},"mobile":{"background-color":"","background-image":"","background-repeat":"repeat","background-position":"center center","background-size":"auto","background-attachment":"scroll","background-type":"","background-media":"","overlay-type":"","overlay-color":"","overlay-opacity":"","overlay-gradient":""}},"ast-content-background-meta":{"desktop":{"background-color":"var(--ast-global-color-5)","background-image":"","background-repeat":"repeat","background-position":"center center","background-size":"auto","background-attachment":"scroll","background-type":"","background-media":"","overlay-type":"","overlay-color":"","overlay-opacity":"","overlay-gradient":""},"tablet":{"background-color":"var(--ast-global-color-5)","background-image":"","background-repeat":"repeat","background-position":"center center","background-size":"auto","background-attachment":"scroll","background-type":"","background-media":"","overlay-type":"","overlay-color":"","overlay-opacity":"","overlay-gradient":""},"mobile":{"background-color":"var(--ast-global-color-5)","background-image":"","background-repeat":"repeat","background-position":"center center","background-size":"auto","background-attachment":"scroll","background-type":"","background-media":"","overlay-type":"","overlay-color":"","overlay-opacity":"","overlay-gradient":""}},"footnotes":""},"class_list":["post-2594","page","type-page","status-publish","hentry"],"yoast_head":"<!-- This site is optimized with the Yoast SEO plugin v26.9 - https:\/\/yoast.com\/product\/yoast-seo-wordpress\/ -->\n<title>Na\u010din pla\u0107anja - Pili\u017eota winery<\/title>\n<meta name=\"description\" content=\"Pili\u017eota winery\" \/>\n<meta name=\"robots\" content=\"index, follow, max-snippet:-1, max-image-preview:large, max-video-preview:-1\" \/>\n<link rel=\"canonical\" href=\"https:\/\/pilizota-winery.com\/en\/nacin-placanja\/\" \/>\n<meta property=\"og:locale\" content=\"en_US\" \/>\n<meta property=\"og:type\" content=\"article\" \/>\n<meta property=\"og:title\" content=\"Na\u010din pla\u0107anja - Pili\u017eota winery\" \/>\n<meta property=\"og:description\" content=\"Pili\u017eota winery\" \/>\n<meta property=\"og:url\" content=\"https:\/\/pilizota-winery.com\/en\/nacin-placanja\/\" \/>\n<meta property=\"og:site_name\" content=\"Pili\u017eota winery\" \/>\n<meta property=\"article:modified_time\" content=\"2025-12-07T22:45:01+00:00\" \/>\n<meta property=\"og:image\" content=\"https:\/\/pilizota-winery.com\/wp-content\/uploads\/2025\/05\/SVE_BUTELJE_NA_BIJELOJ_POZADINI__12_-1-1_edited-removebg-preview.png\" \/>\n\t<meta property=\"og:image:width\" content=\"999\" \/>\n\t<meta property=\"og:image:height\" content=\"250\" \/>\n\t<meta property=\"og:image:type\" content=\"image\/png\" \/>\n<meta name=\"twitter:card\" content=\"summary_large_image\" \/>\n<meta name=\"twitter:label1\" content=\"Est. reading time\" \/>\n\t<meta name=\"twitter:data1\" content=\"2 minutes\" \/>\n<script type=\"application\/ld+json\" class=\"yoast-schema-graph\">{\"@context\":\"https:\/\/schema.org\",\"@graph\":[{\"@type\":\"WebPage\",\"@id\":\"https:\/\/pilizota-winery.com\/nacin-placanja\/\",\"url\":\"https:\/\/pilizota-winery.com\/nacin-placanja\/\",\"name\":\"Na\u010din pla\u0107anja - Pili\u017eota winery\",\"isPartOf\":{\"@id\":\"https:\/\/pilizota-winery.com\/#website\"},\"datePublished\":\"2025-07-15T13:41:20+00:00\",\"dateModified\":\"2025-12-07T22:45:01+00:00\",\"description\":\"Pili\u017eota winery\",\"breadcrumb\":{\"@id\":\"https:\/\/pilizota-winery.com\/nacin-placanja\/#breadcrumb\"},\"inLanguage\":\"en-US\",\"potentialAction\":[{\"@type\":\"ReadAction\",\"target\":[\"https:\/\/pilizota-winery.com\/nacin-placanja\/\"]}]},{\"@type\":\"BreadcrumbList\",\"@id\":\"https:\/\/pilizota-winery.com\/nacin-placanja\/#breadcrumb\",\"itemListElement\":[{\"@type\":\"ListItem\",\"position\":1,\"name\":\"Po\u010detna stranica\",\"item\":\"https:\/\/pilizota-winery.com\/\"},{\"@type\":\"ListItem\",\"position\":2,\"name\":\"Na\u010din pla\u0107anja\"}]},{\"@type\":\"WebSite\",\"@id\":\"https:\/\/pilizota-winery.com\/#website\",\"url\":\"https:\/\/pilizota-winery.com\/\",\"name\":\"Pili\u017eota winery\",\"description\":\"Pilizota winery \u2013 autohtona vina Dalmacije: Babi\u0107 i Plavina\",\"publisher\":{\"@id\":\"https:\/\/pilizota-winery.com\/#organization\"},\"potentialAction\":[{\"@type\":\"SearchAction\",\"target\":{\"@type\":\"EntryPoint\",\"urlTemplate\":\"https:\/\/pilizota-winery.com\/?s={search_term_string}\"},\"query-input\":{\"@type\":\"PropertyValueSpecification\",\"valueRequired\":true,\"valueName\":\"search_term_string\"}}],\"inLanguage\":\"en-US\"},{\"@type\":\"Organization\",\"@id\":\"https:\/\/pilizota-winery.com\/#organization\",\"name\":\"Pili\u017eota winery\",\"url\":\"https:\/\/pilizota-winery.com\/\",\"logo\":{\"@type\":\"ImageObject\",\"inLanguage\":\"en-US\",\"@id\":\"https:\/\/pilizota-winery.com\/#\/schema\/logo\/image\/\",\"url\":\"https:\/\/pilizota-winery.com\/wp-content\/uploads\/2025\/07\/Frame-228.png\",\"contentUrl\":\"https:\/\/pilizota-winery.com\/wp-content\/uploads\/2025\/07\/Frame-228.png\",\"width\":688,\"height\":185,\"caption\":\"Pili\u017eota winery\"},\"image\":{\"@id\":\"https:\/\/pilizota-winery.com\/#\/schema\/logo\/image\/\"}}]}<\/script>\n<!-- \/ Yoast SEO plugin. -->","yoast_head_json":{"title":"Na\u010din pla\u0107anja - Pili\u017eota winery","description":"Pili\u017eota winery","robots":{"index":"index","follow":"follow","max-snippet":"max-snippet:-1","max-image-preview":"max-image-preview:large","max-video-preview":"max-video-preview:-1"},"canonical":"https:\/\/pilizota-winery.com\/en\/nacin-placanja\/","og_locale":"en_US","og_type":"article","og_title":"Na\u010din pla\u0107anja - Pili\u017eota winery","og_description":"Pili\u017eota winery","og_url":"https:\/\/pilizota-winery.com\/en\/nacin-placanja\/","og_site_name":"Pili\u017eota winery","article_modified_time":"2025-12-07T22:45:01+00:00","og_image":[{"width":999,"height":250,"url":"https:\/\/pilizota-winery.com\/wp-content\/uploads\/2025\/05\/SVE_BUTELJE_NA_BIJELOJ_POZADINI__12_-1-1_edited-removebg-preview.png","type":"image\/png"}],"twitter_card":"summary_large_image","twitter_misc":{"Est. reading time":"2 minutes"},"schema":{"@context":"https:\/\/schema.org","@graph":[{"@type":"WebPage","@id":"https:\/\/pilizota-winery.com\/nacin-placanja\/","url":"https:\/\/pilizota-winery.com\/nacin-placanja\/","name":"Na\u010din pla\u0107anja - Pili\u017eota winery","isPartOf":{"@id":"https:\/\/pilizota-winery.com\/#website"},"datePublished":"2025-07-15T13:41:20+00:00","dateModified":"2025-12-07T22:45:01+00:00","description":"Pili\u017eota winery","breadcrumb":{"@id":"https:\/\/pilizota-winery.com\/nacin-placanja\/#breadcrumb"},"inLanguage":"en-US","potentialAction":[{"@type":"ReadAction","target":["https:\/\/pilizota-winery.com\/nacin-placanja\/"]}]},{"@type":"BreadcrumbList","@id":"https:\/\/pilizota-winery.com\/nacin-placanja\/#breadcrumb","itemListElement":[{"@type":"ListItem","position":1,"name":"Po\u010detna stranica","item":"https:\/\/pilizota-winery.com\/"},{"@type":"ListItem","position":2,"name":"Na\u010din pla\u0107anja"}]},{"@type":"WebSite","@id":"https:\/\/pilizota-winery.com\/#website","url":"https:\/\/pilizota-winery.com\/","name":"Pili\u017eota winery","description":"Pilizota winery \u2013 autohtona vina Dalmacije: Babi\u0107 i Plavina","publisher":{"@id":"https:\/\/pilizota-winery.com\/#organization"},"potentialAction":[{"@type":"SearchAction","target":{"@type":"EntryPoint","urlTemplate":"https:\/\/pilizota-winery.com\/?s={search_term_string}"},"query-input":{"@type":"PropertyValueSpecification","valueRequired":true,"valueName":"search_term_string"}}],"inLanguage":"en-US"},{"@type":"Organization","@id":"https:\/\/pilizota-winery.com\/#organization","name":"Pili\u017eota winery","url":"https:\/\/pilizota-winery.com\/","logo":{"@type":"ImageObject","inLanguage":"en-US","@id":"https:\/\/pilizota-winery.com\/#\/schema\/logo\/image\/","url":"https:\/\/pilizota-winery.com\/wp-content\/uploads\/2025\/07\/Frame-228.png","contentUrl":"https:\/\/pilizota-winery.com\/wp-content\/uploads\/2025\/07\/Frame-228.png","width":688,"height":185,"caption":"Pili\u017eota winery"},"image":{"@id":"https:\/\/pilizota-winery.com\/#\/schema\/logo\/image\/"}}]}},"uagb_featured_image_src":{"full":false,"thumbnail":false,"medium":false,"medium_large":false,"large":false,"1536x1536":false,"2048x2048":false,"trp-custom-language-flag":false,"woocommerce_thumbnail":false,"woocommerce_single":false,"woocommerce_gallery_thumbnail":false},"uagb_author_info":{"display_name":"Vlasta Pili\u017eota","author_link":"https:\/\/pilizota-winery.com\/en\/author\/admin\/"},"uagb_comment_info":0,"uagb_excerpt":"Na\u010din pla\u0107anja Stripe, e-banking (QR code), virman.Platiti je mogu\u0107e na sljede\u0107e na\u010dine:Direktno na na\u0161 bankovni ra\u010dun.Jednokratno kreditnim karticama (Visa, American Express, Diners, Mastercard, Maestro, Discover, DinaCard) direktno putem na\u0161eg web shopa.Uslugu pla\u0107anja kreditnim karticama osigurava Stripe te je sigurnost Va\u0161ih podataka zajam\u010dena. Pri pla\u0107anju na na\u0161oj web trgovini koristite Stripe, napredni sustav za siguran prihvat&hellip;","_links":{"self":[{"href":"https:\/\/pilizota-winery.com\/en\/wp-json\/wp\/v2\/pages\/2594","targetHints":{"allow":["GET"]}}],"collection":[{"href":"https:\/\/pilizota-winery.com\/en\/wp-json\/wp\/v2\/pages"}],"about":[{"href":"https:\/\/pilizota-winery.com\/en\/wp-json\/wp\/v2\/types\/page"}],"author":[{"embeddable":true,"href":"https:\/\/pilizota-winery.com\/en\/wp-json\/wp\/v2\/users\/1"}],"replies":[{"embeddable":true,"href":"https:\/\/pilizota-winery.com\/en\/wp-json\/wp\/v2\/comments?post=2594"}],"version-history":[{"count":10,"href":"https:\/\/pilizota-winery.com\/en\/wp-json\/wp\/v2\/pages\/2594\/revisions"}],"predecessor-version":[{"id":2767,"href":"https:\/\/pilizota-winery.com\/en\/wp-json\/wp\/v2\/pages\/2594\/revisions\/2767"}],"wp:attachment":[{"href":"https:\/\/pilizota-winery.com\/en\/wp-json\/wp\/v2\/media?parent=2594"}],"curies":[{"name":"wp","href":"https:\/\/api.w.org\/{rel}","templated":true}]}}