{"id":2467,"date":"2025-07-08T09:43:06","date_gmt":"2025-07-08T09:43:06","guid":{"rendered":"https:\/\/pilizota-winery.com\/?page_id=2467"},"modified":"2026-02-13T18:24:52","modified_gmt":"2026-02-13T18:24:52","slug":"gdje-kupiti","status":"publish","type":"page","link":"https:\/\/pilizota-winery.com\/en\/gdje-kupiti\/","title":{"rendered":"Where to buy"},"content":{"rendered":"<div class=\"wp-block-uagb-container uagb-block-utwths5s alignfull uagb-is-root-container\"><div class=\"uagb-container-inner-blocks-wrap\">\n<div class=\"wp-block-uagb-info-box uagb-block-ozpwppkm uagb-infobox__content-wrap  uagb-infobox-icon-above-title uagb-infobox-image-valign-top\"><div class=\"uagb-ifb-content\"><div class=\"uagb-ifb-title-wrap\"><h2 class=\"uagb-ifb-title\">Where to buy our wines<br><\/h2><\/div><\/div><\/div>\n\n\n\n<div class=\"wp-block-uagb-info-box uagb-block-c08b31f9 uagb-infobox__content-wrap  uagb-infobox-icon-above-title uagb-infobox-image-valign-top\"><div class=\"uagb-ifb-content\"><div class=\"uagb-ifb-title-wrap\"><h2 class=\"uagb-ifb-title\">Our indigenous wines, Babi\u0107 and Plavina, are available in Croatia, the EU, the USA and Australia and are distributed through a select network of distributors. We were the first exporters of these wines from Croatia to the USA and are today among the best-positioned producers on the world's largest and most demanding wine market.<br>Long-term availability, stable distribution, and several thousand reviews on Vivino - the world\u2019s largest online wine rating and purchasing platform - confirm the trust of consumers and the quality of our wines.<br>On this page, you can find information on where to purchase our wines by market and sales channel.<br><br>CROATIA, EU, AUSTRALIA<br>Our wines are available in these markets through specialized distributors and wine retailers who recognize the value of indigenous Dalmatian wines.<br>For information on availability in individual EU countries, please feel free to contact us or check the current offer with our distributors.<br>The following wines are available:<br><br>Babi\u0107 Pili\u017eota Dalmacija<br>Babi\u0107 Reserve Pili\u017eota \u0160ibenik<br>Plavina Pili\u017eota Dalmacija<br>Plavina Reserve Pili\u017eota \u0160ibenik<br><br>USA<br>Our winery has maintained a long-standing and continuous presence on the US market, where we are recognized as pioneers in introducing the Babi\u0107 and Plavina grape varieties to American wine lovers. Our wines are available through authorized distributors, wine shops, restaurants and online sales channels in most US states. <br>The following wines are available:<br><br>Babic Pilizota USA<br>Babi\u0107 Reserve Pilizota USA<br>Plavina Pili\u017eota USA<br>Note: These wines are available in limited quantities for the Croatian and EU markets. <\/h2><\/div><\/div><\/div>\n\n\n\n<div class=\"wp-block-uagb-container uagb-block-gakngem8\">\n<div class=\"wp-block-uagb-info-box uagb-block-8wxsntxn uagb-infobox__content-wrap  uagb-infobox-icon-above-title uagb-infobox-image-valign-top\"><div class=\"uagb-ifb-content\"><div class=\"uagb-ifb-title-wrap\"><h3 class=\"uagb-ifb-title-prefix\">Distributor for USA:<br>VINUM USA Inc.<br>69 Croos Rd<br>Basking Ridge<br>NJ 07920<br>USA<br>https:\/\/www.vinumusa.com<\/h3><\/div><p class=\"uagb-ifb-desc\">ADEGA WINE AND SPIRITS, Queens NY (NY)<br>ALLUVIAL WINES, Orinda (CA)<br>AMARO SPIRITS &amp; WINE, Brooklyn NY (NY)<br>ASTORIA LIQUORS INC., Queens NY (NY)<br>ARMANETTI WINE &amp; LIQUORS, Woodstock (IL)<br>ARTALE &amp; CO., Rockford (IL)<br>BARRIQUES, Madison (WI)<br>BAUER WINE&amp;SPIRITS, Boston (MA)<br>BED \u2013 WINE &amp; SPIRITS, Brooklyn NY (NY)<br>BINNYS BEVERAGE DEPOT, Chicago (IL)<br>BONDI WINES &amp; SPIRITS, Brooklyn NY (NY)<br>BOTTLES FINE WINE, Providence (RI)<br>CITY CENTER WINES, Boise (ID)<br>CITY WINE, Fredericksburg (VA)<br>COALTRAIN FINE WINE, Colorado Springs (CO)<br>CURTIS LIQUORS, Weymouth (MA)<br>DRINK PLG, Brooklyn NY (NY)<br>EAST SIDE CELLARS, New York (NY)<br>EVERYWINE, Houston (TX)<br>FRANCE 44, Minneapolis (MN)<br>FREE RANGE WINE &amp; SPIRITS, Brooklyn NY (NY)<br>GARFIELD&#039;S BEVERAGE WAREHOUSE, Chicago (IL)<br>GNARLY WINES, Brooklyn NY (NY)<br>GRAND WINE &amp; LIQUOR, Queens NY (NY)<br>GRANDE KREWE FINE WINE &amp; SPIRITS,<br>New Orleans (LA)<br>GRAPES &amp; GRAINS, Barrington (RI)<br>GREENWOOD GRAPE &amp; STILL, Brooklyn NY (NY)<br><\/p><\/div><\/div>\n\n\n\n<div class=\"wp-block-uagb-container uagb-block-dgtxjdmo\">\n<div class=\"wp-block-uagb-info-box uagb-block-tvmyhdjk uagb-infobox__content-wrap  uagb-infobox-icon-above-title uagb-infobox-image-valign-top wp-block-uagb-info-box--has-margin\"><div class=\"uagb-infobox-margin-wrapper\"><div class=\"uagb-ifb-content\"><div class=\"uagb-ifb-title-wrap\"><\/div><p class=\"uagb-ifb-desc\"><br>HAUPPAUGE WINE &amp; LIQUOR, Hauppauge (NY)<br>HENRY&#039;S WINE &amp; SPIRITS, Brooklyn NY (NY)<br>HYDE PARK FINE WINES, Boise (ID)<br>HOWARD STREET WINE MERCHANT, Omaha (NE)<br>IL VINO TORCHIO, Brooklyn NY (NY)<br>IN FINE SPIRITS, Chicago (IL)<br>KNIGHTS LIQUOR WAREHOUSE, Johnston (RI)<br>LINER &amp; ELSEN, Portland (OR)<br>MADISON WINE CELLAR, Madison (NY)<br>MEGA \u2013 BEV, Battle Creek (MI)<br>MID \u2013 ISLAND WINES, Hickswile (NY)<br>MINIBAR DELIVERY, Manhattan NY (NY)<br>MOLLYS BOTTLE SHOP, Seattle (WA)<br>MOUNT ROYAL BOTTLE SHOPPE, Duluth (MN)<br>MYSA NATURAL WINE, Northampton (MA)<br>NOVOVINO WINE COMPANY, Chicago (IL)<br>PETITE WINE, Seattle (WA)<br>PRUFROCK WINES, Portland (OR)<br>SHOPPERS WINES, Union (NJ)<br>SOUTH LYNDALE LIQUORS, Minneapolis (MN)<br>SYRDYKS, Minneapolis (MN)<br>THE HOUSE OF GLUNZ, Chicago (IL)<br>THE VILLAGE WINE MERCHANT, Nassau (NY)<br>WINES &amp; MORE, Cranston (RI)<br>WINE DISPENSARY, Denver (CO)<br>WINE STOP NYC, Queens NY (NY)<br>WINDMILL WINE &amp; SPIRITS, Saugerties (NY)<br>57TH STREET WINES, Chicago (IL)<\/p><\/div><\/div><\/div>\n<\/div>\n<\/div>\n<\/div><\/div>\n\n\n\n<div class=\"wp-block-uagb-container uagb-block-1f941539 alignfull uagb-is-root-container\"><div class=\"uagb-container-inner-blocks-wrap\">\n<div class=\"wp-block-uagb-container uagb-block-9788e5eb\">\n<div class=\"wp-block-uagb-info-box uagb-block-3784dfa4 uagb-infobox__content-wrap  uagb-infobox-icon-above-title uagb-infobox-image-valign-top\"><div class=\"uagb-ifb-content\"><div class=\"uagb-ifb-title-wrap\"><h3 class=\"uagb-ifb-title-prefix\">Distributor for the EU:<br>PILI\u017dOTA WINERY<br>Bana J. Jela\u010di\u0107a 13<br>22000 Sibenik<br>CROATIA<br>https:\/\/pilizota-winery.com<\/h3><\/div><\/div><\/div>\n\n\n\n<div class=\"wp-block-uagb-container uagb-block-86f469b0\">\n<div class=\"wp-block-uagb-info-box uagb-block-15a027ff uagb-infobox__content-wrap  uagb-infobox-icon-above-title uagb-infobox-image-valign-top wp-block-uagb-info-box--has-margin\"><div class=\"uagb-infobox-margin-wrapper\"><div class=\"uagb-ifb-content\"><div class=\"uagb-ifb-title-wrap\"><h4 class=\"uagb-ifb-title\">Contact<br>PILI\u017dOTA WINERY<br>Bana J. Jela\u010di\u0107a 13<br>22000 Sibenik<br>CROATIA<br>+385 (0)91 337 1502<br>info@pilizota-winery.com<\/h4><\/div><\/div><\/div><\/div>\n<\/div>\n<\/div>\n<\/div><\/div>\n\n\n\n<div class=\"wp-block-uagb-container uagb-block-cc18c0d3 alignfull uagb-is-root-container\"><div class=\"uagb-container-inner-blocks-wrap\">\n<div class=\"wp-block-uagb-info-box uagb-block-e950beb3 uagb-infobox__content-wrap  uagb-infobox-icon-above-title uagb-infobox-image-valign-top\"><div class=\"uagb-ifb-content\"><div class=\"uagb-ifb-title-wrap\"><h3 class=\"uagb-ifb-title-prefix\">Distributor for Germany:<br>BUDIMIR<br>Massenheimer weg 12<br>61352 Bad Homburg<br>DEUTSCHLAND<br>http:\/\/www.budimir.info<\/h3><\/div><\/div><\/div>\n\n\n\n<div class=\"wp-block-uagb-container uagb-block-18571d73\">\n<div class=\"wp-block-uagb-info-box uagb-block-67bbf085 uagb-infobox__content-wrap  uagb-infobox-icon-above-title uagb-infobox-image-valign-top wp-block-uagb-info-box--has-margin\"><div class=\"uagb-infobox-margin-wrapper\"><div class=\"uagb-ifb-content\"><div class=\"uagb-ifb-title-wrap\"><h4 class=\"uagb-ifb-title\">Distributor for Australia:<br>QuelVino<br>37 Islington Street<br>Collingwood 3066<br>Melbourne<br>AUSTRALIA<br>http:\/\/quelvino.com.au<\/h4><\/div><\/div><\/div><\/div>\n<\/div>\n<\/div><\/div>","protected":false},"excerpt":{"rendered":"","protected":false},"author":1,"featured_media":0,"parent":0,"menu_order":0,"comment_status":"closed","ping_status":"closed","template":"","meta":{"_uag_custom_page_level_css":"","site-sidebar-layout":"default","site-content-layout":"","ast-site-content-layout":"default","site-content-style":"default","site-sidebar-style":"default","ast-global-header-display":"","ast-banner-title-visibility":"","ast-main-header-display":"","ast-hfb-above-header-display":"","ast-hfb-below-header-display":"","ast-hfb-mobile-header-display":"","site-post-title":"","ast-breadcrumbs-content":"","ast-featured-img":"","footer-sml-layout":"","ast-disable-related-posts":"","theme-transparent-header-meta":"","adv-header-id-meta":"","stick-header-meta":"","header-above-stick-meta":"","header-main-stick-meta":"","header-below-stick-meta":"","astra-migrate-meta-layouts":"set","ast-page-background-enabled":"default","ast-page-background-meta":{"desktop":{"background-color":"var(--ast-global-color-4)","background-image":"","background-repeat":"repeat","background-position":"center center","background-size":"auto","background-attachment":"scroll","background-type":"","background-media":"","overlay-type":"","overlay-color":"","overlay-opacity":"","overlay-gradient":""},"tablet":{"background-color":"","background-image":"","background-repeat":"repeat","background-position":"center center","background-size":"auto","background-attachment":"scroll","background-type":"","background-media":"","overlay-type":"","overlay-color":"","overlay-opacity":"","overlay-gradient":""},"mobile":{"background-color":"","background-image":"","background-repeat":"repeat","background-position":"center center","background-size":"auto","background-attachment":"scroll","background-type":"","background-media":"","overlay-type":"","overlay-color":"","overlay-opacity":"","overlay-gradient":""}},"ast-content-background-meta":{"desktop":{"background-color":"var(--ast-global-color-5)","background-image":"","background-repeat":"repeat","background-position":"center center","background-size":"auto","background-attachment":"scroll","background-type":"","background-media":"","overlay-type":"","overlay-color":"","overlay-opacity":"","overlay-gradient":""},"tablet":{"background-color":"var(--ast-global-color-5)","background-image":"","background-repeat":"repeat","background-position":"center center","background-size":"auto","background-attachment":"scroll","background-type":"","background-media":"","overlay-type":"","overlay-color":"","overlay-opacity":"","overlay-gradient":""},"mobile":{"background-color":"var(--ast-global-color-5)","background-image":"","background-repeat":"repeat","background-position":"center center","background-size":"auto","background-attachment":"scroll","background-type":"","background-media":"","overlay-type":"","overlay-color":"","overlay-opacity":"","overlay-gradient":""}},"footnotes":""},"class_list":["post-2467","page","type-page","status-publish","hentry"],"yoast_head":"<!-- This site is optimized with the Yoast SEO plugin v26.9 - https:\/\/yoast.com\/product\/yoast-seo-wordpress\/ -->\n<title>Gdje kupiti - Pili\u017eota winery<\/title>\n<meta name=\"description\" content=\"Pili\u017eota winery\" \/>\n<meta name=\"robots\" content=\"index, follow, max-snippet:-1, max-image-preview:large, max-video-preview:-1\" \/>\n<link rel=\"canonical\" href=\"http:\/\/pilizota-winery.com\/en\/gdje-kupiti\/\" \/>\n<meta property=\"og:locale\" content=\"en_US\" \/>\n<meta property=\"og:type\" content=\"article\" \/>\n<meta property=\"og:title\" content=\"Gdje kupiti - Pili\u017eota winery\" \/>\n<meta property=\"og:description\" content=\"Pili\u017eota winery\" \/>\n<meta property=\"og:url\" content=\"http:\/\/pilizota-winery.com\/en\/gdje-kupiti\/\" \/>\n<meta property=\"og:site_name\" content=\"Pili\u017eota winery\" \/>\n<meta property=\"article:modified_time\" content=\"2026-02-13T18:24:52+00:00\" \/>\n<meta property=\"og:image\" content=\"https:\/\/pilizota-winery.com\/wp-content\/uploads\/2025\/05\/SVE_BUTELJE_NA_BIJELOJ_POZADINI__12_-1-1_edited-removebg-preview.png\" \/>\n\t<meta property=\"og:image:width\" content=\"999\" \/>\n\t<meta property=\"og:image:height\" content=\"250\" \/>\n\t<meta property=\"og:image:type\" content=\"image\/png\" \/>\n<meta name=\"twitter:card\" content=\"summary_large_image\" \/>\n<meta name=\"twitter:label1\" content=\"Est. reading time\" \/>\n\t<meta name=\"twitter:data1\" content=\"4 minutes\" \/>\n<script type=\"application\/ld+json\" class=\"yoast-schema-graph\">{\"@context\":\"https:\/\/schema.org\",\"@graph\":[{\"@type\":\"WebPage\",\"@id\":\"http:\/\/pilizota-winery.com\/en\/gdje-kupiti\/\",\"url\":\"http:\/\/pilizota-winery.com\/en\/gdje-kupiti\/\",\"name\":\"Gdje kupiti - Pili\u017eota winery\",\"isPartOf\":{\"@id\":\"https:\/\/pilizota-winery.com\/#website\"},\"datePublished\":\"2025-07-08T09:43:06+00:00\",\"dateModified\":\"2026-02-13T18:24:52+00:00\",\"description\":\"Pili\u017eota winery\",\"breadcrumb\":{\"@id\":\"http:\/\/pilizota-winery.com\/en\/gdje-kupiti\/#breadcrumb\"},\"inLanguage\":\"en-US\",\"potentialAction\":[{\"@type\":\"ReadAction\",\"target\":[\"http:\/\/pilizota-winery.com\/en\/gdje-kupiti\/\"]}]},{\"@type\":\"BreadcrumbList\",\"@id\":\"http:\/\/pilizota-winery.com\/en\/gdje-kupiti\/#breadcrumb\",\"itemListElement\":[{\"@type\":\"ListItem\",\"position\":1,\"name\":\"Po\u010detna stranica\",\"item\":\"http:\/\/pilizota-winery.com\/en\/\"},{\"@type\":\"ListItem\",\"position\":2,\"name\":\"Gdje kupiti\"}]},{\"@type\":\"WebSite\",\"@id\":\"https:\/\/pilizota-winery.com\/#website\",\"url\":\"https:\/\/pilizota-winery.com\/\",\"name\":\"Pili\u017eota winery\",\"description\":\"Pilizota winery \u2013 autohtona vina Dalmacije: Babi\u0107 i Plavina\",\"publisher\":{\"@id\":\"https:\/\/pilizota-winery.com\/#organization\"},\"potentialAction\":[{\"@type\":\"SearchAction\",\"target\":{\"@type\":\"EntryPoint\",\"urlTemplate\":\"https:\/\/pilizota-winery.com\/?s={search_term_string}\"},\"query-input\":{\"@type\":\"PropertyValueSpecification\",\"valueRequired\":true,\"valueName\":\"search_term_string\"}}],\"inLanguage\":\"en-US\"},{\"@type\":\"Organization\",\"@id\":\"https:\/\/pilizota-winery.com\/#organization\",\"name\":\"Pili\u017eota winery\",\"url\":\"https:\/\/pilizota-winery.com\/\",\"logo\":{\"@type\":\"ImageObject\",\"inLanguage\":\"en-US\",\"@id\":\"https:\/\/pilizota-winery.com\/#\/schema\/logo\/image\/\",\"url\":\"https:\/\/pilizota-winery.com\/wp-content\/uploads\/2025\/07\/Frame-228.png\",\"contentUrl\":\"https:\/\/pilizota-winery.com\/wp-content\/uploads\/2025\/07\/Frame-228.png\",\"width\":688,\"height\":185,\"caption\":\"Pili\u017eota winery\"},\"image\":{\"@id\":\"https:\/\/pilizota-winery.com\/#\/schema\/logo\/image\/\"}}]}<\/script>\n<!-- \/ Yoast SEO plugin. -->","yoast_head_json":{"title":"Gdje kupiti - Pili\u017eota winery","description":"Pili\u017eota winery","robots":{"index":"index","follow":"follow","max-snippet":"max-snippet:-1","max-image-preview":"max-image-preview:large","max-video-preview":"max-video-preview:-1"},"canonical":"http:\/\/pilizota-winery.com\/en\/gdje-kupiti\/","og_locale":"en_US","og_type":"article","og_title":"Gdje kupiti - Pili\u017eota winery","og_description":"Pili\u017eota winery","og_url":"http:\/\/pilizota-winery.com\/en\/gdje-kupiti\/","og_site_name":"Pili\u017eota winery","article_modified_time":"2026-02-13T18:24:52+00:00","og_image":[{"width":999,"height":250,"url":"https:\/\/pilizota-winery.com\/wp-content\/uploads\/2025\/05\/SVE_BUTELJE_NA_BIJELOJ_POZADINI__12_-1-1_edited-removebg-preview.png","type":"image\/png"}],"twitter_card":"summary_large_image","twitter_misc":{"Est. reading time":"4 minutes"},"schema":{"@context":"https:\/\/schema.org","@graph":[{"@type":"WebPage","@id":"http:\/\/pilizota-winery.com\/en\/gdje-kupiti\/","url":"http:\/\/pilizota-winery.com\/en\/gdje-kupiti\/","name":"Gdje kupiti - Pili\u017eota winery","isPartOf":{"@id":"https:\/\/pilizota-winery.com\/#website"},"datePublished":"2025-07-08T09:43:06+00:00","dateModified":"2026-02-13T18:24:52+00:00","description":"Pili\u017eota winery","breadcrumb":{"@id":"http:\/\/pilizota-winery.com\/en\/gdje-kupiti\/#breadcrumb"},"inLanguage":"en-US","potentialAction":[{"@type":"ReadAction","target":["http:\/\/pilizota-winery.com\/en\/gdje-kupiti\/"]}]},{"@type":"BreadcrumbList","@id":"http:\/\/pilizota-winery.com\/en\/gdje-kupiti\/#breadcrumb","itemListElement":[{"@type":"ListItem","position":1,"name":"Po\u010detna stranica","item":"http:\/\/pilizota-winery.com\/en\/"},{"@type":"ListItem","position":2,"name":"Gdje kupiti"}]},{"@type":"WebSite","@id":"https:\/\/pilizota-winery.com\/#website","url":"https:\/\/pilizota-winery.com\/","name":"Pili\u017eota winery","description":"Pilizota winery \u2013 autohtona vina Dalmacije: Babi\u0107 i Plavina","publisher":{"@id":"https:\/\/pilizota-winery.com\/#organization"},"potentialAction":[{"@type":"SearchAction","target":{"@type":"EntryPoint","urlTemplate":"https:\/\/pilizota-winery.com\/?s={search_term_string}"},"query-input":{"@type":"PropertyValueSpecification","valueRequired":true,"valueName":"search_term_string"}}],"inLanguage":"en-US"},{"@type":"Organization","@id":"https:\/\/pilizota-winery.com\/#organization","name":"Pili\u017eota winery","url":"https:\/\/pilizota-winery.com\/","logo":{"@type":"ImageObject","inLanguage":"en-US","@id":"https:\/\/pilizota-winery.com\/#\/schema\/logo\/image\/","url":"https:\/\/pilizota-winery.com\/wp-content\/uploads\/2025\/07\/Frame-228.png","contentUrl":"https:\/\/pilizota-winery.com\/wp-content\/uploads\/2025\/07\/Frame-228.png","width":688,"height":185,"caption":"Pili\u017eota winery"},"image":{"@id":"https:\/\/pilizota-winery.com\/#\/schema\/logo\/image\/"}}]}},"uagb_featured_image_src":{"full":false,"thumbnail":false,"medium":false,"medium_large":false,"large":false,"1536x1536":false,"2048x2048":false,"trp-custom-language-flag":false,"woocommerce_thumbnail":false,"woocommerce_single":false,"woocommerce_gallery_thumbnail":false},"uagb_author_info":{"display_name":"Vlasta Pili\u017eota","author_link":"https:\/\/pilizota-winery.com\/en\/author\/admin\/"},"uagb_comment_info":0,"uagb_excerpt":null,"_links":{"self":[{"href":"https:\/\/pilizota-winery.com\/en\/wp-json\/wp\/v2\/pages\/2467","targetHints":{"allow":["GET"]}}],"collection":[{"href":"https:\/\/pilizota-winery.com\/en\/wp-json\/wp\/v2\/pages"}],"about":[{"href":"https:\/\/pilizota-winery.com\/en\/wp-json\/wp\/v2\/types\/page"}],"author":[{"embeddable":true,"href":"https:\/\/pilizota-winery.com\/en\/wp-json\/wp\/v2\/users\/1"}],"replies":[{"embeddable":true,"href":"https:\/\/pilizota-winery.com\/en\/wp-json\/wp\/v2\/comments?post=2467"}],"version-history":[{"count":35,"href":"https:\/\/pilizota-winery.com\/en\/wp-json\/wp\/v2\/pages\/2467\/revisions"}],"predecessor-version":[{"id":2986,"href":"https:\/\/pilizota-winery.com\/en\/wp-json\/wp\/v2\/pages\/2467\/revisions\/2986"}],"wp:attachment":[{"href":"https:\/\/pilizota-winery.com\/en\/wp-json\/wp\/v2\/media?parent=2467"}],"curies":[{"name":"wp","href":"https:\/\/api.w.org\/{rel}","templated":true}]}}