{"id":1002,"date":"2025-05-06T07:28:23","date_gmt":"2025-05-06T07:28:23","guid":{"rendered":"https:\/\/pilizota-winery.com\/about\/"},"modified":"2026-04-14T11:40:36","modified_gmt":"2026-04-14T11:40:36","slug":"about","status":"publish","type":"page","link":"https:\/\/pilizota-winery.com\/en\/about\/","title":{"rendered":"About"},"content":{"rendered":"<div class=\"wp-block-uagb-container uagb-block-0d75ef3a alignfull uagb-is-root-container\"><div class=\"uagb-container-inner-blocks-wrap\">\n<div class=\"wp-block-uagb-info-box uagb-block-32b85e80 uagb-infobox__content-wrap  uagb-infobox-icon-above-title uagb-infobox-image-valign-top uag-hide-desktop uag-hide-tab uag-hide-mob\"><div class=\"uagb-ifb-content\"><div class=\"uagb-ifb-title-wrap\"><h6 class=\"uagb-ifb-title-prefix\">Pili\u017eota wine&#039;s<\/h6><h3 class=\"uagb-ifb-title\">The Pili\u017eota family wine route&nbsp;<\/h3><\/div><p class=\"uagb-ifb-desc\">Thanks to perseverance and work, we succeeded in this intention, and since 2010 we have been the first producers of indigenous wines Babi\u0107 and Plavina.<\/p><\/div><\/div>\n<\/div><\/div>\n\n\n\n<div class=\"wp-block-uagb-container uagb-block-tjc43d2q alignfull uagb-is-root-container\"><div class=\"uagb-container-inner-blocks-wrap\">\n<div class=\"wp-block-uagb-info-box uagb-block-pexdiwut uagb-infobox__content-wrap  uagb-infobox-icon-above-title uagb-infobox-image-valign-top\"><div class=\"uagb-ifb-content\"><div class=\"uagb-ifb-title-wrap\"><h2 class=\"uagb-ifb-title\">Our winemaking story<\/h2><\/div><\/div><\/div>\n\n\n\n<div class=\"wp-block-uagb-container uagb-block-yrdvqrue\">\n<div class=\"wp-block-uagb-container uagb-block-0fe99vsa\">\n<div class=\"wp-block-uagb-info-box uagb-block-3rju04an uagb-infobox__content-wrap  uagb-infobox-icon-above-title uagb-infobox-image-valign-top\"><div class=\"uagb-ifb-content\"><div class=\"uagb-ifb-title-wrap\"><\/div><p class=\"uagb-ifb-desc\">Pili\u017eota Winery is the heir to a longstanding family tradition of viticulture and wine production, deeply rooted in the Dalmatian way of life - where the struggle for survival and the desire for progress intertwine with a passion for crafting noble wines.&nbsp;<br><br>The \u0160ibenik wine region has long been known for its viticulture and we carry on this legacy through the production of premium indigenous red wines - Babi\u0107 and Plavina.\u2028Since the restoration of our family winery in 2002, our goal has been to unite traditional and modern approaches to winemaking. This includes cultivating vines without pesticides, maintaining low grape yields per vine, hand-harvesting, fast grape processing, fermenting and aging wines in a modern wine cellar.<br><br>After establishing a strong presence in Croatia, a major challenge was introducing our wines to the USA.<br>Thanks to persistence and hard work, we succeeded and since 2010, we have been the first producers of indigenous Croatian Babi\u0107 and Plavina wines for the US market. Today, we distribute most of our wines there, to one of the most important global markets.<br><\/p><\/div><\/div>\n<\/div>\n\n\n\n<div class=\"wp-block-uagb-image alignleft uagb-block-zsxwm6dn wp-block-uagb-image--layout-default wp-block-uagb-image--effect-static wp-block-uagb-image--align-left\"><figure class=\"wp-block-uagb-image__figure\"><img decoding=\"async\" srcset=\"https:\/\/pilizota-winery.com\/wp-content\/uploads\/2025\/07\/iStock-1257701368-1024x683.jpg ,https:\/\/pilizota-winery.com\/wp-content\/uploads\/2025\/07\/iStock-1257701368-scaled.jpg 780w, https:\/\/pilizota-winery.com\/wp-content\/uploads\/2025\/07\/iStock-1257701368-scaled.jpg 360w\" sizes=\"auto, (max-width: 480px) 150px\" src=\"https:\/\/pilizota-winery.com\/wp-content\/uploads\/2025\/07\/iStock-1257701368-1024x683.jpg\" alt=\"\" class=\"uag-image-2465\" width=\"564\" height=\"400\" title=\"Pilizota vineyard\" loading=\"lazy\" role=\"img\"\/><\/figure><\/div>\n<\/div>\n<\/div><\/div>","protected":false},"excerpt":{"rendered":"","protected":false},"author":1,"featured_media":0,"parent":0,"menu_order":0,"comment_status":"closed","ping_status":"closed","template":"","meta":{"_uag_custom_page_level_css":"","site-sidebar-layout":"no-sidebar","site-content-layout":"plain-container","ast-site-content-layout":"normal-width-container","site-content-style":"unboxed","site-sidebar-style":"unboxed","ast-global-header-display":"","ast-banner-title-visibility":"","ast-main-header-display":"","ast-hfb-above-header-display":"","ast-hfb-below-header-display":"","ast-hfb-mobile-header-display":"","site-post-title":"disabled","ast-breadcrumbs-content":"","ast-featured-img":"disabled","footer-sml-layout":"","ast-disable-related-posts":"","theme-transparent-header-meta":"disabled","adv-header-id-meta":"","stick-header-meta":"","header-above-stick-meta":"","header-main-stick-meta":"","header-below-stick-meta":"","astra-migrate-meta-layouts":"set","ast-page-background-enabled":"default","ast-page-background-meta":{"desktop":{"background-color":"var(--ast-global-color-4)","background-image":"","background-repeat":"repeat","background-position":"center center","background-size":"auto","background-attachment":"scroll","background-type":"","background-media":"","overlay-type":"","overlay-color":"","overlay-opacity":"","overlay-gradient":""},"tablet":{"background-color":"","background-image":"","background-repeat":"repeat","background-position":"center center","background-size":"auto","background-attachment":"scroll","background-type":"","background-media":"","overlay-type":"","overlay-color":"","overlay-opacity":"","overlay-gradient":""},"mobile":{"background-color":"","background-image":"","background-repeat":"repeat","background-position":"center center","background-size":"auto","background-attachment":"scroll","background-type":"","background-media":"","overlay-type":"","overlay-color":"","overlay-opacity":"","overlay-gradient":""}},"ast-content-background-meta":{"desktop":{"background-color":"var(--ast-global-color-5)","background-image":"","background-repeat":"repeat","background-position":"center center","background-size":"auto","background-attachment":"scroll","background-type":"","background-media":"","overlay-type":"","overlay-color":"","overlay-opacity":"","overlay-gradient":""},"tablet":{"background-color":"var(--ast-global-color-5)","background-image":"","background-repeat":"repeat","background-position":"center center","background-size":"auto","background-attachment":"scroll","background-type":"","background-media":"","overlay-type":"","overlay-color":"","overlay-opacity":"","overlay-gradient":""},"mobile":{"background-color":"var(--ast-global-color-5)","background-image":"","background-repeat":"repeat","background-position":"center center","background-size":"auto","background-attachment":"scroll","background-type":"","background-media":"","overlay-type":"","overlay-color":"","overlay-opacity":"","overlay-gradient":""}},"footnotes":""},"class_list":["post-1002","page","type-page","status-publish","hentry"],"yoast_head":"<!-- This site is optimized with the Yoast SEO plugin v26.9 - https:\/\/yoast.com\/product\/yoast-seo-wordpress\/ -->\n<title>About - Pili\u017eota winery - Babi\u0107 i Plavina<\/title>\n<meta name=\"description\" content=\"Vinarija Pili\u017eota je nasljednik stare obiteljske tradicije uzgoja vinove loze i proizvodnje vina koja je duboko ukorijenjena u na\u010din \u017eivota u Dalmaciji.\" \/>\n<meta name=\"robots\" content=\"index, follow, max-snippet:-1, max-image-preview:large, max-video-preview:-1\" \/>\n<link rel=\"canonical\" href=\"https:\/\/pilizota-winery.com\/en\/about\/\" \/>\n<meta property=\"og:locale\" content=\"en_US\" \/>\n<meta property=\"og:type\" content=\"article\" \/>\n<meta property=\"og:title\" content=\"About - Pili\u017eota winery - Babi\u0107 i Plavina\" \/>\n<meta property=\"og:description\" content=\"Vinarija Pili\u017eota je nasljednik stare obiteljske tradicije uzgoja vinove loze i proizvodnje vina koja je duboko ukorijenjena u na\u010din \u017eivota u Dalmaciji.\" \/>\n<meta property=\"og:url\" content=\"https:\/\/pilizota-winery.com\/en\/about\/\" \/>\n<meta property=\"og:site_name\" content=\"Pili\u017eota winery\" \/>\n<meta property=\"article:modified_time\" content=\"2026-04-14T11:40:36+00:00\" \/>\n<meta property=\"og:image\" content=\"http:\/\/pilizota-winery.com\/wp-content\/uploads\/2025\/07\/iStock-1257701368-1024x683.jpg\" \/>\n<meta name=\"twitter:card\" content=\"summary_large_image\" \/>\n<meta name=\"twitter:label1\" content=\"Est. reading time\" \/>\n\t<meta name=\"twitter:data1\" content=\"2 minutes\" \/>\n<script type=\"application\/ld+json\" class=\"yoast-schema-graph\">{\"@context\":\"https:\/\/schema.org\",\"@graph\":[{\"@type\":\"WebPage\",\"@id\":\"https:\/\/pilizota-winery.com\/about\/\",\"url\":\"https:\/\/pilizota-winery.com\/about\/\",\"name\":\"About - Pili\u017eota winery - Babi\u0107 i Plavina\",\"isPartOf\":{\"@id\":\"https:\/\/pilizota-winery.com\/#website\"},\"primaryImageOfPage\":{\"@id\":\"https:\/\/pilizota-winery.com\/about\/#primaryimage\"},\"image\":{\"@id\":\"https:\/\/pilizota-winery.com\/about\/#primaryimage\"},\"thumbnailUrl\":\"http:\/\/pilizota-winery.com\/wp-content\/uploads\/2025\/07\/iStock-1257701368-1024x683.jpg\",\"datePublished\":\"2025-05-06T07:28:23+00:00\",\"dateModified\":\"2026-04-14T11:40:36+00:00\",\"description\":\"Vinarija Pili\u017eota je nasljednik stare obiteljske tradicije uzgoja vinove loze i proizvodnje vina koja je duboko ukorijenjena u na\u010din \u017eivota u Dalmaciji.\",\"breadcrumb\":{\"@id\":\"https:\/\/pilizota-winery.com\/about\/#breadcrumb\"},\"inLanguage\":\"en-US\",\"potentialAction\":[{\"@type\":\"ReadAction\",\"target\":[\"https:\/\/pilizota-winery.com\/about\/\"]}]},{\"@type\":\"ImageObject\",\"inLanguage\":\"en-US\",\"@id\":\"https:\/\/pilizota-winery.com\/about\/#primaryimage\",\"url\":\"http:\/\/pilizota-winery.com\/wp-content\/uploads\/2025\/07\/iStock-1257701368-1024x683.jpg\",\"contentUrl\":\"http:\/\/pilizota-winery.com\/wp-content\/uploads\/2025\/07\/iStock-1257701368-1024x683.jpg\"},{\"@type\":\"BreadcrumbList\",\"@id\":\"https:\/\/pilizota-winery.com\/about\/#breadcrumb\",\"itemListElement\":[{\"@type\":\"ListItem\",\"position\":1,\"name\":\"Po\u010detna stranica\",\"item\":\"https:\/\/pilizota-winery.com\/\"},{\"@type\":\"ListItem\",\"position\":2,\"name\":\"About\"}]},{\"@type\":\"WebSite\",\"@id\":\"https:\/\/pilizota-winery.com\/#website\",\"url\":\"https:\/\/pilizota-winery.com\/\",\"name\":\"Pili\u017eota winery\",\"description\":\"Pilizota winery \u2013 autohtona vina Dalmacije: Babi\u0107 i Plavina\",\"publisher\":{\"@id\":\"https:\/\/pilizota-winery.com\/#organization\"},\"potentialAction\":[{\"@type\":\"SearchAction\",\"target\":{\"@type\":\"EntryPoint\",\"urlTemplate\":\"https:\/\/pilizota-winery.com\/?s={search_term_string}\"},\"query-input\":{\"@type\":\"PropertyValueSpecification\",\"valueRequired\":true,\"valueName\":\"search_term_string\"}}],\"inLanguage\":\"en-US\"},{\"@type\":\"Organization\",\"@id\":\"https:\/\/pilizota-winery.com\/#organization\",\"name\":\"Pili\u017eota winery\",\"url\":\"https:\/\/pilizota-winery.com\/\",\"logo\":{\"@type\":\"ImageObject\",\"inLanguage\":\"en-US\",\"@id\":\"https:\/\/pilizota-winery.com\/#\/schema\/logo\/image\/\",\"url\":\"https:\/\/pilizota-winery.com\/wp-content\/uploads\/2025\/07\/Frame-228.png\",\"contentUrl\":\"https:\/\/pilizota-winery.com\/wp-content\/uploads\/2025\/07\/Frame-228.png\",\"width\":688,\"height\":185,\"caption\":\"Pili\u017eota winery\"},\"image\":{\"@id\":\"https:\/\/pilizota-winery.com\/#\/schema\/logo\/image\/\"}}]}<\/script>\n<!-- \/ Yoast SEO plugin. -->","yoast_head_json":{"title":"About - Pili\u017eota winery - Babi\u0107 i Plavina","description":"Vinarija Pili\u017eota je nasljednik stare obiteljske tradicije uzgoja vinove loze i proizvodnje vina koja je duboko ukorijenjena u na\u010din \u017eivota u Dalmaciji.","robots":{"index":"index","follow":"follow","max-snippet":"max-snippet:-1","max-image-preview":"max-image-preview:large","max-video-preview":"max-video-preview:-1"},"canonical":"https:\/\/pilizota-winery.com\/en\/about\/","og_locale":"en_US","og_type":"article","og_title":"About - Pili\u017eota winery - Babi\u0107 i Plavina","og_description":"Vinarija Pili\u017eota je nasljednik stare obiteljske tradicije uzgoja vinove loze i proizvodnje vina koja je duboko ukorijenjena u na\u010din \u017eivota u Dalmaciji.","og_url":"https:\/\/pilizota-winery.com\/en\/about\/","og_site_name":"Pili\u017eota winery","article_modified_time":"2026-04-14T11:40:36+00:00","og_image":[{"url":"http:\/\/pilizota-winery.com\/wp-content\/uploads\/2025\/07\/iStock-1257701368-1024x683.jpg","type":"","width":"","height":""}],"twitter_card":"summary_large_image","twitter_misc":{"Est. reading time":"2 minutes"},"schema":{"@context":"https:\/\/schema.org","@graph":[{"@type":"WebPage","@id":"https:\/\/pilizota-winery.com\/about\/","url":"https:\/\/pilizota-winery.com\/about\/","name":"About - Pili\u017eota winery - Babi\u0107 i Plavina","isPartOf":{"@id":"https:\/\/pilizota-winery.com\/#website"},"primaryImageOfPage":{"@id":"https:\/\/pilizota-winery.com\/about\/#primaryimage"},"image":{"@id":"https:\/\/pilizota-winery.com\/about\/#primaryimage"},"thumbnailUrl":"http:\/\/pilizota-winery.com\/wp-content\/uploads\/2025\/07\/iStock-1257701368-1024x683.jpg","datePublished":"2025-05-06T07:28:23+00:00","dateModified":"2026-04-14T11:40:36+00:00","description":"Vinarija Pili\u017eota je nasljednik stare obiteljske tradicije uzgoja vinove loze i proizvodnje vina koja je duboko ukorijenjena u na\u010din \u017eivota u Dalmaciji.","breadcrumb":{"@id":"https:\/\/pilizota-winery.com\/about\/#breadcrumb"},"inLanguage":"en-US","potentialAction":[{"@type":"ReadAction","target":["https:\/\/pilizota-winery.com\/about\/"]}]},{"@type":"ImageObject","inLanguage":"en-US","@id":"https:\/\/pilizota-winery.com\/about\/#primaryimage","url":"http:\/\/pilizota-winery.com\/wp-content\/uploads\/2025\/07\/iStock-1257701368-1024x683.jpg","contentUrl":"http:\/\/pilizota-winery.com\/wp-content\/uploads\/2025\/07\/iStock-1257701368-1024x683.jpg"},{"@type":"BreadcrumbList","@id":"https:\/\/pilizota-winery.com\/about\/#breadcrumb","itemListElement":[{"@type":"ListItem","position":1,"name":"Po\u010detna stranica","item":"https:\/\/pilizota-winery.com\/"},{"@type":"ListItem","position":2,"name":"About"}]},{"@type":"WebSite","@id":"https:\/\/pilizota-winery.com\/#website","url":"https:\/\/pilizota-winery.com\/","name":"Pili\u017eota winery","description":"Pilizota winery \u2013 autohtona vina Dalmacije: Babi\u0107 i Plavina","publisher":{"@id":"https:\/\/pilizota-winery.com\/#organization"},"potentialAction":[{"@type":"SearchAction","target":{"@type":"EntryPoint","urlTemplate":"https:\/\/pilizota-winery.com\/?s={search_term_string}"},"query-input":{"@type":"PropertyValueSpecification","valueRequired":true,"valueName":"search_term_string"}}],"inLanguage":"en-US"},{"@type":"Organization","@id":"https:\/\/pilizota-winery.com\/#organization","name":"Pili\u017eota winery","url":"https:\/\/pilizota-winery.com\/","logo":{"@type":"ImageObject","inLanguage":"en-US","@id":"https:\/\/pilizota-winery.com\/#\/schema\/logo\/image\/","url":"https:\/\/pilizota-winery.com\/wp-content\/uploads\/2025\/07\/Frame-228.png","contentUrl":"https:\/\/pilizota-winery.com\/wp-content\/uploads\/2025\/07\/Frame-228.png","width":688,"height":185,"caption":"Pili\u017eota winery"},"image":{"@id":"https:\/\/pilizota-winery.com\/#\/schema\/logo\/image\/"}}]}},"uagb_featured_image_src":{"full":false,"thumbnail":false,"medium":false,"medium_large":false,"large":false,"1536x1536":false,"2048x2048":false,"trp-custom-language-flag":false,"woocommerce_thumbnail":false,"woocommerce_single":false,"woocommerce_gallery_thumbnail":false},"uagb_author_info":{"display_name":"Vlasta Pili\u017eota","author_link":"https:\/\/pilizota-winery.com\/en\/author\/admin\/"},"uagb_comment_info":0,"uagb_excerpt":null,"_links":{"self":[{"href":"https:\/\/pilizota-winery.com\/en\/wp-json\/wp\/v2\/pages\/1002","targetHints":{"allow":["GET"]}}],"collection":[{"href":"https:\/\/pilizota-winery.com\/en\/wp-json\/wp\/v2\/pages"}],"about":[{"href":"https:\/\/pilizota-winery.com\/en\/wp-json\/wp\/v2\/types\/page"}],"author":[{"embeddable":true,"href":"https:\/\/pilizota-winery.com\/en\/wp-json\/wp\/v2\/users\/1"}],"replies":[{"embeddable":true,"href":"https:\/\/pilizota-winery.com\/en\/wp-json\/wp\/v2\/comments?post=1002"}],"version-history":[{"count":27,"href":"https:\/\/pilizota-winery.com\/en\/wp-json\/wp\/v2\/pages\/1002\/revisions"}],"predecessor-version":[{"id":3048,"href":"https:\/\/pilizota-winery.com\/en\/wp-json\/wp\/v2\/pages\/1002\/revisions\/3048"}],"wp:attachment":[{"href":"https:\/\/pilizota-winery.com\/en\/wp-json\/wp\/v2\/media?parent=1002"}],"curies":[{"name":"wp","href":"https:\/\/api.w.org\/{rel}","templated":true}]}}