{"id":2100,"date":"2025-05-06T08:24:19","date_gmt":"2025-05-06T08:24:19","guid":{"rendered":"https:\/\/pilizota-winery.com\/?post_type=product&#038;p=2100"},"modified":"2026-02-12T10:09:15","modified_gmt":"2026-02-12T10:09:15","slug":"babic-pilizota","status":"publish","type":"product","link":"https:\/\/pilizota-winery.com\/de\/product\/babic-pilizota\/","title":{"rendered":"BABI\u0106 PILI\u017dOTA DALMATIEN \u2013 hochwertiger kroatischer Wein aus \u0160ibenik"},"content":{"rendered":"<p><strong>Vinifikation<\/strong><\/p>\n<p>Die Trauben f\u00fcr den Wein Babi\u0107 werden von Hand in den Weinbergen rund um \u0160ibenik gelesen, auf steinigen B\u00f6den unter starkem Einfluss der Adria und des mediterranen Klimas. Solche Bedingungen erm\u00f6glichen die Entstehung eines Weins mit ausgepr\u00e4gtem Sortencharakter, Struktur und einem unverwechselbaren dalmatinischen Profil. Die Fermentation unseres Babi\u0107 erfolgt klassisch, 7-10 Tage in offenen Edelstahltanks. Der Jungwein reift bis zum ersten Abstich in Edelstahltanks und anschlie\u00dfend 6 Monate in franz\u00f6sischen Eichenf\u00e4ssern mit einem Volumen von 225 Litern. Nach Erreichen der optimalen Reife wird der Wein in 0,75-Liter-Flaschen abgef\u00fcllt.<\/p>\n<p><strong>BESCHREIBUNG<\/strong><\/p>\n<p>Dies ist ein autochthoner kroatischer Wein, tief verwurzelt in der Weinbautradition von \u0160ibenik. Er wird mit besonderer Sorgfalt im Weinberg, bei der Traubenverarbeitung und im Hinblick auf das nat\u00fcrliche Gleichgewicht des Weins hergestellt. Babi\u0107 Pili\u017eota - Dalmatien zeichnet sich durch eine tiefrubinrote Farbe sowie ausdrucksstarke Aromen reifer dunkler Fr\u00fcchte und feiner Gew\u00fcrznoten aus. Am Gaumen ist er vollmundig, ausgewogen, mit weichen, angenehmen Tanninen und einer Frische, die ihn besonders trinkfreudig macht. Der Wein tr\u00e4gt die gesch\u00fctzte Ursprungsbezeichnung (g.U.), die h\u00f6chste Schutzstufe, welche Herkunft, Qualit\u00e4t, Rebsorte und Authentizit\u00e4t garantiert.<\/p>\n<p><strong>PORTION<\/strong><\/p>\n<p>Servieren Sie ihn bei Raumtemperatur oder leicht gek\u00fchlt. Er ist eine ideale Begleitung zu Kalbs- und Lammbraten, Reh in Sauce mit Gnocchi oder Polenta, Fleischrisotto, Hartk\u00e4se, luftgetrockneten W\u00fcrsten, Schinken, Pasta Bolognese und fettem (blauem) Fisch.<\/p>\n<div class=\"rah-static rah-static--height-auto\" aria-hidden=\"false\">\n<div class=\"ulKuLk QfrfFD cell\">\n<div class=\"zp8uy2\" data-hook=\"info-section-description\">\n<p>&nbsp;<\/p>\n<\/div>\n<\/div>\n<\/div>","protected":false},"excerpt":{"rendered":"<p>Ein frischer, warmer und harmonischer Wein mit vollem K\u00f6rper, dunkler rubinroter Farbe, weichen Tanninen und harmonischen Beerenaromen mit feinen Kr\u00e4uternoten.<\/p>","protected":false},"featured_media":2273,"comment_status":"open","ping_status":"closed","template":"","meta":{"_uag_custom_page_level_css":"","site-sidebar-layout":"default","site-content-layout":"","ast-site-content-layout":"default","site-content-style":"default","site-sidebar-style":"default","ast-global-header-display":"","ast-banner-title-visibility":"","ast-main-header-display":"","ast-hfb-above-header-display":"","ast-hfb-below-header-display":"","ast-hfb-mobile-header-display":"","site-post-title":"","ast-breadcrumbs-content":"","ast-featured-img":"","footer-sml-layout":"","ast-disable-related-posts":"","theme-transparent-header-meta":"default","adv-header-id-meta":"","stick-header-meta":"","header-above-stick-meta":"","header-main-stick-meta":"","header-below-stick-meta":"","astra-migrate-meta-layouts":"set","ast-page-background-enabled":"default","ast-page-background-meta":{"desktop":{"background-color":"var(--ast-global-color-4)","background-image":"","background-repeat":"repeat","background-position":"center center","background-size":"auto","background-attachment":"scroll","background-type":"","background-media":"","overlay-type":"","overlay-color":"","overlay-opacity":"","overlay-gradient":""},"tablet":{"background-color":"","background-image":"","background-repeat":"repeat","background-position":"center center","background-size":"auto","background-attachment":"scroll","background-type":"","background-media":"","overlay-type":"","overlay-color":"","overlay-opacity":"","overlay-gradient":""},"mobile":{"background-color":"","background-image":"","background-repeat":"repeat","background-position":"center center","background-size":"auto","background-attachment":"scroll","background-type":"","background-media":"","overlay-type":"","overlay-color":"","overlay-opacity":"","overlay-gradient":""}},"ast-content-background-meta":{"desktop":{"background-color":"var(--ast-global-color-5)","background-image":"","background-repeat":"repeat","background-position":"center center","background-size":"auto","background-attachment":"scroll","background-type":"","background-media":"","overlay-type":"","overlay-color":"","overlay-opacity":"","overlay-gradient":""},"tablet":{"background-color":"var(--ast-global-color-5)","background-image":"","background-repeat":"repeat","background-position":"center center","background-size":"auto","background-attachment":"scroll","background-type":"","background-media":"","overlay-type":"","overlay-color":"","overlay-opacity":"","overlay-gradient":""},"mobile":{"background-color":"var(--ast-global-color-5)","background-image":"","background-repeat":"repeat","background-position":"center center","background-size":"auto","background-attachment":"scroll","background-type":"","background-media":"","overlay-type":"","overlay-color":"","overlay-opacity":"","overlay-gradient":""}}},"product_brand":[],"product_cat":[36],"product_tag":[],"class_list":{"0":"post-2100","1":"product","2":"type-product","3":"status-publish","4":"has-post-thumbnail","6":"product_cat-babic","7":"desktop-align-left","8":"tablet-align-left","9":"mobile-align-left","11":"first","12":"instock","13":"shipping-taxable","14":"purchasable","15":"product-type-simple"},"yoast_head":"<!-- This site is optimized with the Yoast SEO plugin v26.9 - https:\/\/yoast.com\/product\/yoast-seo-wordpress\/ -->\n<title>Babi\u0107 Pili\u017eota Dalmacija - kvalitetno hrvatsko vino iz \u0160ibenika - Pili\u017eota winery<\/title>\n<meta name=\"description\" content=\"Svje\u017ee, toplo i skladno vino punog tijela, tamne rubin crvene boje, mekih tanina i ugodnih aroma bobi\u010dastog vo\u0107a uz lagane note za\u010dinskog bilja.\" \/>\n<meta name=\"robots\" content=\"index, follow, max-snippet:-1, max-image-preview:large, max-video-preview:-1\" \/>\n<link rel=\"canonical\" href=\"https:\/\/pilizota-winery.com\/de\/product\/babic-pilizota\/\" \/>\n<meta property=\"og:locale\" content=\"de_DE\" \/>\n<meta property=\"og:type\" content=\"article\" \/>\n<meta property=\"og:title\" content=\"Babi\u0107 Pili\u017eota Dalmacija - kvalitetno hrvatsko vino iz \u0160ibenika - Pili\u017eota winery\" \/>\n<meta property=\"og:description\" content=\"Svje\u017ee, toplo i skladno vino punog tijela, tamne rubin crvene boje, mekih tanina i ugodnih aroma bobi\u010dastog vo\u0107a uz lagane note za\u010dinskog bilja.\" \/>\n<meta property=\"og:url\" content=\"https:\/\/pilizota-winery.com\/de\/product\/babic-pilizota\/\" \/>\n<meta property=\"og:site_name\" content=\"Pili\u017eota winery\" \/>\n<meta property=\"article:modified_time\" content=\"2026-02-12T10:09:15+00:00\" \/>\n<meta property=\"og:image\" content=\"https:\/\/pilizota-winery.com\/wp-content\/uploads\/2025\/05\/babci-pilizota-gl.png\" \/>\n\t<meta property=\"og:image:width\" content=\"1000\" \/>\n\t<meta property=\"og:image:height\" content=\"1000\" \/>\n\t<meta property=\"og:image:type\" content=\"image\/png\" \/>\n<meta name=\"twitter:card\" content=\"summary_large_image\" \/>\n<meta name=\"twitter:label1\" content=\"Gesch\u00e4tzte Lesezeit\" \/>\n\t<meta name=\"twitter:data1\" content=\"2\u00a0Minuten\" \/>\n<script type=\"application\/ld+json\" class=\"yoast-schema-graph\">{\"@context\":\"https:\/\/schema.org\",\"@graph\":[{\"@type\":\"WebPage\",\"@id\":\"https:\/\/pilizota-winery.com\/product\/babic-pilizota\/\",\"url\":\"https:\/\/pilizota-winery.com\/product\/babic-pilizota\/\",\"name\":\"Babi\u0107 Pili\u017eota Dalmacija - kvalitetno hrvatsko vino iz \u0160ibenika - Pili\u017eota winery\",\"isPartOf\":{\"@id\":\"https:\/\/pilizota-winery.com\/#website\"},\"primaryImageOfPage\":{\"@id\":\"https:\/\/pilizota-winery.com\/product\/babic-pilizota\/#primaryimage\"},\"image\":{\"@id\":\"https:\/\/pilizota-winery.com\/product\/babic-pilizota\/#primaryimage\"},\"thumbnailUrl\":\"https:\/\/pilizota-winery.com\/wp-content\/uploads\/2025\/05\/babci-pilizota-gl.png\",\"datePublished\":\"2025-05-06T08:24:19+00:00\",\"dateModified\":\"2026-02-12T10:09:15+00:00\",\"description\":\"Svje\u017ee, toplo i skladno vino punog tijela, tamne rubin crvene boje, mekih tanina i ugodnih aroma bobi\u010dastog vo\u0107a uz lagane note za\u010dinskog bilja.\",\"breadcrumb\":{\"@id\":\"https:\/\/pilizota-winery.com\/product\/babic-pilizota\/#breadcrumb\"},\"inLanguage\":\"de\",\"potentialAction\":[{\"@type\":\"ReadAction\",\"target\":[\"https:\/\/pilizota-winery.com\/product\/babic-pilizota\/\"]}]},{\"@type\":\"ImageObject\",\"inLanguage\":\"de\",\"@id\":\"https:\/\/pilizota-winery.com\/product\/babic-pilizota\/#primaryimage\",\"url\":\"https:\/\/pilizota-winery.com\/wp-content\/uploads\/2025\/05\/babci-pilizota-gl.png\",\"contentUrl\":\"https:\/\/pilizota-winery.com\/wp-content\/uploads\/2025\/05\/babci-pilizota-gl.png\",\"width\":1000,\"height\":1000},{\"@type\":\"BreadcrumbList\",\"@id\":\"https:\/\/pilizota-winery.com\/product\/babic-pilizota\/#breadcrumb\",\"itemListElement\":[{\"@type\":\"ListItem\",\"position\":1,\"name\":\"Po\u010detna stranica\",\"item\":\"https:\/\/pilizota-winery.com\/\"},{\"@type\":\"ListItem\",\"position\":2,\"name\":\"Shop\",\"item\":\"https:\/\/pilizota-winery.com\/shop\/\"},{\"@type\":\"ListItem\",\"position\":3,\"name\":\"Babi\u0107 Pili\u017eota Dalmacija &#8211; kvalitetno hrvatsko vino iz \u0160ibenika\"}]},{\"@type\":\"WebSite\",\"@id\":\"https:\/\/pilizota-winery.com\/#website\",\"url\":\"https:\/\/pilizota-winery.com\/\",\"name\":\"Pili\u017eota winery\",\"description\":\"Pilizota winery \u2013 autohtona vina Dalmacije: Babi\u0107 i Plavina\",\"publisher\":{\"@id\":\"https:\/\/pilizota-winery.com\/#organization\"},\"potentialAction\":[{\"@type\":\"SearchAction\",\"target\":{\"@type\":\"EntryPoint\",\"urlTemplate\":\"https:\/\/pilizota-winery.com\/?s={search_term_string}\"},\"query-input\":{\"@type\":\"PropertyValueSpecification\",\"valueRequired\":true,\"valueName\":\"search_term_string\"}}],\"inLanguage\":\"de\"},{\"@type\":\"Organization\",\"@id\":\"https:\/\/pilizota-winery.com\/#organization\",\"name\":\"Pili\u017eota winery\",\"url\":\"https:\/\/pilizota-winery.com\/\",\"logo\":{\"@type\":\"ImageObject\",\"inLanguage\":\"de\",\"@id\":\"https:\/\/pilizota-winery.com\/#\/schema\/logo\/image\/\",\"url\":\"https:\/\/pilizota-winery.com\/wp-content\/uploads\/2025\/07\/Frame-228.png\",\"contentUrl\":\"https:\/\/pilizota-winery.com\/wp-content\/uploads\/2025\/07\/Frame-228.png\",\"width\":688,\"height\":185,\"caption\":\"Pili\u017eota winery\"},\"image\":{\"@id\":\"https:\/\/pilizota-winery.com\/#\/schema\/logo\/image\/\"}}]}<\/script>\n<!-- \/ Yoast SEO plugin. -->","yoast_head_json":{"title":"Babi\u0107 Pili\u017eota Dalmacija - kvalitetno hrvatsko vino iz \u0160ibenika - Pili\u017eota winery","description":"Ein frischer, warmer und harmonischer Wein mit vollem K\u00f6rper, dunkler rubinroter Farbe, weichen Tanninen und harmonischen Beerenaromen mit feinen Kr\u00e4uternoten.","robots":{"index":"index","follow":"follow","max-snippet":"max-snippet:-1","max-image-preview":"max-image-preview:large","max-video-preview":"max-video-preview:-1"},"canonical":"https:\/\/pilizota-winery.com\/de\/product\/babic-pilizota\/","og_locale":"de_DE","og_type":"article","og_title":"Babi\u0107 Pili\u017eota Dalmacija - kvalitetno hrvatsko vino iz \u0160ibenika - Pili\u017eota winery","og_description":"Svje\u017ee, toplo i skladno vino punog tijela, tamne rubin crvene boje, mekih tanina i ugodnih aroma bobi\u010dastog vo\u0107a uz lagane note za\u010dinskog bilja.","og_url":"https:\/\/pilizota-winery.com\/de\/product\/babic-pilizota\/","og_site_name":"Pili\u017eota winery","article_modified_time":"2026-02-12T10:09:15+00:00","og_image":[{"width":1000,"height":1000,"url":"https:\/\/pilizota-winery.com\/wp-content\/uploads\/2025\/05\/babci-pilizota-gl.png","type":"image\/png"}],"twitter_card":"summary_large_image","twitter_misc":{"Gesch\u00e4tzte Lesezeit":"2\u00a0Minuten"},"schema":{"@context":"https:\/\/schema.org","@graph":[{"@type":"WebPage","@id":"https:\/\/pilizota-winery.com\/product\/babic-pilizota\/","url":"https:\/\/pilizota-winery.com\/product\/babic-pilizota\/","name":"Babi\u0107 Pili\u017eota Dalmacija - kvalitetno hrvatsko vino iz \u0160ibenika - Pili\u017eota winery","isPartOf":{"@id":"https:\/\/pilizota-winery.com\/#website"},"primaryImageOfPage":{"@id":"https:\/\/pilizota-winery.com\/product\/babic-pilizota\/#primaryimage"},"image":{"@id":"https:\/\/pilizota-winery.com\/product\/babic-pilizota\/#primaryimage"},"thumbnailUrl":"https:\/\/pilizota-winery.com\/wp-content\/uploads\/2025\/05\/babci-pilizota-gl.png","datePublished":"2025-05-06T08:24:19+00:00","dateModified":"2026-02-12T10:09:15+00:00","description":"Ein frischer, warmer und harmonischer Wein mit vollem K\u00f6rper, dunkler rubinroter Farbe, weichen Tanninen und harmonischen Beerenaromen mit feinen Kr\u00e4uternoten.","breadcrumb":{"@id":"https:\/\/pilizota-winery.com\/product\/babic-pilizota\/#breadcrumb"},"inLanguage":"de","potentialAction":[{"@type":"ReadAction","target":["https:\/\/pilizota-winery.com\/product\/babic-pilizota\/"]}]},{"@type":"ImageObject","inLanguage":"de","@id":"https:\/\/pilizota-winery.com\/product\/babic-pilizota\/#primaryimage","url":"https:\/\/pilizota-winery.com\/wp-content\/uploads\/2025\/05\/babci-pilizota-gl.png","contentUrl":"https:\/\/pilizota-winery.com\/wp-content\/uploads\/2025\/05\/babci-pilizota-gl.png","width":1000,"height":1000},{"@type":"BreadcrumbList","@id":"https:\/\/pilizota-winery.com\/product\/babic-pilizota\/#breadcrumb","itemListElement":[{"@type":"ListItem","position":1,"name":"Po\u010detna stranica","item":"https:\/\/pilizota-winery.com\/"},{"@type":"ListItem","position":2,"name":"Shop","item":"https:\/\/pilizota-winery.com\/shop\/"},{"@type":"ListItem","position":3,"name":"Babi\u0107 Pili\u017eota Dalmacija &#8211; kvalitetno hrvatsko vino iz \u0160ibenika"}]},{"@type":"WebSite","@id":"https:\/\/pilizota-winery.com\/#website","url":"https:\/\/pilizota-winery.com\/","name":"Weingut Pili\u017eota","description":"Pilizota winery \u2013 autohtona vina Dalmacije: Babi\u0107 i Plavina","publisher":{"@id":"https:\/\/pilizota-winery.com\/#organization"},"potentialAction":[{"@type":"SearchAction","target":{"@type":"EntryPoint","urlTemplate":"https:\/\/pilizota-winery.com\/?s={search_term_string}"},"query-input":{"@type":"PropertyValueSpecification","valueRequired":true,"valueName":"search_term_string"}}],"inLanguage":"de"},{"@type":"Organization","@id":"https:\/\/pilizota-winery.com\/#organization","name":"Weingut Pili\u017eota","url":"https:\/\/pilizota-winery.com\/","logo":{"@type":"ImageObject","inLanguage":"de","@id":"https:\/\/pilizota-winery.com\/#\/schema\/logo\/image\/","url":"https:\/\/pilizota-winery.com\/wp-content\/uploads\/2025\/07\/Frame-228.png","contentUrl":"https:\/\/pilizota-winery.com\/wp-content\/uploads\/2025\/07\/Frame-228.png","width":688,"height":185,"caption":"Pili\u017eota winery"},"image":{"@id":"https:\/\/pilizota-winery.com\/#\/schema\/logo\/image\/"}}]}},"uagb_featured_image_src":{"full":["https:\/\/pilizota-winery.com\/wp-content\/uploads\/2025\/05\/babci-pilizota-gl.png",1000,1000,false],"thumbnail":["https:\/\/pilizota-winery.com\/wp-content\/uploads\/2025\/05\/babci-pilizota-gl-150x150.png",150,150,true],"medium":["https:\/\/pilizota-winery.com\/wp-content\/uploads\/2025\/05\/babci-pilizota-gl-300x300.png",300,300,true],"medium_large":["https:\/\/pilizota-winery.com\/wp-content\/uploads\/2025\/05\/babci-pilizota-gl-768x768.png",768,768,true],"large":["https:\/\/pilizota-winery.com\/wp-content\/uploads\/2025\/05\/babci-pilizota-gl.png",1000,1000,false],"1536x1536":["https:\/\/pilizota-winery.com\/wp-content\/uploads\/2025\/05\/babci-pilizota-gl.png",1000,1000,false],"2048x2048":["https:\/\/pilizota-winery.com\/wp-content\/uploads\/2025\/05\/babci-pilizota-gl.png",1000,1000,false],"trp-custom-language-flag":["https:\/\/pilizota-winery.com\/wp-content\/uploads\/2025\/05\/babci-pilizota-gl.png",12,12,false],"woocommerce_thumbnail":["https:\/\/pilizota-winery.com\/wp-content\/uploads\/2025\/05\/babci-pilizota-gl-300x300.png",300,300,true],"woocommerce_single":["https:\/\/pilizota-winery.com\/wp-content\/uploads\/2025\/05\/babci-pilizota-gl-600x600.png",600,600,true],"woocommerce_gallery_thumbnail":["https:\/\/pilizota-winery.com\/wp-content\/uploads\/2025\/05\/babci-pilizota-gl-100x100.png",100,100,true]},"uagb_author_info":{"display_name":"Vlasta Pili\u017eota","author_link":"https:\/\/pilizota-winery.com\/de\/author\/"},"uagb_comment_info":0,"uagb_excerpt":"Svje\u017ee, toplo i skladno vino punog tijela, tamne rubin crvene boje, mekih tanina i ugodnih aroma bobi\u010dastog vo\u0107a uz lagane note za\u010dinskog bilja.","_links":{"self":[{"href":"https:\/\/pilizota-winery.com\/de\/wp-json\/wp\/v2\/product\/2100","targetHints":{"allow":["GET"]}}],"collection":[{"href":"https:\/\/pilizota-winery.com\/de\/wp-json\/wp\/v2\/product"}],"about":[{"href":"https:\/\/pilizota-winery.com\/de\/wp-json\/wp\/v2\/types\/product"}],"replies":[{"embeddable":true,"href":"https:\/\/pilizota-winery.com\/de\/wp-json\/wp\/v2\/comments?post=2100"}],"wp:featuredmedia":[{"embeddable":true,"href":"https:\/\/pilizota-winery.com\/de\/wp-json\/wp\/v2\/media\/2273"}],"wp:attachment":[{"href":"https:\/\/pilizota-winery.com\/de\/wp-json\/wp\/v2\/media?parent=2100"}],"wp:term":[{"taxonomy":"product_brand","embeddable":true,"href":"https:\/\/pilizota-winery.com\/de\/wp-json\/wp\/v2\/product_brand?post=2100"},{"taxonomy":"product_cat","embeddable":true,"href":"https:\/\/pilizota-winery.com\/de\/wp-json\/wp\/v2\/product_cat?post=2100"},{"taxonomy":"product_tag","embeddable":true,"href":"https:\/\/pilizota-winery.com\/de\/wp-json\/wp\/v2\/product_tag?post=2100"}],"curies":[{"name":"wp","href":"https:\/\/api.w.org\/{rel}","templated":true}]}}