{"id":843,"date":"2025-05-06T07:16:39","date_gmt":"2025-05-06T07:16:39","guid":{"rendered":"http:\/\/pilizota-winery.com\/about-us\/"},"modified":"2026-04-14T11:50:36","modified_gmt":"2026-04-14T11:50:36","slug":"sibenik-pilizota-vina","status":"publish","type":"page","link":"https:\/\/pilizota-winery.com\/de\/sibenik-pilizota-vina\/","title":{"rendered":"\u0160ibenik"},"content":{"rendered":"<div class=\"wp-block-uagb-container uagb-block-7kzmae9u alignfull uagb-is-root-container\">\n<div class=\"wp-block-uagb-info-box uagb-block-yqbhtsco uagb-infobox__content-wrap  uagb-infobox-icon-above-title uagb-infobox-image-valign-top\"><div class=\"uagb-ifb-content\"><div class=\"uagb-ifb-title-wrap\"><h1 class=\"uagb-ifb-title\">Auf einem Felsen \u00fcber dem Meer,<br>im Herzen Dalmatiens<\/h1><\/div><\/div><\/div>\n<\/div>\n\n\n\n<div class=\"wp-block-uagb-container uagb-block-vwyit6lk alignfull uagb-is-root-container\"><div class=\"uagb-container-inner-blocks-wrap\">\n<div class=\"wp-block-uagb-container uagb-block-votxgpol\">\n<div class=\"wp-block-uagb-info-box uagb-block-eecyqvj9 uagb-infobox__content-wrap  uagb-infobox-icon-above-title uagb-infobox-image-valign-top wp-block-uagb-info-box--has-margin\"><div class=\"uagb-infobox-margin-wrapper\"><div class=\"uagb-ifb-content\"><div class=\"uagb-ifb-title-wrap\"><h2 class=\"uagb-ifb-title\">\u0160ibenik &amp; Wein<\/h2><\/div><p class=\"uagb-ifb-desc\">Eingebettet in antike Geschichte und eine reiche Weinbautradition liegt \u0160ibenik entlang der wundersch\u00f6nen Adriak\u00fcste. Bekannt f\u00fcr seine sonnenverw\u00f6hnten Weinberge und bezaubernden Landschaften bietet diese K\u00fcstenstadt ein faszinierendes Erlebnis f\u00fcr Weinliebhaber.<br>Unter den vielen Rebsorten, die Anerkennung gefunden haben, sind Babi\u0107 und Plavina ein wahrer Genuss f\u00fcr den Gaumen.<br>\u200b<br>Babi\u0107 und Plavina \u2013 autochthone rote Weinrebsorten Kroatiens \u2013 finden ihr ideales Zuhause in den sonnenverw\u00f6hnten Weinbergen von \u0160ibenik. Das Terroir dieser Region \u2013 gepr\u00e4gt durch ein mildes mediterranes Klima und steinige B\u00f6den \u2013 tr\u00e4gt zu ihrem besonderen Charakter bei.<br>Die N\u00e4he zum Meer und die dalmatinische Sonne tragen zu den tiefen, reichen Aromen bei, die diese Weine bei Kennern besonders beliebt machen.<\/p><\/div><\/div><\/div>\n\n\n\n<div class=\"wp-block-uagb-image alignleft uagb-block-nz6wmjnq wp-block-uagb-image--layout-default wp-block-uagb-image--effect-static wp-block-uagb-image--align-left\"><figure class=\"wp-block-uagb-image__figure\"><img decoding=\"async\" srcset=\"https:\/\/pilizota-winery.com\/wp-content\/uploads\/2025\/07\/iStock-177342106-1024x523.jpg ,https:\/\/pilizota-winery.com\/wp-content\/uploads\/2025\/07\/iStock-177342106-scaled.jpg 780w, https:\/\/pilizota-winery.com\/wp-content\/uploads\/2025\/07\/iStock-177342106-scaled.jpg 360w\" sizes=\"auto, (max-width: 480px) 150px\" src=\"https:\/\/pilizota-winery.com\/wp-content\/uploads\/2025\/07\/iStock-177342106-1024x523.jpg\" alt=\"\" class=\"uag-image-2513\" width=\"564\" height=\"376\" title=\"Pilizota vineyard\" loading=\"lazy\" role=\"img\"\/><\/figure><\/div>\n\n\n\n<div class=\"wp-block-uagb-info-box uagb-block-vt6rvlxn uagb-infobox__content-wrap  uagb-infobox-icon-above-title uagb-infobox-image-valign-top wp-block-uagb-info-box--has-margin\"><div class=\"uagb-infobox-margin-wrapper\"><div class=\"uagb-ifb-content\"><div class=\"uagb-ifb-title-wrap\"><h3 class=\"uagb-ifb-title\"><br><\/h3><\/div><p class=\"uagb-ifb-desc\">Bei der Erkundung der Weinszene von \u0160ibenik geht es nicht nur um Wein, sondern um eine Geschichte jahrhundertealter Tradition und tiefer Verbundenheit mit dem Land. Wenn die Sonne \u00fcber der Adria untergeht und den Himmel in Orange- und Rosat\u00f6ne taucht, dann wird klar: das Trinken des Weins Babi\u0107 und Plavina aus dem Familienweingut Pili\u017eota ist mehr als nur ein Schluck; es ist ein Erlebnis der Geschichte, Kultur und Seele von \u0160ibenik.<\/p><\/div><\/div><\/div>\n<\/div>\n\n\n\n<div class=\"wp-block-uagb-container uagb-block-sjiheidv\">\n<div class=\"wp-block-uagb-image alignleft uagb-block-w4rjgu0j wp-block-uagb-image--layout-default wp-block-uagb-image--effect-static wp-block-uagb-image--align-left\"><figure class=\"wp-block-uagb-image__figure\"><img decoding=\"async\" srcset=\"https:\/\/pilizota-winery.com\/wp-content\/uploads\/2025\/07\/IMG-20250706-WA0002-e1751969422233-982x1024.jpg ,https:\/\/pilizota-winery.com\/wp-content\/uploads\/2025\/07\/IMG-20250706-WA0002-e1751969422233.jpg 780w, httpss:\/\/pilizota-winery.com\/wp-content\/uploads\/2025\/07\/IMG-20250706-WA0002-e1751969422233-288x300.jpg 360w\" sizes=\"auto, (max-width: 480px) 150px\" src=\"https:\/\/pilizota-winery.com\/wp-content\/uploads\/2025\/07\/IMG-20250706-WA0002-e1751969422233-982x1024.jpg\" alt=\"\" class=\"uag-image-2495\" width=\"555\" height=\"559\" title=\"IMG-20250706-WA0002\" loading=\"lazy\" role=\"img\"\/><\/figure><\/div>\n\n\n\n<div class=\"wp-block-uagb-info-box uagb-block-h2oqaqxn uagb-infobox__content-wrap  uagb-infobox-icon-above-title uagb-infobox-image-valign-top wp-block-uagb-info-box--has-margin\"><div class=\"uagb-infobox-margin-wrapper\"><div class=\"uagb-ifb-content\"><div class=\"uagb-ifb-title-wrap\"><\/div><p class=\"uagb-ifb-desc\">Man kann nicht \u00fcber Babi\u0107 und Plavina sprechen, ohne die Leidenschaft und Hingabe unseres Weinguts zu erw\u00e4hnen, die in die Herstellung au\u00dfergew\u00f6hnlicher Weine flie\u00dfen. Die Familie Pili\u017eota ist seit dem 15. Jahrhundert tief in der Gemeinde \u0160ibenik verwurzelt \u2013 eine Tradition und Handwerkskunst, die sich in jeder Flasche Babi\u0107 und Plavina widerspiegelt, die wir produzieren.<br>\u200b\u200b<br>Der Genuss von Babi\u0107- und Plavina-Weinen ist eine sinnliche Reise durch die Landschaften von \u0160ibenik.<br>Die Weine zeichnen sich durch einen warmen, vollen K\u00f6rper mit satter rubinroter Farbe aus und begeistern mit frischen Aromen von Beerenfr\u00fcchten und mediterranen Kr\u00e4utern.<br>Ihr harmonischer Geschmack \u2013 mit perfekt ausbalancierter Fruchtigkeit und sanften Tanninen \u2013 f\u00e4ngt das Wesen von \u0160ibenik ein: kraftvoll und harmonisch.<br>\u200b<\/p><\/div><\/div><\/div>\n\n\n\n<div class=\"wp-block-uagb-image alignleft uagb-block-svxgvtoh wp-block-uagb-image--layout-default wp-block-uagb-image--effect-static wp-block-uagb-image--align-left\"><figure class=\"wp-block-uagb-image__figure\"><img decoding=\"async\" srcset=\"https:\/\/pilizota-winery.com\/wp-content\/uploads\/2025\/07\/iStock-478929378-1024x685.jpg ,https:\/\/pilizota-winery.com\/wp-content\/uploads\/2025\/07\/iStock-478929378-scaled.jpg 780w, https:\/\/pilizota-winery.com\/wp-content\/uploads\/2025\/07\/iStock-478929378-scaled.jpg 360w\" sizes=\"auto, (max-width: 480px) 150px\" src=\"https:\/\/pilizota-winery.com\/wp-content\/uploads\/2025\/07\/iStock-478929378-1024x685.jpg\" alt=\"\" class=\"uag-image-2505\" width=\"564\" height=\"376\" title=\"Franz\u00f6sische Eichenf\u00e4sser gestapelt im Weingut\" loading=\"lazy\" role=\"img\"\/><\/figure><\/div>\n<\/div>\n<\/div><\/div>","protected":false},"excerpt":{"rendered":"","protected":false},"author":1,"featured_media":0,"parent":0,"menu_order":0,"comment_status":"closed","ping_status":"closed","template":"","meta":{"_uag_custom_page_level_css":"","site-sidebar-layout":"no-sidebar","site-content-layout":"page-builder","ast-site-content-layout":"full-width-container","site-content-style":"unboxed","site-sidebar-style":"unboxed","ast-global-header-display":"","ast-banner-title-visibility":"","ast-main-header-display":"","ast-hfb-above-header-display":"","ast-hfb-below-header-display":"","ast-hfb-mobile-header-display":"","site-post-title":"disabled","ast-breadcrumbs-content":"","ast-featured-img":"","footer-sml-layout":"","ast-disable-related-posts":"","theme-transparent-header-meta":"","adv-header-id-meta":"","stick-header-meta":"","header-above-stick-meta":"","header-main-stick-meta":"","header-below-stick-meta":"","astra-migrate-meta-layouts":"set","ast-page-background-enabled":"default","ast-page-background-meta":{"desktop":{"background-color":"var(--ast-global-color-4)","background-image":"","background-repeat":"repeat","background-position":"center center","background-size":"auto","background-attachment":"scroll","background-type":"","background-media":"","overlay-type":"","overlay-color":"","overlay-opacity":"","overlay-gradient":""},"tablet":{"background-color":"","background-image":"","background-repeat":"repeat","background-position":"center center","background-size":"auto","background-attachment":"scroll","background-type":"","background-media":"","overlay-type":"","overlay-color":"","overlay-opacity":"","overlay-gradient":""},"mobile":{"background-color":"","background-image":"","background-repeat":"repeat","background-position":"center center","background-size":"auto","background-attachment":"scroll","background-type":"","background-media":"","overlay-type":"","overlay-color":"","overlay-opacity":"","overlay-gradient":""}},"ast-content-background-meta":{"desktop":{"background-color":"var(--ast-global-color-5)","background-image":"","background-repeat":"repeat","background-position":"center center","background-size":"auto","background-attachment":"scroll","background-type":"","background-media":"","overlay-type":"","overlay-color":"","overlay-opacity":"","overlay-gradient":""},"tablet":{"background-color":"var(--ast-global-color-5)","background-image":"","background-repeat":"repeat","background-position":"center center","background-size":"auto","background-attachment":"scroll","background-type":"","background-media":"","overlay-type":"","overlay-color":"","overlay-opacity":"","overlay-gradient":""},"mobile":{"background-color":"var(--ast-global-color-5)","background-image":"","background-repeat":"repeat","background-position":"center center","background-size":"auto","background-attachment":"scroll","background-type":"","background-media":"","overlay-type":"","overlay-color":"","overlay-opacity":"","overlay-gradient":""}},"footnotes":""},"class_list":["post-843","page","type-page","status-publish","hentry"],"yoast_head":"<!-- This site is optimized with the Yoast SEO plugin v26.9 - https:\/\/yoast.com\/product\/yoast-seo-wordpress\/ -->\n<title>\u0160ibenik - Pili\u017eota winery<\/title>\n<meta name=\"description\" content=\"Pili\u017eota winery\" \/>\n<meta name=\"robots\" content=\"index, follow, max-snippet:-1, max-image-preview:large, max-video-preview:-1\" \/>\n<link rel=\"canonical\" href=\"https:\/\/pilizota-winery.com\/de\/sibenik-pilizota-vina\/\" \/>\n<meta property=\"og:locale\" content=\"de_DE\" \/>\n<meta property=\"og:type\" content=\"article\" \/>\n<meta property=\"og:title\" content=\"\u0160ibenik - Pili\u017eota winery\" \/>\n<meta property=\"og:description\" content=\"Pili\u017eota winery\" \/>\n<meta property=\"og:url\" content=\"https:\/\/pilizota-winery.com\/de\/sibenik-pilizota-vina\/\" \/>\n<meta property=\"og:site_name\" content=\"Pili\u017eota winery\" \/>\n<meta property=\"article:modified_time\" content=\"2026-04-14T11:50:36+00:00\" \/>\n<meta property=\"og:image\" content=\"http:\/\/pilizota-winery.com\/wp-content\/uploads\/2025\/07\/iStock-177342106-1024x523.jpg\" \/>\n<meta name=\"twitter:card\" content=\"summary_large_image\" \/>\n<meta name=\"twitter:label1\" content=\"Gesch\u00e4tzte Lesezeit\" \/>\n\t<meta name=\"twitter:data1\" content=\"2\u00a0Minuten\" \/>\n<script type=\"application\/ld+json\" class=\"yoast-schema-graph\">{\"@context\":\"https:\/\/schema.org\",\"@graph\":[{\"@type\":\"WebPage\",\"@id\":\"https:\/\/pilizota-winery.com\/sibenik-pilizota-vina\/\",\"url\":\"https:\/\/pilizota-winery.com\/sibenik-pilizota-vina\/\",\"name\":\"\u0160ibenik - Pili\u017eota winery\",\"isPartOf\":{\"@id\":\"http:\/\/pilizota-winery.com\/en\/#website\"},\"primaryImageOfPage\":{\"@id\":\"https:\/\/pilizota-winery.com\/sibenik-pilizota-vina\/#primaryimage\"},\"image\":{\"@id\":\"https:\/\/pilizota-winery.com\/sibenik-pilizota-vina\/#primaryimage\"},\"thumbnailUrl\":\"http:\/\/pilizota-winery.com\/wp-content\/uploads\/2025\/07\/iStock-177342106-1024x523.jpg\",\"datePublished\":\"2025-05-06T07:16:39+00:00\",\"dateModified\":\"2026-04-14T11:50:36+00:00\",\"description\":\"Pili\u017eota winery\",\"breadcrumb\":{\"@id\":\"https:\/\/pilizota-winery.com\/sibenik-pilizota-vina\/#breadcrumb\"},\"inLanguage\":\"de\",\"potentialAction\":[{\"@type\":\"ReadAction\",\"target\":[\"https:\/\/pilizota-winery.com\/sibenik-pilizota-vina\/\"]}]},{\"@type\":\"ImageObject\",\"inLanguage\":\"de\",\"@id\":\"https:\/\/pilizota-winery.com\/sibenik-pilizota-vina\/#primaryimage\",\"url\":\"http:\/\/pilizota-winery.com\/wp-content\/uploads\/2025\/07\/iStock-177342106-1024x523.jpg\",\"contentUrl\":\"http:\/\/pilizota-winery.com\/wp-content\/uploads\/2025\/07\/iStock-177342106-1024x523.jpg\"},{\"@type\":\"BreadcrumbList\",\"@id\":\"https:\/\/pilizota-winery.com\/sibenik-pilizota-vina\/#breadcrumb\",\"itemListElement\":[{\"@type\":\"ListItem\",\"position\":1,\"name\":\"Po\u010detna stranica\",\"item\":\"http:\/\/pilizota-winery.com\/en\/\"},{\"@type\":\"ListItem\",\"position\":2,\"name\":\"\u0160ibenik\"}]},{\"@type\":\"WebSite\",\"@id\":\"http:\/\/pilizota-winery.com\/en\/#website\",\"url\":\"http:\/\/pilizota-winery.com\/en\/\",\"name\":\"Pili\u017eota winery\",\"description\":\"Pilizota winery \u2013 autohtona vina Dalmacije: Babi\u0107 i Plavina\",\"publisher\":{\"@id\":\"http:\/\/pilizota-winery.com\/en\/#organization\"},\"potentialAction\":[{\"@type\":\"SearchAction\",\"target\":{\"@type\":\"EntryPoint\",\"urlTemplate\":\"http:\/\/pilizota-winery.com\/en\/?s={search_term_string}\"},\"query-input\":{\"@type\":\"PropertyValueSpecification\",\"valueRequired\":true,\"valueName\":\"search_term_string\"}}],\"inLanguage\":\"de\"},{\"@type\":\"Organization\",\"@id\":\"http:\/\/pilizota-winery.com\/en\/#organization\",\"name\":\"Pili\u017eota winery\",\"url\":\"http:\/\/pilizota-winery.com\/en\/\",\"logo\":{\"@type\":\"ImageObject\",\"inLanguage\":\"de\",\"@id\":\"http:\/\/pilizota-winery.com\/en\/#\/schema\/logo\/image\/\",\"url\":\"https:\/\/pilizota-winery.com\/wp-content\/uploads\/2025\/07\/Frame-228.png\",\"contentUrl\":\"https:\/\/pilizota-winery.com\/wp-content\/uploads\/2025\/07\/Frame-228.png\",\"width\":688,\"height\":185,\"caption\":\"Pili\u017eota winery\"},\"image\":{\"@id\":\"http:\/\/pilizota-winery.com\/en\/#\/schema\/logo\/image\/\"}}]}<\/script>\n<!-- \/ Yoast SEO plugin. -->","yoast_head_json":{"title":"\u0160ibenik - Pili\u017eota winery","description":"Weingut Pili\u017eota","robots":{"index":"index","follow":"follow","max-snippet":"max-snippet:-1","max-image-preview":"max-image-preview:large","max-video-preview":"max-video-preview:-1"},"canonical":"https:\/\/pilizota-winery.com\/de\/sibenik-pilizota-vina\/","og_locale":"de_DE","og_type":"article","og_title":"\u0160ibenik - Pili\u017eota winery","og_description":"Pili\u017eota winery","og_url":"https:\/\/pilizota-winery.com\/de\/sibenik-pilizota-vina\/","og_site_name":"Pili\u017eota winery","article_modified_time":"2026-04-14T11:50:36+00:00","og_image":[{"url":"http:\/\/pilizota-winery.com\/wp-content\/uploads\/2025\/07\/iStock-177342106-1024x523.jpg","type":"","width":"","height":""}],"twitter_card":"summary_large_image","twitter_misc":{"Gesch\u00e4tzte Lesezeit":"2\u00a0Minuten"},"schema":{"@context":"https:\/\/schema.org","@graph":[{"@type":"WebPage","@id":"https:\/\/pilizota-winery.com\/sibenik-pilizota-vina\/","url":"https:\/\/pilizota-winery.com\/sibenik-pilizota-vina\/","name":"\u0160ibenik - Pili\u017eota winery","isPartOf":{"@id":"http:\/\/pilizota-winery.com\/en\/#website"},"primaryImageOfPage":{"@id":"https:\/\/pilizota-winery.com\/sibenik-pilizota-vina\/#primaryimage"},"image":{"@id":"https:\/\/pilizota-winery.com\/sibenik-pilizota-vina\/#primaryimage"},"thumbnailUrl":"http:\/\/pilizota-winery.com\/wp-content\/uploads\/2025\/07\/iStock-177342106-1024x523.jpg","datePublished":"2025-05-06T07:16:39+00:00","dateModified":"2026-04-14T11:50:36+00:00","description":"Weingut Pili\u017eota","breadcrumb":{"@id":"https:\/\/pilizota-winery.com\/sibenik-pilizota-vina\/#breadcrumb"},"inLanguage":"de","potentialAction":[{"@type":"ReadAction","target":["https:\/\/pilizota-winery.com\/sibenik-pilizota-vina\/"]}]},{"@type":"ImageObject","inLanguage":"de","@id":"https:\/\/pilizota-winery.com\/sibenik-pilizota-vina\/#primaryimage","url":"http:\/\/pilizota-winery.com\/wp-content\/uploads\/2025\/07\/iStock-177342106-1024x523.jpg","contentUrl":"http:\/\/pilizota-winery.com\/wp-content\/uploads\/2025\/07\/iStock-177342106-1024x523.jpg"},{"@type":"BreadcrumbList","@id":"https:\/\/pilizota-winery.com\/sibenik-pilizota-vina\/#breadcrumb","itemListElement":[{"@type":"ListItem","position":1,"name":"Po\u010detna stranica","item":"http:\/\/pilizota-winery.com\/en\/"},{"@type":"ListItem","position":2,"name":"\u0160ibenik"}]},{"@type":"WebSite","@id":"http:\/\/pilizota-winery.com\/en\/#website","url":"http:\/\/pilizota-winery.com\/en\/","name":"Weingut Pili\u017eota","description":"Pilizota winery \u2013 autohtona vina Dalmacije: Babi\u0107 i Plavina","publisher":{"@id":"http:\/\/pilizota-winery.com\/en\/#organization"},"potentialAction":[{"@type":"SearchAction","target":{"@type":"EntryPoint","urlTemplate":"http:\/\/pilizota-winery.com\/en\/?s={search_term_string}"},"query-input":{"@type":"PropertyValueSpecification","valueRequired":true,"valueName":"search_term_string"}}],"inLanguage":"de"},{"@type":"Organization","@id":"http:\/\/pilizota-winery.com\/en\/#organization","name":"Weingut Pili\u017eota","url":"http:\/\/pilizota-winery.com\/en\/","logo":{"@type":"ImageObject","inLanguage":"de","@id":"http:\/\/pilizota-winery.com\/en\/#\/schema\/logo\/image\/","url":"https:\/\/pilizota-winery.com\/wp-content\/uploads\/2025\/07\/Frame-228.png","contentUrl":"https:\/\/pilizota-winery.com\/wp-content\/uploads\/2025\/07\/Frame-228.png","width":688,"height":185,"caption":"Pili\u017eota winery"},"image":{"@id":"http:\/\/pilizota-winery.com\/en\/#\/schema\/logo\/image\/"}}]}},"uagb_featured_image_src":{"full":false,"thumbnail":false,"medium":false,"medium_large":false,"large":false,"1536x1536":false,"2048x2048":false,"trp-custom-language-flag":false,"woocommerce_thumbnail":false,"woocommerce_single":false,"woocommerce_gallery_thumbnail":false},"uagb_author_info":{"display_name":"Vlasta Pili\u017eota","author_link":"https:\/\/pilizota-winery.com\/de\/author\/admin\/"},"uagb_comment_info":0,"uagb_excerpt":null,"_links":{"self":[{"href":"https:\/\/pilizota-winery.com\/de\/wp-json\/wp\/v2\/pages\/843","targetHints":{"allow":["GET"]}}],"collection":[{"href":"https:\/\/pilizota-winery.com\/de\/wp-json\/wp\/v2\/pages"}],"about":[{"href":"https:\/\/pilizota-winery.com\/de\/wp-json\/wp\/v2\/types\/page"}],"author":[{"embeddable":true,"href":"https:\/\/pilizota-winery.com\/de\/wp-json\/wp\/v2\/users\/1"}],"replies":[{"embeddable":true,"href":"https:\/\/pilizota-winery.com\/de\/wp-json\/wp\/v2\/comments?post=843"}],"version-history":[{"count":45,"href":"https:\/\/pilizota-winery.com\/de\/wp-json\/wp\/v2\/pages\/843\/revisions"}],"predecessor-version":[{"id":3050,"href":"https:\/\/pilizota-winery.com\/de\/wp-json\/wp\/v2\/pages\/843\/revisions\/3050"}],"wp:attachment":[{"href":"https:\/\/pilizota-winery.com\/de\/wp-json\/wp\/v2\/media?parent=843"}],"curies":[{"name":"wp","href":"https:\/\/api.w.org\/{rel}","templated":true}]}}