{"id":2972,"date":"2026-02-12T13:40:32","date_gmt":"2026-02-12T13:40:32","guid":{"rendered":"https:\/\/pilizota-winery.com\/?page_id=2972"},"modified":"2026-02-12T13:41:05","modified_gmt":"2026-02-12T13:41:05","slug":"babic-i-plavina","status":"publish","type":"page","link":"https:\/\/pilizota-winery.com\/de\/babic-i-plavina\/","title":{"rendered":"Babi\u0107 i plavina"},"content":{"rendered":"<div class=\"wp-block-uagb-container uagb-block-hley4gua alignfull uagb-is-root-container\"><div class=\"uagb-container-inner-blocks-wrap\">\n<div class=\"wp-block-uagb-info-box uagb-block-iic3j72z uagb-infobox__content-wrap  uagb-infobox-icon-above-title uagb-infobox-image-valign-top\"><div class=\"uagb-ifb-content\"><div class=\"uagb-ifb-title-wrap\"><h2 class=\"uagb-ifb-title\">Autochthone Weine Dalmatiens \u2013<br>Babi\u0107 und Plavina<\/h2><\/div><p class=\"uagb-ifb-desc\">Die autochthonen Weine des Weinbaugebiets \u0160ibenik entstehen unter einzigartigen nat\u00fcrlichen Bedingungen, die ihren Charakter, ihre Kraft und ihre unverwechselbare Identit\u00e4t pr\u00e4gen. Steinige B\u00f6den, mediterranes Klima und die N\u00e4he zum Meer schaffen ein ideales Umfeld f\u00fcr die Erzeugung unserer Weine.<br>Das Weingut Pili\u017eota konzentriert sich auf zwei zentrale Weinrebsorten des Weinbaugebiets \u0160ibenik \u2013 Babi\u0107 und Plavina. Je nach Lage der Weinberge und Traubenselektion werden diese Weine als Premium- oder Qualit\u00e4tsweine produziert.<\/p><\/div><\/div>\n\n\n\n<div class=\"wp-block-uagb-container uagb-block-lnsdkpk6 alignfull uagb-is-root-container\"><div class=\"uagb-container-inner-blocks-wrap\">\n<div class=\"wp-block-uagb-container uagb-block-mwnl0jcs\">\n<div class=\"wp-block-uagb-info-box uagb-block-8el6ustl uagb-infobox__content-wrap  uagb-infobox-icon-left-title uagb-infobox-left uagb-infobox-image-valign-middle\"><div class=\"uagb-ifb-content\"><div class=\"uagb-ifb-left-title-image\"><div class=\"uagb-ifb-title-wrap\"><h3 class=\"uagb-ifb-title\">Babi\u0107 Wein<\/h3><\/div><\/div><p class=\"uagb-ifb-desc\">Babi\u0107 ist der bekannteste autochthone Wein des Weinbaugebiets \u0160ibenik.<br>Dieser charaktervolle Rotwein ist eng mit den steinigen B\u00f6den verbunden, auf denen die Weinreben unter anspruchsvollen Bedingungen von Sonne, Wind und kargen B\u00f6den gedeihen.<br>Er zeichnet sich durch W\u00e4rme und Harmonie, eine tiefrubinrote Farbe, weiche und reife Tannine, ausgepr\u00e4gte Aromen dunkler Fr\u00fcchte und Gew\u00fcrze sowie eine kraftvolle Struktur mit gro\u00dfem Reifepotenzial aus.<br>Dank seiner Authentizit\u00e4t und seines unverwechselbaren Charakters z\u00e4hlt der Babi\u0107 zu den bedeutendsten kroatischen Rotweinen und wird sowohl auf dem heimischen als auch auf dem internationalen Markt sehr gesch\u00e4tzt.<\/p><\/div><\/div>\n<\/div>\n\n\n\n<div class=\"wp-block-uagb-image aligncenter uagb-block-h4h6uoss wp-block-uagb-image--layout-default wp-block-uagb-image--effect-static wp-block-uagb-image--align-center\"><figure class=\"wp-block-uagb-image__figure\"><img decoding=\"async\" srcset=\"https:\/\/pilizota-winery.com\/wp-content\/uploads\/2025\/07\/iStock-2210455902-1024x681.jpg ,https:\/\/pilizota-winery.com\/wp-content\/uploads\/2025\/07\/iStock-2210455902-scaled.jpg 780w, https:\/\/pilizota-winery.com\/wp-content\/uploads\/2025\/07\/iStock-2210455902-scaled.jpg 360w\" sizes=\"auto, (max-width: 480px) 150px\" src=\"https:\/\/pilizota-winery.com\/wp-content\/uploads\/2025\/07\/iStock-2210455902-1024x681.jpg\" alt=\"\" class=\"uag-image-2525\" width=\"384\" height=\"460\" title=\"Holzweinf\u00e4sser im Keller des Weinguts\" loading=\"lazy\" role=\"img\"\/><\/figure><\/div>\n\n\n\n<div class=\"wp-block-uagb-container uagb-block-ytevspcv\">\n<div class=\"wp-block-uagb-info-box uagb-block-znrygwq1 uagb-infobox__content-wrap  uagb-infobox-icon-left-title uagb-infobox-left uagb-infobox-image-valign-middle\"><div class=\"uagb-ifb-content\"><div class=\"uagb-ifb-left-title-image\"><div class=\"uagb-ifb-title-wrap\"><h3 class=\"uagb-ifb-title\">Plavina Wein<\/h3><\/div><\/div><p class=\"uagb-ifb-desc\">Plavina ist ein autochthoner Wein Dalmatiens, der seit Jahrhunderten im Weinbaugebiet \u0160ibenik beheimatet ist. In der Umgebung von \u0160ibenik zeigt er seine beste Ausdrucksform \u2013 eine harmonische Verbindung aus Leichtigkeit, Authentizit\u00e4t und Terroir.<br>Er zeichnet sich durch Eleganz und Frische, hohe Trinkfreudigkeit sowie ein aromatisches Profil von roten Fr\u00fcchten und feinen erdigen Noten aus.<br>Als Wein f\u00fcr den t\u00e4glichen Genuss und hervorragend geeignet f\u00fcr die Gastronomie wird Plavina seit Langem von Liebhabern naturbelassener und sortentypischer Weine gesch\u00e4tzt.<\/p><\/div><\/div>\n<\/div>\n<\/div><\/div>\n<\/div><\/div>","protected":false},"excerpt":{"rendered":"","protected":false},"author":2,"featured_media":0,"parent":0,"menu_order":0,"comment_status":"closed","ping_status":"closed","template":"","meta":{"_uag_custom_page_level_css":"","site-sidebar-layout":"default","site-content-layout":"","ast-site-content-layout":"default","site-content-style":"default","site-sidebar-style":"default","ast-global-header-display":"","ast-banner-title-visibility":"","ast-main-header-display":"","ast-hfb-above-header-display":"","ast-hfb-below-header-display":"","ast-hfb-mobile-header-display":"","site-post-title":"","ast-breadcrumbs-content":"","ast-featured-img":"","footer-sml-layout":"","ast-disable-related-posts":"","theme-transparent-header-meta":"","adv-header-id-meta":"","stick-header-meta":"","header-above-stick-meta":"","header-main-stick-meta":"","header-below-stick-meta":"","astra-migrate-meta-layouts":"set","ast-page-background-enabled":"default","ast-page-background-meta":{"desktop":{"background-color":"var(--ast-global-color-4)","background-image":"","background-repeat":"repeat","background-position":"center center","background-size":"auto","background-attachment":"scroll","background-type":"","background-media":"","overlay-type":"","overlay-color":"","overlay-opacity":"","overlay-gradient":""},"tablet":{"background-color":"","background-image":"","background-repeat":"repeat","background-position":"center center","background-size":"auto","background-attachment":"scroll","background-type":"","background-media":"","overlay-type":"","overlay-color":"","overlay-opacity":"","overlay-gradient":""},"mobile":{"background-color":"","background-image":"","background-repeat":"repeat","background-position":"center center","background-size":"auto","background-attachment":"scroll","background-type":"","background-media":"","overlay-type":"","overlay-color":"","overlay-opacity":"","overlay-gradient":""}},"ast-content-background-meta":{"desktop":{"background-color":"var(--ast-global-color-5)","background-image":"","background-repeat":"repeat","background-position":"center center","background-size":"auto","background-attachment":"scroll","background-type":"","background-media":"","overlay-type":"","overlay-color":"","overlay-opacity":"","overlay-gradient":""},"tablet":{"background-color":"var(--ast-global-color-5)","background-image":"","background-repeat":"repeat","background-position":"center center","background-size":"auto","background-attachment":"scroll","background-type":"","background-media":"","overlay-type":"","overlay-color":"","overlay-opacity":"","overlay-gradient":""},"mobile":{"background-color":"var(--ast-global-color-5)","background-image":"","background-repeat":"repeat","background-position":"center center","background-size":"auto","background-attachment":"scroll","background-type":"","background-media":"","overlay-type":"","overlay-color":"","overlay-opacity":"","overlay-gradient":""}},"footnotes":""},"class_list":["post-2972","page","type-page","status-publish","hentry"],"yoast_head":"<!-- This site is optimized with the Yoast SEO plugin v26.9 - https:\/\/yoast.com\/product\/yoast-seo-wordpress\/ -->\n<title>Babi\u0107 i plavina - Pili\u017eota winery<\/title>\n<meta name=\"description\" content=\"Pili\u017eota winery\" \/>\n<meta name=\"robots\" content=\"index, follow, max-snippet:-1, max-image-preview:large, max-video-preview:-1\" \/>\n<link rel=\"canonical\" href=\"https:\/\/pilizota-winery.com\/de\/babic-i-plavina\/\" \/>\n<meta property=\"og:locale\" content=\"de_DE\" \/>\n<meta property=\"og:type\" content=\"article\" \/>\n<meta property=\"og:title\" content=\"Babi\u0107 i plavina - Pili\u017eota winery\" \/>\n<meta property=\"og:description\" content=\"Pili\u017eota winery\" \/>\n<meta property=\"og:url\" content=\"https:\/\/pilizota-winery.com\/de\/babic-i-plavina\/\" \/>\n<meta property=\"og:site_name\" content=\"Pili\u017eota winery\" \/>\n<meta property=\"article:modified_time\" content=\"2026-02-12T13:41:05+00:00\" \/>\n<meta property=\"og:image\" content=\"http:\/\/pilizota-winery.com\/wp-content\/uploads\/2025\/07\/iStock-2210455902-1024x681.jpg\" \/>\n<meta name=\"twitter:card\" content=\"summary_large_image\" \/>\n<meta name=\"twitter:label1\" content=\"Gesch\u00e4tzte Lesezeit\" \/>\n\t<meta name=\"twitter:data1\" content=\"2\u00a0Minuten\" \/>\n<script type=\"application\/ld+json\" class=\"yoast-schema-graph\">{\"@context\":\"https:\/\/schema.org\",\"@graph\":[{\"@type\":\"WebPage\",\"@id\":\"https:\/\/pilizota-winery.com\/de\/babic-i-plavina\/\",\"url\":\"https:\/\/pilizota-winery.com\/de\/babic-i-plavina\/\",\"name\":\"Babi\u0107 i plavina - Pili\u017eota winery\",\"isPartOf\":{\"@id\":\"https:\/\/pilizota-winery.com\/#website\"},\"primaryImageOfPage\":{\"@id\":\"https:\/\/pilizota-winery.com\/de\/babic-i-plavina\/#primaryimage\"},\"image\":{\"@id\":\"https:\/\/pilizota-winery.com\/de\/babic-i-plavina\/#primaryimage\"},\"thumbnailUrl\":\"http:\/\/pilizota-winery.com\/wp-content\/uploads\/2025\/07\/iStock-2210455902-1024x681.jpg\",\"datePublished\":\"2026-02-12T13:40:32+00:00\",\"dateModified\":\"2026-02-12T13:41:05+00:00\",\"description\":\"Pili\u017eota winery\",\"breadcrumb\":{\"@id\":\"https:\/\/pilizota-winery.com\/de\/babic-i-plavina\/#breadcrumb\"},\"inLanguage\":\"de\",\"potentialAction\":[{\"@type\":\"ReadAction\",\"target\":[\"https:\/\/pilizota-winery.com\/de\/babic-i-plavina\/\"]}]},{\"@type\":\"ImageObject\",\"inLanguage\":\"de\",\"@id\":\"https:\/\/pilizota-winery.com\/de\/babic-i-plavina\/#primaryimage\",\"url\":\"http:\/\/pilizota-winery.com\/wp-content\/uploads\/2025\/07\/iStock-2210455902-1024x681.jpg\",\"contentUrl\":\"http:\/\/pilizota-winery.com\/wp-content\/uploads\/2025\/07\/iStock-2210455902-1024x681.jpg\"},{\"@type\":\"BreadcrumbList\",\"@id\":\"https:\/\/pilizota-winery.com\/de\/babic-i-plavina\/#breadcrumb\",\"itemListElement\":[{\"@type\":\"ListItem\",\"position\":1,\"name\":\"Po\u010detna stranica\",\"item\":\"http:\/\/pilizota-winery.com\/en\/\"},{\"@type\":\"ListItem\",\"position\":2,\"name\":\"Babi\u0107 i plavina\"}]},{\"@type\":\"WebSite\",\"@id\":\"https:\/\/pilizota-winery.com\/#website\",\"url\":\"https:\/\/pilizota-winery.com\/\",\"name\":\"Pili\u017eota winery\",\"description\":\"Pilizota winery \u2013 autohtona vina Dalmacije: Babi\u0107 i Plavina\",\"publisher\":{\"@id\":\"https:\/\/pilizota-winery.com\/#organization\"},\"potentialAction\":[{\"@type\":\"SearchAction\",\"target\":{\"@type\":\"EntryPoint\",\"urlTemplate\":\"https:\/\/pilizota-winery.com\/?s={search_term_string}\"},\"query-input\":{\"@type\":\"PropertyValueSpecification\",\"valueRequired\":true,\"valueName\":\"search_term_string\"}}],\"inLanguage\":\"de\"},{\"@type\":\"Organization\",\"@id\":\"https:\/\/pilizota-winery.com\/#organization\",\"name\":\"Pili\u017eota winery\",\"url\":\"https:\/\/pilizota-winery.com\/\",\"logo\":{\"@type\":\"ImageObject\",\"inLanguage\":\"de\",\"@id\":\"https:\/\/pilizota-winery.com\/#\/schema\/logo\/image\/\",\"url\":\"https:\/\/pilizota-winery.com\/wp-content\/uploads\/2025\/07\/Frame-228.png\",\"contentUrl\":\"https:\/\/pilizota-winery.com\/wp-content\/uploads\/2025\/07\/Frame-228.png\",\"width\":688,\"height\":185,\"caption\":\"Pili\u017eota winery\"},\"image\":{\"@id\":\"https:\/\/pilizota-winery.com\/#\/schema\/logo\/image\/\"}}]}<\/script>\n<!-- \/ Yoast SEO plugin. -->","yoast_head_json":{"title":"Babi\u0107 i plavina - Pili\u017eota winery","description":"Weingut Pili\u017eota","robots":{"index":"index","follow":"follow","max-snippet":"max-snippet:-1","max-image-preview":"max-image-preview:large","max-video-preview":"max-video-preview:-1"},"canonical":"https:\/\/pilizota-winery.com\/de\/babic-i-plavina\/","og_locale":"de_DE","og_type":"article","og_title":"Babi\u0107 i plavina - Pili\u017eota winery","og_description":"Pili\u017eota winery","og_url":"https:\/\/pilizota-winery.com\/de\/babic-i-plavina\/","og_site_name":"Pili\u017eota winery","article_modified_time":"2026-02-12T13:41:05+00:00","og_image":[{"url":"http:\/\/pilizota-winery.com\/wp-content\/uploads\/2025\/07\/iStock-2210455902-1024x681.jpg","type":"","width":"","height":""}],"twitter_card":"summary_large_image","twitter_misc":{"Gesch\u00e4tzte Lesezeit":"2\u00a0Minuten"},"schema":{"@context":"https:\/\/schema.org","@graph":[{"@type":"WebPage","@id":"https:\/\/pilizota-winery.com\/de\/babic-i-plavina\/","url":"https:\/\/pilizota-winery.com\/de\/babic-i-plavina\/","name":"Babi\u0107 i plavina - Pili\u017eota winery","isPartOf":{"@id":"https:\/\/pilizota-winery.com\/#website"},"primaryImageOfPage":{"@id":"https:\/\/pilizota-winery.com\/de\/babic-i-plavina\/#primaryimage"},"image":{"@id":"https:\/\/pilizota-winery.com\/de\/babic-i-plavina\/#primaryimage"},"thumbnailUrl":"http:\/\/pilizota-winery.com\/wp-content\/uploads\/2025\/07\/iStock-2210455902-1024x681.jpg","datePublished":"2026-02-12T13:40:32+00:00","dateModified":"2026-02-12T13:41:05+00:00","description":"Weingut Pili\u017eota","breadcrumb":{"@id":"https:\/\/pilizota-winery.com\/de\/babic-i-plavina\/#breadcrumb"},"inLanguage":"de","potentialAction":[{"@type":"ReadAction","target":["https:\/\/pilizota-winery.com\/de\/babic-i-plavina\/"]}]},{"@type":"ImageObject","inLanguage":"de","@id":"https:\/\/pilizota-winery.com\/de\/babic-i-plavina\/#primaryimage","url":"http:\/\/pilizota-winery.com\/wp-content\/uploads\/2025\/07\/iStock-2210455902-1024x681.jpg","contentUrl":"http:\/\/pilizota-winery.com\/wp-content\/uploads\/2025\/07\/iStock-2210455902-1024x681.jpg"},{"@type":"BreadcrumbList","@id":"https:\/\/pilizota-winery.com\/de\/babic-i-plavina\/#breadcrumb","itemListElement":[{"@type":"ListItem","position":1,"name":"Po\u010detna stranica","item":"http:\/\/pilizota-winery.com\/en\/"},{"@type":"ListItem","position":2,"name":"Babi\u0107 i plavina"}]},{"@type":"WebSite","@id":"https:\/\/pilizota-winery.com\/#website","url":"https:\/\/pilizota-winery.com\/","name":"Weingut Pili\u017eota","description":"Pilizota winery \u2013 autohtona vina Dalmacije: Babi\u0107 i Plavina","publisher":{"@id":"https:\/\/pilizota-winery.com\/#organization"},"potentialAction":[{"@type":"SearchAction","target":{"@type":"EntryPoint","urlTemplate":"https:\/\/pilizota-winery.com\/?s={search_term_string}"},"query-input":{"@type":"PropertyValueSpecification","valueRequired":true,"valueName":"search_term_string"}}],"inLanguage":"de"},{"@type":"Organization","@id":"https:\/\/pilizota-winery.com\/#organization","name":"Weingut Pili\u017eota","url":"https:\/\/pilizota-winery.com\/","logo":{"@type":"ImageObject","inLanguage":"de","@id":"https:\/\/pilizota-winery.com\/#\/schema\/logo\/image\/","url":"https:\/\/pilizota-winery.com\/wp-content\/uploads\/2025\/07\/Frame-228.png","contentUrl":"https:\/\/pilizota-winery.com\/wp-content\/uploads\/2025\/07\/Frame-228.png","width":688,"height":185,"caption":"Pili\u017eota winery"},"image":{"@id":"https:\/\/pilizota-winery.com\/#\/schema\/logo\/image\/"}}]}},"uagb_featured_image_src":{"full":false,"thumbnail":false,"medium":false,"medium_large":false,"large":false,"1536x1536":false,"2048x2048":false,"trp-custom-language-flag":false,"woocommerce_thumbnail":false,"woocommerce_single":false,"woocommerce_gallery_thumbnail":false},"uagb_author_info":{"display_name":"Ivica Pili\u017eota","author_link":"https:\/\/pilizota-winery.com\/de\/author\/pilizota\/"},"uagb_comment_info":0,"uagb_excerpt":null,"_links":{"self":[{"href":"https:\/\/pilizota-winery.com\/de\/wp-json\/wp\/v2\/pages\/2972","targetHints":{"allow":["GET"]}}],"collection":[{"href":"https:\/\/pilizota-winery.com\/de\/wp-json\/wp\/v2\/pages"}],"about":[{"href":"https:\/\/pilizota-winery.com\/de\/wp-json\/wp\/v2\/types\/page"}],"author":[{"embeddable":true,"href":"https:\/\/pilizota-winery.com\/de\/wp-json\/wp\/v2\/users\/2"}],"replies":[{"embeddable":true,"href":"https:\/\/pilizota-winery.com\/de\/wp-json\/wp\/v2\/comments?post=2972"}],"version-history":[{"count":2,"href":"https:\/\/pilizota-winery.com\/de\/wp-json\/wp\/v2\/pages\/2972\/revisions"}],"predecessor-version":[{"id":2975,"href":"https:\/\/pilizota-winery.com\/de\/wp-json\/wp\/v2\/pages\/2972\/revisions\/2975"}],"wp:attachment":[{"href":"https:\/\/pilizota-winery.com\/de\/wp-json\/wp\/v2\/media?parent=2972"}],"curies":[{"name":"wp","href":"https:\/\/api.w.org\/{rel}","templated":true}]}}