{"id":2594,"date":"2025-07-15T13:41:20","date_gmt":"2025-07-15T13:41:20","guid":{"rendered":"https:\/\/pilizota-winery.com\/?page_id=2594"},"modified":"2025-12-07T22:45:01","modified_gmt":"2025-12-07T22:45:01","slug":"nacin-placanja","status":"publish","type":"page","link":"https:\/\/pilizota-winery.com\/de\/nacin-placanja\/","title":{"rendered":"Zahlungsmethode"},"content":{"rendered":"<div class=\"wp-block-uagb-container uagb-block-ev608nqp alignfull uagb-is-root-container\"><div class=\"uagb-container-inner-blocks-wrap\">\n<div class=\"wp-block-uagb-advanced-heading uagb-block-sgwrf7ul\"><h2 class=\"uagb-heading-text\">Zahlungsmethode<\/h2><\/div>\n\n\n\n<div class=\"wp-block-uagb-advanced-heading uagb-block-bjvtidhv\"><p class=\"uagb-desc-text\"><br>Stripe, E-Banking (QR-Code), Virman.<br>Die Zahlung ist auf folgenden Wegen m\u00f6glich:<br>Direkt auf unser Bankkonto.<br>Einmalige Kreditkartenzahlung (Visa, American Express, Diners, Mastercard, Maestro, Discover, DinaCard) direkt \u00fcber unseren Webshop. Der Kreditkartenzahlungsservice wird von Stripe bereitgestellt und die Sicherheit Ihrer Daten ist gew\u00e4hrleistet.<br><\/p><\/div>\n\n\n\n<p>Bei Zahlungen in unserem Webshop nutzen Sie Stripe, ein fortschrittliches System f\u00fcr die sichere Akzeptanz von Zahlungskarten \u00fcber das Internet. Das Stripe-System gew\u00e4hrleistet die vollst\u00e4ndige Vertraulichkeit Ihrer Karten- und pers\u00f6nlichen Daten ab dem Zeitpunkt der Eingabe im Stripe-Zahlungsformular. Die Zahlungsdaten werden verschl\u00fcsselt von Ihrem Webbrowser an die kartenausgebende Bank \u00fcbertragen. Unser Shop hat zu keinem Zeitpunkt Zugriff auf die vollst\u00e4ndigen Daten Ihrer Zahlungskarte. Auch f\u00fcr Mitarbeiter des Stripe-Systems sind diese Daten nicht zug\u00e4nglich. Ein isolierter Kern \u00fcbertr\u00e4gt und verwaltet sensible Daten unabh\u00e4ngig und gew\u00e4hrleistet so deren absolute Sicherheit. Das Formular zur Eingabe der Zahlungsdaten ist mit einem hochsicheren SSL-Verschl\u00fcsselungscode gesch\u00fctzt. Alle gespeicherten Daten sind zus\u00e4tzlich durch Verschl\u00fcsselung mit einem nach FIPS 140-2 Level 3 zertifizierten kryptografischen Ger\u00e4t gesch\u00fctzt. Stripe erf\u00fcllt alle Anforderungen f\u00fchrender Kartenanbieter an die Sicherheit von Online-Zahlungen und arbeitet somit gem\u00e4\u00df dem Standard PCI DSS Level 1 \u2013 dem h\u00f6chsten Sicherheitsstandard der Zahlungskartenbranche. Bei Zahlungen mit Karten, die am 3-D Secure-Programm teilnehmen, best\u00e4tigt Ihre Bank neben der G\u00fcltigkeit der Karte selbst auch Ihre Identit\u00e4t mithilfe eines Tokens oder Passworts.<\/p>\n\n\n\n<p>Stripe behandelt alle erhobenen Informationen vertraulich und entsprechend. Die Informationen werden ausschlie\u00dflich f\u00fcr den vorgesehenen Zweck verwendet. Ihre sensiblen Daten sind absolut sicher, und ihre Vertraulichkeit wird durch modernste Schutzmechanismen gew\u00e4hrleistet. Es werden nur die Daten erhoben, die zur Durchf\u00fchrung der vorgeschriebenen, anspruchsvollen Verfahren f\u00fcr Online-Zahlungen erforderlich sind.<\/p>\n\n\n\n<p>Die in unserer Infrastruktur angewandten Sicherheitskontrollen und Betriebsabl\u00e4ufe gew\u00e4hrleisten die aktuelle Zuverl\u00e4ssigkeit des Stripe-Systems. Dar\u00fcber hinaus sichern und verbessern wir durch strenge Zugriffskontrollen, regelm\u00e4\u00dfige Sicherheits\u00fcberwachung und detaillierte Pr\u00fcfungen zur Vermeidung von Netzwerk-Schwachstellen sowie die geplante Implementierung von Informationssicherheitsma\u00dfnahmen kontinuierlich die Systemsicherheit und sch\u00fctzen so Ihre Kartendaten.<br>Vielen Dank, dass Sie Stripe nutzen!<\/p>\n\n\n\n<p><\/p>\n\n\n\n<p><\/p>\n\n\n\n<p><\/p>\n\n\n\n<p><\/p>\n\n\n\n<p><\/p>\n<\/div><\/div>","protected":false},"excerpt":{"rendered":"<p>Na\u010din pla\u0107anja Stripe, e-banking (QR code), virman.Platiti je mogu\u0107e na sljede\u0107e na\u010dine:Direktno na na\u0161 bankovni ra\u010dun.Jednokratno kreditnim karticama (Visa, American Express, Diners, Mastercard, Maestro, Discover, DinaCard) direktno putem na\u0161eg web shopa.Uslugu pla\u0107anja kreditnim karticama osigurava Stripe te je sigurnost Va\u0161ih podataka zajam\u010dena. Pri pla\u0107anju na na\u0161oj web trgovini koristite Stripe, napredni sustav za siguran prihvat [&hellip;]<\/p>","protected":false},"author":1,"featured_media":0,"parent":0,"menu_order":0,"comment_status":"closed","ping_status":"closed","template":"","meta":{"_uag_custom_page_level_css":"","site-sidebar-layout":"default","site-content-layout":"","ast-site-content-layout":"default","site-content-style":"default","site-sidebar-style":"default","ast-global-header-display":"","ast-banner-title-visibility":"","ast-main-header-display":"","ast-hfb-above-header-display":"","ast-hfb-below-header-display":"","ast-hfb-mobile-header-display":"","site-post-title":"","ast-breadcrumbs-content":"","ast-featured-img":"","footer-sml-layout":"","ast-disable-related-posts":"","theme-transparent-header-meta":"","adv-header-id-meta":"","stick-header-meta":"","header-above-stick-meta":"","header-main-stick-meta":"","header-below-stick-meta":"","astra-migrate-meta-layouts":"set","ast-page-background-enabled":"default","ast-page-background-meta":{"desktop":{"background-color":"var(--ast-global-color-4)","background-image":"","background-repeat":"repeat","background-position":"center center","background-size":"auto","background-attachment":"scroll","background-type":"","background-media":"","overlay-type":"","overlay-color":"","overlay-opacity":"","overlay-gradient":""},"tablet":{"background-color":"","background-image":"","background-repeat":"repeat","background-position":"center center","background-size":"auto","background-attachment":"scroll","background-type":"","background-media":"","overlay-type":"","overlay-color":"","overlay-opacity":"","overlay-gradient":""},"mobile":{"background-color":"","background-image":"","background-repeat":"repeat","background-position":"center center","background-size":"auto","background-attachment":"scroll","background-type":"","background-media":"","overlay-type":"","overlay-color":"","overlay-opacity":"","overlay-gradient":""}},"ast-content-background-meta":{"desktop":{"background-color":"var(--ast-global-color-5)","background-image":"","background-repeat":"repeat","background-position":"center center","background-size":"auto","background-attachment":"scroll","background-type":"","background-media":"","overlay-type":"","overlay-color":"","overlay-opacity":"","overlay-gradient":""},"tablet":{"background-color":"var(--ast-global-color-5)","background-image":"","background-repeat":"repeat","background-position":"center center","background-size":"auto","background-attachment":"scroll","background-type":"","background-media":"","overlay-type":"","overlay-color":"","overlay-opacity":"","overlay-gradient":""},"mobile":{"background-color":"var(--ast-global-color-5)","background-image":"","background-repeat":"repeat","background-position":"center center","background-size":"auto","background-attachment":"scroll","background-type":"","background-media":"","overlay-type":"","overlay-color":"","overlay-opacity":"","overlay-gradient":""}},"footnotes":""},"class_list":["post-2594","page","type-page","status-publish","hentry"],"yoast_head":"<!-- This site is optimized with the Yoast SEO plugin v26.9 - https:\/\/yoast.com\/product\/yoast-seo-wordpress\/ -->\n<title>Na\u010din pla\u0107anja - Pili\u017eota winery<\/title>\n<meta name=\"description\" content=\"Pili\u017eota winery\" \/>\n<meta name=\"robots\" content=\"index, follow, max-snippet:-1, max-image-preview:large, max-video-preview:-1\" \/>\n<link rel=\"canonical\" href=\"https:\/\/pilizota-winery.com\/de\/nacin-placanja\/\" \/>\n<meta property=\"og:locale\" content=\"de_DE\" \/>\n<meta property=\"og:type\" content=\"article\" \/>\n<meta property=\"og:title\" content=\"Na\u010din pla\u0107anja - Pili\u017eota winery\" \/>\n<meta property=\"og:description\" content=\"Pili\u017eota winery\" \/>\n<meta property=\"og:url\" content=\"https:\/\/pilizota-winery.com\/de\/nacin-placanja\/\" \/>\n<meta property=\"og:site_name\" content=\"Pili\u017eota winery\" \/>\n<meta property=\"article:modified_time\" content=\"2025-12-07T22:45:01+00:00\" \/>\n<meta property=\"og:image\" content=\"https:\/\/pilizota-winery.com\/wp-content\/uploads\/2025\/05\/SVE_BUTELJE_NA_BIJELOJ_POZADINI__12_-1-1_edited-removebg-preview.png\" \/>\n\t<meta property=\"og:image:width\" content=\"999\" \/>\n\t<meta property=\"og:image:height\" content=\"250\" \/>\n\t<meta property=\"og:image:type\" content=\"image\/png\" \/>\n<meta name=\"twitter:card\" content=\"summary_large_image\" \/>\n<meta name=\"twitter:label1\" content=\"Gesch\u00e4tzte Lesezeit\" \/>\n\t<meta name=\"twitter:data1\" content=\"2\u00a0Minuten\" \/>\n<script type=\"application\/ld+json\" class=\"yoast-schema-graph\">{\"@context\":\"https:\/\/schema.org\",\"@graph\":[{\"@type\":\"WebPage\",\"@id\":\"https:\/\/pilizota-winery.com\/nacin-placanja\/\",\"url\":\"https:\/\/pilizota-winery.com\/nacin-placanja\/\",\"name\":\"Na\u010din pla\u0107anja - Pili\u017eota winery\",\"isPartOf\":{\"@id\":\"https:\/\/pilizota-winery.com\/#website\"},\"datePublished\":\"2025-07-15T13:41:20+00:00\",\"dateModified\":\"2025-12-07T22:45:01+00:00\",\"description\":\"Pili\u017eota winery\",\"breadcrumb\":{\"@id\":\"https:\/\/pilizota-winery.com\/nacin-placanja\/#breadcrumb\"},\"inLanguage\":\"de\",\"potentialAction\":[{\"@type\":\"ReadAction\",\"target\":[\"https:\/\/pilizota-winery.com\/nacin-placanja\/\"]}]},{\"@type\":\"BreadcrumbList\",\"@id\":\"https:\/\/pilizota-winery.com\/nacin-placanja\/#breadcrumb\",\"itemListElement\":[{\"@type\":\"ListItem\",\"position\":1,\"name\":\"Po\u010detna stranica\",\"item\":\"https:\/\/pilizota-winery.com\/\"},{\"@type\":\"ListItem\",\"position\":2,\"name\":\"Na\u010din pla\u0107anja\"}]},{\"@type\":\"WebSite\",\"@id\":\"https:\/\/pilizota-winery.com\/#website\",\"url\":\"https:\/\/pilizota-winery.com\/\",\"name\":\"Pili\u017eota winery\",\"description\":\"Pilizota winery \u2013 autohtona vina Dalmacije: Babi\u0107 i Plavina\",\"publisher\":{\"@id\":\"https:\/\/pilizota-winery.com\/#organization\"},\"potentialAction\":[{\"@type\":\"SearchAction\",\"target\":{\"@type\":\"EntryPoint\",\"urlTemplate\":\"https:\/\/pilizota-winery.com\/?s={search_term_string}\"},\"query-input\":{\"@type\":\"PropertyValueSpecification\",\"valueRequired\":true,\"valueName\":\"search_term_string\"}}],\"inLanguage\":\"de\"},{\"@type\":\"Organization\",\"@id\":\"https:\/\/pilizota-winery.com\/#organization\",\"name\":\"Pili\u017eota winery\",\"url\":\"https:\/\/pilizota-winery.com\/\",\"logo\":{\"@type\":\"ImageObject\",\"inLanguage\":\"de\",\"@id\":\"https:\/\/pilizota-winery.com\/#\/schema\/logo\/image\/\",\"url\":\"https:\/\/pilizota-winery.com\/wp-content\/uploads\/2025\/07\/Frame-228.png\",\"contentUrl\":\"https:\/\/pilizota-winery.com\/wp-content\/uploads\/2025\/07\/Frame-228.png\",\"width\":688,\"height\":185,\"caption\":\"Pili\u017eota winery\"},\"image\":{\"@id\":\"https:\/\/pilizota-winery.com\/#\/schema\/logo\/image\/\"}}]}<\/script>\n<!-- \/ Yoast SEO plugin. -->","yoast_head_json":{"title":"Na\u010din pla\u0107anja - Pili\u017eota winery","description":"Weingut Pili\u017eota","robots":{"index":"index","follow":"follow","max-snippet":"max-snippet:-1","max-image-preview":"max-image-preview:large","max-video-preview":"max-video-preview:-1"},"canonical":"https:\/\/pilizota-winery.com\/de\/nacin-placanja\/","og_locale":"de_DE","og_type":"article","og_title":"Na\u010din pla\u0107anja - Pili\u017eota winery","og_description":"Pili\u017eota winery","og_url":"https:\/\/pilizota-winery.com\/de\/nacin-placanja\/","og_site_name":"Pili\u017eota winery","article_modified_time":"2025-12-07T22:45:01+00:00","og_image":[{"width":999,"height":250,"url":"https:\/\/pilizota-winery.com\/wp-content\/uploads\/2025\/05\/SVE_BUTELJE_NA_BIJELOJ_POZADINI__12_-1-1_edited-removebg-preview.png","type":"image\/png"}],"twitter_card":"summary_large_image","twitter_misc":{"Gesch\u00e4tzte Lesezeit":"2\u00a0Minuten"},"schema":{"@context":"https:\/\/schema.org","@graph":[{"@type":"WebPage","@id":"https:\/\/pilizota-winery.com\/nacin-placanja\/","url":"https:\/\/pilizota-winery.com\/nacin-placanja\/","name":"Na\u010din pla\u0107anja - Pili\u017eota winery","isPartOf":{"@id":"https:\/\/pilizota-winery.com\/#website"},"datePublished":"2025-07-15T13:41:20+00:00","dateModified":"2025-12-07T22:45:01+00:00","description":"Weingut Pili\u017eota","breadcrumb":{"@id":"https:\/\/pilizota-winery.com\/nacin-placanja\/#breadcrumb"},"inLanguage":"de","potentialAction":[{"@type":"ReadAction","target":["https:\/\/pilizota-winery.com\/nacin-placanja\/"]}]},{"@type":"BreadcrumbList","@id":"https:\/\/pilizota-winery.com\/nacin-placanja\/#breadcrumb","itemListElement":[{"@type":"ListItem","position":1,"name":"Po\u010detna stranica","item":"https:\/\/pilizota-winery.com\/"},{"@type":"ListItem","position":2,"name":"Na\u010din pla\u0107anja"}]},{"@type":"WebSite","@id":"https:\/\/pilizota-winery.com\/#website","url":"https:\/\/pilizota-winery.com\/","name":"Weingut Pili\u017eota","description":"Pilizota winery \u2013 autohtona vina Dalmacije: Babi\u0107 i Plavina","publisher":{"@id":"https:\/\/pilizota-winery.com\/#organization"},"potentialAction":[{"@type":"SearchAction","target":{"@type":"EntryPoint","urlTemplate":"https:\/\/pilizota-winery.com\/?s={search_term_string}"},"query-input":{"@type":"PropertyValueSpecification","valueRequired":true,"valueName":"search_term_string"}}],"inLanguage":"de"},{"@type":"Organization","@id":"https:\/\/pilizota-winery.com\/#organization","name":"Weingut Pili\u017eota","url":"https:\/\/pilizota-winery.com\/","logo":{"@type":"ImageObject","inLanguage":"de","@id":"https:\/\/pilizota-winery.com\/#\/schema\/logo\/image\/","url":"https:\/\/pilizota-winery.com\/wp-content\/uploads\/2025\/07\/Frame-228.png","contentUrl":"https:\/\/pilizota-winery.com\/wp-content\/uploads\/2025\/07\/Frame-228.png","width":688,"height":185,"caption":"Pili\u017eota winery"},"image":{"@id":"https:\/\/pilizota-winery.com\/#\/schema\/logo\/image\/"}}]}},"uagb_featured_image_src":{"full":false,"thumbnail":false,"medium":false,"medium_large":false,"large":false,"1536x1536":false,"2048x2048":false,"trp-custom-language-flag":false,"woocommerce_thumbnail":false,"woocommerce_single":false,"woocommerce_gallery_thumbnail":false},"uagb_author_info":{"display_name":"Vlasta Pili\u017eota","author_link":"https:\/\/pilizota-winery.com\/de\/author\/admin\/"},"uagb_comment_info":0,"uagb_excerpt":"Na\u010din pla\u0107anja Stripe, e-banking (QR code), virman.Platiti je mogu\u0107e na sljede\u0107e na\u010dine:Direktno na na\u0161 bankovni ra\u010dun.Jednokratno kreditnim karticama (Visa, American Express, Diners, Mastercard, Maestro, Discover, DinaCard) direktno putem na\u0161eg web shopa.Uslugu pla\u0107anja kreditnim karticama osigurava Stripe te je sigurnost Va\u0161ih podataka zajam\u010dena. Pri pla\u0107anju na na\u0161oj web trgovini koristite Stripe, napredni sustav za siguran prihvat&hellip;","_links":{"self":[{"href":"https:\/\/pilizota-winery.com\/de\/wp-json\/wp\/v2\/pages\/2594","targetHints":{"allow":["GET"]}}],"collection":[{"href":"https:\/\/pilizota-winery.com\/de\/wp-json\/wp\/v2\/pages"}],"about":[{"href":"https:\/\/pilizota-winery.com\/de\/wp-json\/wp\/v2\/types\/page"}],"author":[{"embeddable":true,"href":"https:\/\/pilizota-winery.com\/de\/wp-json\/wp\/v2\/users\/1"}],"replies":[{"embeddable":true,"href":"https:\/\/pilizota-winery.com\/de\/wp-json\/wp\/v2\/comments?post=2594"}],"version-history":[{"count":10,"href":"https:\/\/pilizota-winery.com\/de\/wp-json\/wp\/v2\/pages\/2594\/revisions"}],"predecessor-version":[{"id":2767,"href":"https:\/\/pilizota-winery.com\/de\/wp-json\/wp\/v2\/pages\/2594\/revisions\/2767"}],"wp:attachment":[{"href":"https:\/\/pilizota-winery.com\/de\/wp-json\/wp\/v2\/media?parent=2594"}],"curies":[{"name":"wp","href":"https:\/\/api.w.org\/{rel}","templated":true}]}}