{"id":2592,"date":"2025-07-15T13:40:52","date_gmt":"2025-07-15T13:40:52","guid":{"rendered":"https:\/\/pilizota-winery.com\/?page_id=2592"},"modified":"2026-02-10T15:29:20","modified_gmt":"2026-02-10T15:29:20","slug":"uvjeti-dostave","status":"publish","type":"page","link":"https:\/\/pilizota-winery.com\/de\/uvjeti-dostave\/","title":{"rendered":"Lieferbedingungen"},"content":{"rendered":"<div class=\"wp-block-uagb-container uagb-block-ev608nqp alignfull uagb-is-root-container\"><div class=\"uagb-container-inner-blocks-wrap\">\n<div class=\"wp-block-uagb-advanced-heading uagb-block-sgwrf7ul\"><h2 class=\"uagb-heading-text\">Lieferbedingungen<\/h2><\/div>\n\n\n\n<div class=\"wp-block-uagb-advanced-heading uagb-block-bjvtidhv\"><p class=\"uagb-desc-text\"><br><strong>LIEFERUNG IN KROATIEN<\/strong><br>\u2500\u2500\u2500\u2500\u2500\u2500\u2500\u2500\u2500\u2500\u2500\u2500\u2500\u2500\u2500\u2500<br>Wir liefern in die gesamte Republik Kroatien.<br>F\u00fcr Inseln (au\u00dfer Krk, Pag, Murter, \u010ciovo und Vir) gelten andere Lieferbedingungen und Preise \u2013 kontaktieren Sie uns f\u00fcr weitere Informationen.<br>Lieferzeit: 1-2 Werktage ab Zahlungseingang<br>Versandkosten: 4,90 EUR<br>Kostenloser Versand: ab einer Bestellung von 6 Flaschen (des gleichen oder unterschiedlichen Weines)<br><strong>LIEFERUNG IN DIE EU<\/strong><br>\u2500\u2500\u2500\u2500\u2500\u2500\u2500\u2500\u2500\u2500<br>Wir liefern in die gesamte EU (au\u00dfer Schweden, Zypern und Malta).<br>Lieferpreis und Lieferzeit nach Land:<br>SLOVENIJA     4,90 EUR 1-2 DANA<br>MA\u0110ARSKA    4,90 EUR 1-2 DANA<br>SLOVA\u010cKA     4,90 EUR 3-4 DANA<br>\u010cE\u0160KA            5,90 EUR 3-4 DANA<br>POLJSKA        5,90 EUR 3-4 DANA<br>NJEMA\u010cKA    7,90 EUR 3-4 DANA<br>Izra\u010dun cijene dostave je postavljen na temelju narud\u017ebe do 12 butelja istih ili razli\u010ditih vina.\u00a0<br>F\u00fcr die aufgef\u00fchrten L\u00e4nder sind Bestellungen ab 12 Flaschen kostenlos.<br>Tako\u0111er, za narud\u017ebe iznad 12 butelja najprikladniji na\u010din pakiranja su kutije od 6 i 12 butelja te za takve<br>narud\u017ebe (18, 24 i svakih sljede\u0107ih 6 ili 12 butelja) dostava besplatna.<br>OSTALE DR\u017dAVE EU<br>\u2500\u2500\u2500\u2500\u2500\u2500\u2500\u2500\u2500\u2500\u2500\u2500\u2500<br>AUSTRIJA          9,90 EUR 3-4 DANA<br>ITALIJA              9,90 EUR 3-5 DANA<br>BELGIJA            9,90 EUR 4-5 DANA<br>NIZOZEMSKA    9,90 EUR 4-5 DANA<br>LUKSEMBURG   9,90 EUR 4-5 DANA<br>LITVA                 9,90 EUR 4-5 DANA<br>LETONIJA          9,90 EUR 4-5 DANA<br>ESTONIJA          9,90 EUR 5-6 DANA<br>DANSKA            9,90 EUR 5-6 DANA<br>RUMUNJSKA     9,90 EUR 5-6 DANA<br>BUGARSKA        9,90 EUR 5-6 DANA<br>FRANCUSKA     11,90 EUR 5-6 DANA<br>\u0160PANJOLSKA    11,90 EUR 5-6 DANA<br>PORTUGAL        11,90 EUR 5-6 DANA<br>GR\u010cKA               11,90 EUR 6-7 DANA<br>FINSKA               19,90 EUR 6-7 DANA<br>IRSKA                 19,90 EUR 6-7 DANA<br>Bemerkung:<br>Izra\u010dun cijene dostave za navedene dr\u017eave je postavljen na temelju\u00a0narud\u017ebe do 12 butelja istih ili<br>razli\u010ditih vina.<br>Podaci u stupcu za rok isporuke su obavijesnog karaktera i nisu zajam\u010deni\u00a0jer su mogu\u0107a manja<br>odstupanja.<\/p><\/div>\n\n\n\n<p><\/p>\n<\/div><\/div>","protected":false},"excerpt":{"rendered":"<p>Uvjeti dostave DOSTAVA U HRVATSKOJ\u2500\u2500\u2500\u2500\u2500\u2500\u2500\u2500\u2500\u2500\u2500\u2500\u2500\u2500\u2500\u2500Dostavljamo na podru\u010dje cijele Republike Hrvatske.Za otoke (osim Krk, Pag, Murter, \u010ciovo i Vir) vrijede druga\u010diji uvjeti i cijene dostave \u2014 kontaktirajte nas za vi\u0161e informacija.Rok isporuke: 1-2 radna dana od primitka uplateCijena dostave: 4,90 EURBesplatna dostava: za narud\u017ebe od 6 i vi\u0161e butelja (istih ili razli\u010ditih vina)DOSTAVA U EU\u2500\u2500\u2500\u2500\u2500\u2500\u2500\u2500\u2500\u2500Dostavljamo na [&hellip;]<\/p>","protected":false},"author":1,"featured_media":0,"parent":0,"menu_order":0,"comment_status":"closed","ping_status":"closed","template":"","meta":{"_uag_custom_page_level_css":"","site-sidebar-layout":"default","site-content-layout":"","ast-site-content-layout":"default","site-content-style":"default","site-sidebar-style":"default","ast-global-header-display":"","ast-banner-title-visibility":"","ast-main-header-display":"","ast-hfb-above-header-display":"","ast-hfb-below-header-display":"","ast-hfb-mobile-header-display":"","site-post-title":"","ast-breadcrumbs-content":"","ast-featured-img":"","footer-sml-layout":"","ast-disable-related-posts":"","theme-transparent-header-meta":"","adv-header-id-meta":"","stick-header-meta":"","header-above-stick-meta":"","header-main-stick-meta":"","header-below-stick-meta":"","astra-migrate-meta-layouts":"set","ast-page-background-enabled":"default","ast-page-background-meta":{"desktop":{"background-color":"var(--ast-global-color-4)","background-image":"","background-repeat":"repeat","background-position":"center center","background-size":"auto","background-attachment":"scroll","background-type":"","background-media":"","overlay-type":"","overlay-color":"","overlay-opacity":"","overlay-gradient":""},"tablet":{"background-color":"","background-image":"","background-repeat":"repeat","background-position":"center center","background-size":"auto","background-attachment":"scroll","background-type":"","background-media":"","overlay-type":"","overlay-color":"","overlay-opacity":"","overlay-gradient":""},"mobile":{"background-color":"","background-image":"","background-repeat":"repeat","background-position":"center center","background-size":"auto","background-attachment":"scroll","background-type":"","background-media":"","overlay-type":"","overlay-color":"","overlay-opacity":"","overlay-gradient":""}},"ast-content-background-meta":{"desktop":{"background-color":"var(--ast-global-color-5)","background-image":"","background-repeat":"repeat","background-position":"center center","background-size":"auto","background-attachment":"scroll","background-type":"","background-media":"","overlay-type":"","overlay-color":"","overlay-opacity":"","overlay-gradient":""},"tablet":{"background-color":"var(--ast-global-color-5)","background-image":"","background-repeat":"repeat","background-position":"center center","background-size":"auto","background-attachment":"scroll","background-type":"","background-media":"","overlay-type":"","overlay-color":"","overlay-opacity":"","overlay-gradient":""},"mobile":{"background-color":"var(--ast-global-color-5)","background-image":"","background-repeat":"repeat","background-position":"center center","background-size":"auto","background-attachment":"scroll","background-type":"","background-media":"","overlay-type":"","overlay-color":"","overlay-opacity":"","overlay-gradient":""}},"footnotes":""},"class_list":["post-2592","page","type-page","status-publish","hentry"],"yoast_head":"<!-- This site is optimized with the Yoast SEO plugin v26.9 - https:\/\/yoast.com\/product\/yoast-seo-wordpress\/ -->\n<title>Uvjeti dostave - Pili\u017eota winery<\/title>\n<meta name=\"description\" content=\"Pili\u017eota winery\" \/>\n<meta name=\"robots\" content=\"index, follow, max-snippet:-1, max-image-preview:large, max-video-preview:-1\" \/>\n<link rel=\"canonical\" href=\"https:\/\/pilizota-winery.com\/de\/uvjeti-dostave\/\" \/>\n<meta property=\"og:locale\" content=\"de_DE\" \/>\n<meta property=\"og:type\" content=\"article\" \/>\n<meta property=\"og:title\" content=\"Uvjeti dostave - Pili\u017eota winery\" \/>\n<meta property=\"og:description\" content=\"Pili\u017eota winery\" \/>\n<meta property=\"og:url\" content=\"https:\/\/pilizota-winery.com\/de\/uvjeti-dostave\/\" \/>\n<meta property=\"og:site_name\" content=\"Pili\u017eota winery\" \/>\n<meta property=\"article:modified_time\" content=\"2026-02-10T15:29:20+00:00\" \/>\n<meta property=\"og:image\" content=\"https:\/\/pilizota-winery.com\/wp-content\/uploads\/2025\/05\/SVE_BUTELJE_NA_BIJELOJ_POZADINI__12_-1-1_edited-removebg-preview.png\" \/>\n\t<meta property=\"og:image:width\" content=\"999\" \/>\n\t<meta property=\"og:image:height\" content=\"250\" \/>\n\t<meta property=\"og:image:type\" content=\"image\/png\" \/>\n<meta name=\"twitter:card\" content=\"summary_large_image\" \/>\n<meta name=\"twitter:label1\" content=\"Gesch\u00e4tzte Lesezeit\" \/>\n\t<meta name=\"twitter:data1\" content=\"2\u00a0Minuten\" \/>\n<script type=\"application\/ld+json\" class=\"yoast-schema-graph\">{\"@context\":\"https:\/\/schema.org\",\"@graph\":[{\"@type\":\"WebPage\",\"@id\":\"https:\/\/pilizota-winery.com\/uvjeti-dostave\/\",\"url\":\"https:\/\/pilizota-winery.com\/uvjeti-dostave\/\",\"name\":\"Uvjeti dostave - Pili\u017eota winery\",\"isPartOf\":{\"@id\":\"https:\/\/pilizota-winery.com\/#website\"},\"datePublished\":\"2025-07-15T13:40:52+00:00\",\"dateModified\":\"2026-02-10T15:29:20+00:00\",\"description\":\"Pili\u017eota winery\",\"breadcrumb\":{\"@id\":\"https:\/\/pilizota-winery.com\/uvjeti-dostave\/#breadcrumb\"},\"inLanguage\":\"de\",\"potentialAction\":[{\"@type\":\"ReadAction\",\"target\":[\"https:\/\/pilizota-winery.com\/uvjeti-dostave\/\"]}]},{\"@type\":\"BreadcrumbList\",\"@id\":\"https:\/\/pilizota-winery.com\/uvjeti-dostave\/#breadcrumb\",\"itemListElement\":[{\"@type\":\"ListItem\",\"position\":1,\"name\":\"Po\u010detna stranica\",\"item\":\"https:\/\/pilizota-winery.com\/\"},{\"@type\":\"ListItem\",\"position\":2,\"name\":\"Uvjeti dostave\"}]},{\"@type\":\"WebSite\",\"@id\":\"https:\/\/pilizota-winery.com\/#website\",\"url\":\"https:\/\/pilizota-winery.com\/\",\"name\":\"Pili\u017eota winery\",\"description\":\"Pilizota winery \u2013 autohtona vina Dalmacije: Babi\u0107 i Plavina\",\"publisher\":{\"@id\":\"https:\/\/pilizota-winery.com\/#organization\"},\"potentialAction\":[{\"@type\":\"SearchAction\",\"target\":{\"@type\":\"EntryPoint\",\"urlTemplate\":\"https:\/\/pilizota-winery.com\/?s={search_term_string}\"},\"query-input\":{\"@type\":\"PropertyValueSpecification\",\"valueRequired\":true,\"valueName\":\"search_term_string\"}}],\"inLanguage\":\"de\"},{\"@type\":\"Organization\",\"@id\":\"https:\/\/pilizota-winery.com\/#organization\",\"name\":\"Pili\u017eota winery\",\"url\":\"https:\/\/pilizota-winery.com\/\",\"logo\":{\"@type\":\"ImageObject\",\"inLanguage\":\"de\",\"@id\":\"https:\/\/pilizota-winery.com\/#\/schema\/logo\/image\/\",\"url\":\"https:\/\/pilizota-winery.com\/wp-content\/uploads\/2025\/07\/Frame-228.png\",\"contentUrl\":\"https:\/\/pilizota-winery.com\/wp-content\/uploads\/2025\/07\/Frame-228.png\",\"width\":688,\"height\":185,\"caption\":\"Pili\u017eota winery\"},\"image\":{\"@id\":\"https:\/\/pilizota-winery.com\/#\/schema\/logo\/image\/\"}}]}<\/script>\n<!-- \/ Yoast SEO plugin. -->","yoast_head_json":{"title":"Uvjeti dostave - Pili\u017eota winery","description":"Weingut Pili\u017eota","robots":{"index":"index","follow":"follow","max-snippet":"max-snippet:-1","max-image-preview":"max-image-preview:large","max-video-preview":"max-video-preview:-1"},"canonical":"https:\/\/pilizota-winery.com\/de\/uvjeti-dostave\/","og_locale":"de_DE","og_type":"article","og_title":"Uvjeti dostave - Pili\u017eota winery","og_description":"Pili\u017eota winery","og_url":"https:\/\/pilizota-winery.com\/de\/uvjeti-dostave\/","og_site_name":"Pili\u017eota winery","article_modified_time":"2026-02-10T15:29:20+00:00","og_image":[{"width":999,"height":250,"url":"https:\/\/pilizota-winery.com\/wp-content\/uploads\/2025\/05\/SVE_BUTELJE_NA_BIJELOJ_POZADINI__12_-1-1_edited-removebg-preview.png","type":"image\/png"}],"twitter_card":"summary_large_image","twitter_misc":{"Gesch\u00e4tzte Lesezeit":"2\u00a0Minuten"},"schema":{"@context":"https:\/\/schema.org","@graph":[{"@type":"WebPage","@id":"https:\/\/pilizota-winery.com\/uvjeti-dostave\/","url":"https:\/\/pilizota-winery.com\/uvjeti-dostave\/","name":"Uvjeti dostave - Pili\u017eota winery","isPartOf":{"@id":"https:\/\/pilizota-winery.com\/#website"},"datePublished":"2025-07-15T13:40:52+00:00","dateModified":"2026-02-10T15:29:20+00:00","description":"Weingut Pili\u017eota","breadcrumb":{"@id":"https:\/\/pilizota-winery.com\/uvjeti-dostave\/#breadcrumb"},"inLanguage":"de","potentialAction":[{"@type":"ReadAction","target":["https:\/\/pilizota-winery.com\/uvjeti-dostave\/"]}]},{"@type":"BreadcrumbList","@id":"https:\/\/pilizota-winery.com\/uvjeti-dostave\/#breadcrumb","itemListElement":[{"@type":"ListItem","position":1,"name":"Po\u010detna stranica","item":"https:\/\/pilizota-winery.com\/"},{"@type":"ListItem","position":2,"name":"Uvjeti dostave"}]},{"@type":"WebSite","@id":"https:\/\/pilizota-winery.com\/#website","url":"https:\/\/pilizota-winery.com\/","name":"Weingut Pili\u017eota","description":"Pilizota winery \u2013 autohtona vina Dalmacije: Babi\u0107 i Plavina","publisher":{"@id":"https:\/\/pilizota-winery.com\/#organization"},"potentialAction":[{"@type":"SearchAction","target":{"@type":"EntryPoint","urlTemplate":"https:\/\/pilizota-winery.com\/?s={search_term_string}"},"query-input":{"@type":"PropertyValueSpecification","valueRequired":true,"valueName":"search_term_string"}}],"inLanguage":"de"},{"@type":"Organization","@id":"https:\/\/pilizota-winery.com\/#organization","name":"Weingut Pili\u017eota","url":"https:\/\/pilizota-winery.com\/","logo":{"@type":"ImageObject","inLanguage":"de","@id":"https:\/\/pilizota-winery.com\/#\/schema\/logo\/image\/","url":"https:\/\/pilizota-winery.com\/wp-content\/uploads\/2025\/07\/Frame-228.png","contentUrl":"https:\/\/pilizota-winery.com\/wp-content\/uploads\/2025\/07\/Frame-228.png","width":688,"height":185,"caption":"Pili\u017eota winery"},"image":{"@id":"https:\/\/pilizota-winery.com\/#\/schema\/logo\/image\/"}}]}},"uagb_featured_image_src":{"full":false,"thumbnail":false,"medium":false,"medium_large":false,"large":false,"1536x1536":false,"2048x2048":false,"trp-custom-language-flag":false,"woocommerce_thumbnail":false,"woocommerce_single":false,"woocommerce_gallery_thumbnail":false},"uagb_author_info":{"display_name":"Vlasta Pili\u017eota","author_link":"https:\/\/pilizota-winery.com\/de\/author\/admin\/"},"uagb_comment_info":0,"uagb_excerpt":"Uvjeti dostave DOSTAVA U HRVATSKOJ\u2500\u2500\u2500\u2500\u2500\u2500\u2500\u2500\u2500\u2500\u2500\u2500\u2500\u2500\u2500\u2500Dostavljamo na podru\u010dje cijele Republike Hrvatske.Za otoke (osim Krk, Pag, Murter, \u010ciovo i Vir) vrijede druga\u010diji uvjeti i cijene dostave \u2014 kontaktirajte nas za vi\u0161e informacija.Rok isporuke: 1-2 radna dana od primitka uplateCijena dostave: 4,90 EURBesplatna dostava: za narud\u017ebe od 6 i vi\u0161e butelja (istih ili razli\u010ditih vina)DOSTAVA U EU\u2500\u2500\u2500\u2500\u2500\u2500\u2500\u2500\u2500\u2500Dostavljamo na&hellip;","_links":{"self":[{"href":"https:\/\/pilizota-winery.com\/de\/wp-json\/wp\/v2\/pages\/2592","targetHints":{"allow":["GET"]}}],"collection":[{"href":"https:\/\/pilizota-winery.com\/de\/wp-json\/wp\/v2\/pages"}],"about":[{"href":"https:\/\/pilizota-winery.com\/de\/wp-json\/wp\/v2\/types\/page"}],"author":[{"embeddable":true,"href":"https:\/\/pilizota-winery.com\/de\/wp-json\/wp\/v2\/users\/1"}],"replies":[{"embeddable":true,"href":"https:\/\/pilizota-winery.com\/de\/wp-json\/wp\/v2\/comments?post=2592"}],"version-history":[{"count":12,"href":"https:\/\/pilizota-winery.com\/de\/wp-json\/wp\/v2\/pages\/2592\/revisions"}],"predecessor-version":[{"id":2924,"href":"https:\/\/pilizota-winery.com\/de\/wp-json\/wp\/v2\/pages\/2592\/revisions\/2924"}],"wp:attachment":[{"href":"https:\/\/pilizota-winery.com\/de\/wp-json\/wp\/v2\/media?parent=2592"}],"curies":[{"name":"wp","href":"https:\/\/api.w.org\/{rel}","templated":true}]}}