{"id":2562,"date":"2025-07-13T22:33:43","date_gmt":"2025-07-13T22:33:43","guid":{"rendered":"https:\/\/pilizota-winery.com\/?page_id=2562"},"modified":"2026-02-13T17:54:33","modified_gmt":"2026-02-13T17:54:33","slug":"pravila-privatnosti","status":"publish","type":"page","link":"https:\/\/pilizota-winery.com\/de\/pravila-privatnosti\/","title":{"rendered":"Datenschutzrichtlinie"},"content":{"rendered":"<div class=\"wp-block-uagb-container uagb-block-ev608nqp alignfull uagb-is-root-container\"><div class=\"uagb-container-inner-blocks-wrap\">\n<div class=\"wp-block-uagb-advanced-heading uagb-block-sgwrf7ul\"><h2 class=\"uagb-heading-text\">Datenschutzrichtlinie<\/h2><\/div>\n\n\n\n<div class=\"wp-block-uagb-advanced-heading uagb-block-bjvtidhv\"><p class=\"uagb-desc-text\">1. Verantwortlicher und Datenschutzbeauftragter<br><strong>Vinarsko gospodarstvo Pili\u017eota<\/strong>, kao vlasnik web stranice i trgovine Vinarija Pili\u017eota, po\u0161tuje va\u0161u privatnost i obvezuje se za\u0161tititi je tijekom i nakon va\u0161eg posjeta ovoj web stranici, povezanoj mobilnoj stranici i bilo kojoj mikro stranici (koje mogu biti administrirane u ime <strong>Vinarsko gospodarstvo Pili\u017eota<\/strong> von einem Dritten, der in der Regel als Auftragsverarbeiter fungiert), auf die \u00fcber diese Site zugegriffen werden kann (nachfolgend als \u201eSite\u201c und gemeinsam als \u201eSites\u201c bezeichnet).<br>In diesem Sinne <strong>Vinarsko gospodarstvo Pili\u017eota<\/strong> fungiert als Verantwortlicher (\u201eVerantwortlicher\u201c).<br>Diese Datenschutzrichtlinie (\u201eDatenschutzrichtlinie\u201c) bietet Einblick in unsere Praktiken hinsichtlich der Erfassung, Verwendung und des Schutzes Ihrer personenbezogenen Daten.<br>Wenn Sie Fragen oder W\u00fcnsche zu Ihren personenbezogenen Daten haben, k\u00f6nnen Sie uns per E-Mail kontaktieren:<br>\ud83d\udce7 vinarskogospodarstvopilizota@yahoo.com ili info@pilizota-winery.com<br><br>2. Welche Daten erheben wir?<br>Wir k\u00f6nnen die folgenden Kategorien personenbezogener Daten erfassen:<br>Vor- und Nachname<br>Kontaktdaten (z. B. E-Mail-Adresse, Telefonnummer)<br>IP-Adresse<br>Daten zum Surfen und zur Interaktion mit der Website<br>Vom Nutzer \u00fcber das Kontaktformular oder Bestellungen eingegebene Daten<br><br>3. Zweck der Datenverarbeitung<br>Wir verwenden Ihre personenbezogenen Daten ausschlie\u00dflich f\u00fcr folgende Zwecke:<br>Beantwortung von Anfragen, die Sie \u00fcber das Kontaktformular senden<br>Auftragsabwicklung und -erf\u00fcllung<br>Zusendung von Informationen zu unseren Produkten und Dienstleistungen (nur mit Ihrer Einwilligung)<br>Verbesserung der Funktionalit\u00e4t und Benutzerfreundlichkeit der Website<br>Erf\u00fcllung gesetzlicher Verpflichtungen<br><br>4. Rechtsgrundlage der Verarbeitung<br>Wir verarbeiten Ihre personenbezogenen Daten auf Grundlage von:<br>Ihre Einwilligung (Art. 6 Abs. 1 lit. a) DSGVO)<br>Erf\u00fcllung von Vertr\u00e4gen (Art. 6 Abs. 1 lit. b DSGVO)<br>Unsere berechtigten Interessen (Art. 6 Abs. 1 lit. f) DSGVO), wie z. B. Systemsicherheit und Verkehrsanalyse<br>Rechtliche Verpflichtungen (Artikel 6.1.c) DSGVO)<br><br>5. Cookies<br>Unsere Website verwendet Cookies, um die Funktionalit\u00e4t zu verbessern und die Website-Nutzung zu analysieren. Weitere Informationen zu Cookies und wie Sie diese deaktivieren k\u00f6nnen, finden Sie in <a href=\"#\" class=\"\">Cookie-Richtlinie<\/a>.<br><br>6. Weitergabe von Daten an Dritte<br>Ihre Daten werden ohne Ihre ausdr\u00fcckliche Zustimmung weder verkauft, vermietet noch an Dritte weitergegeben, es sei denn, dies ist zur Erbringung der Dienste (z. B. Lieferdienst, Hosting-Partner) erforderlich oder gesetzlich vorgeschrieben.<br>Alle unsere Partner sind verpflichtet, ein angemessenes Datenschutzniveau sicherzustellen.<br><br>7. Wie lange speichern wir Ihre Daten?<br>Wir speichern Ihre personenbezogenen Daten nur so lange, wie es f\u00fcr die Erf\u00fcllung des Zwecks, f\u00fcr den sie erhoben wurden, erforderlich ist, sofern keine anders lautenden gesetzlichen Verpflichtungen bestehen. Nach Ablauf dieser Frist werden die Daten gel\u00f6scht oder anonymisiert.<br><br>8. Ihre Rechte<br>Gem\u00e4\u00df der DSGVO haben Sie das Recht:<br><strong>Zugang<\/strong> personenbezogene Daten<br><strong>Korrektur<\/strong> falsche Daten<br><strong>Streichung<\/strong> (\u201eRecht auf Vergessenwerden\u201c), wenn sie nicht mehr ben\u00f6tigt werden oder Sie Ihre Einwilligung widerrufen haben<br><strong>Einschr\u00e4nkung der Verarbeitung<\/strong><br><strong>Daten\u00fcbertragung<\/strong> an einen anderen Controller<br><strong>Beschwerde<\/strong> zur Datenverarbeitung<br>Jederzeitiger Widerruf der Einwilligung<br>Um Ihre Rechte auszu\u00fcben, kontaktieren Sie uns bitte per E-Mail:<br>\ud83d\udce7 vinarskogospodarstvopilizota@yahoo.com ili <strong><a>info@pilizota-winery.com<\/a><\/strong><br><br>9. Datensicherheit<br>Wir setzen technische und organisatorische Sicherheitsma\u00dfnahmen ein, um den unbefugten Zugriff, den Verlust oder den Missbrauch Ihrer personenbezogenen Daten zu verhindern. Wir f\u00fchren regelm\u00e4\u00dfig Sicherheitskontrollen und Upgrades unserer Systeme durch.<br><br>10. Links zu anderen Websites<br>Unsere Website kann Links zu anderen Websites enthalten. Wir sind nicht f\u00fcr den Inhalt oder die Datenschutzrichtlinien dieser Websites verantwortlich. Wir empfehlen Ihnen, deren Datenschutzrichtlinien zu lesen, wenn Sie diese Websites besuchen.<br><br>11. \u00c4nderungen der Datenschutzerkl\u00e4rung<br>Wir behalten uns das Recht vor, diese Datenschutzrichtlinie jederzeit zu \u00e4ndern. Alle \u00c4nderungen werden auf dieser Seite ver\u00f6ffentlicht und das Datum der letzten \u00c4nderung wird am Ende des Dokuments aktualisiert.<\/p><\/div>\n<\/div><\/div>","protected":false},"excerpt":{"rendered":"<p>Pravila privatnosti 1. Voditelj obrade i slu\u017ebenik za za\u0161titu podatakaVinarsko gospodarstvo Pili\u017eota, kao vlasnik web stranice i trgovine Vinarija Pili\u017eota, po\u0161tuje va\u0161u privatnost i obvezuje se za\u0161tititi je tijekom i nakon va\u0161eg posjeta ovoj web stranici, povezanoj mobilnoj stranici i bilo kojoj mikro stranici (koje mogu biti administrirane u ime Vinarsko gospodarstvo Pili\u017eota od tre\u0107e [&hellip;]<\/p>","protected":false},"author":1,"featured_media":0,"parent":0,"menu_order":0,"comment_status":"closed","ping_status":"closed","template":"","meta":{"_uag_custom_page_level_css":"","site-sidebar-layout":"default","site-content-layout":"","ast-site-content-layout":"default","site-content-style":"default","site-sidebar-style":"default","ast-global-header-display":"","ast-banner-title-visibility":"","ast-main-header-display":"","ast-hfb-above-header-display":"","ast-hfb-below-header-display":"","ast-hfb-mobile-header-display":"","site-post-title":"","ast-breadcrumbs-content":"","ast-featured-img":"","footer-sml-layout":"","ast-disable-related-posts":"","theme-transparent-header-meta":"","adv-header-id-meta":"","stick-header-meta":"","header-above-stick-meta":"","header-main-stick-meta":"","header-below-stick-meta":"","astra-migrate-meta-layouts":"set","ast-page-background-enabled":"default","ast-page-background-meta":{"desktop":{"background-color":"var(--ast-global-color-4)","background-image":"","background-repeat":"repeat","background-position":"center center","background-size":"auto","background-attachment":"scroll","background-type":"","background-media":"","overlay-type":"","overlay-color":"","overlay-opacity":"","overlay-gradient":""},"tablet":{"background-color":"","background-image":"","background-repeat":"repeat","background-position":"center center","background-size":"auto","background-attachment":"scroll","background-type":"","background-media":"","overlay-type":"","overlay-color":"","overlay-opacity":"","overlay-gradient":""},"mobile":{"background-color":"","background-image":"","background-repeat":"repeat","background-position":"center center","background-size":"auto","background-attachment":"scroll","background-type":"","background-media":"","overlay-type":"","overlay-color":"","overlay-opacity":"","overlay-gradient":""}},"ast-content-background-meta":{"desktop":{"background-color":"var(--ast-global-color-5)","background-image":"","background-repeat":"repeat","background-position":"center center","background-size":"auto","background-attachment":"scroll","background-type":"","background-media":"","overlay-type":"","overlay-color":"","overlay-opacity":"","overlay-gradient":""},"tablet":{"background-color":"var(--ast-global-color-5)","background-image":"","background-repeat":"repeat","background-position":"center center","background-size":"auto","background-attachment":"scroll","background-type":"","background-media":"","overlay-type":"","overlay-color":"","overlay-opacity":"","overlay-gradient":""},"mobile":{"background-color":"var(--ast-global-color-5)","background-image":"","background-repeat":"repeat","background-position":"center center","background-size":"auto","background-attachment":"scroll","background-type":"","background-media":"","overlay-type":"","overlay-color":"","overlay-opacity":"","overlay-gradient":""}},"footnotes":""},"class_list":["post-2562","page","type-page","status-publish","hentry"],"yoast_head":"<!-- This site is optimized with the Yoast SEO plugin v26.9 - https:\/\/yoast.com\/product\/yoast-seo-wordpress\/ -->\n<title>Pravila privatnosti - Pili\u017eota winery<\/title>\n<meta name=\"description\" content=\"Pili\u017eota winery\" \/>\n<meta name=\"robots\" content=\"index, follow, max-snippet:-1, max-image-preview:large, max-video-preview:-1\" \/>\n<link rel=\"canonical\" href=\"https:\/\/pilizota-winery.com\/de\/pravila-privatnosti\/\" \/>\n<meta property=\"og:locale\" content=\"de_DE\" \/>\n<meta property=\"og:type\" content=\"article\" \/>\n<meta property=\"og:title\" content=\"Pravila privatnosti - Pili\u017eota winery\" \/>\n<meta property=\"og:description\" content=\"Pili\u017eota winery\" \/>\n<meta property=\"og:url\" content=\"https:\/\/pilizota-winery.com\/de\/pravila-privatnosti\/\" \/>\n<meta property=\"og:site_name\" content=\"Pili\u017eota winery\" \/>\n<meta property=\"article:modified_time\" content=\"2026-02-13T17:54:33+00:00\" \/>\n<meta property=\"og:image\" content=\"https:\/\/pilizota-winery.com\/wp-content\/uploads\/2025\/05\/SVE_BUTELJE_NA_BIJELOJ_POZADINI__12_-1-1_edited-removebg-preview.png\" \/>\n\t<meta property=\"og:image:width\" content=\"999\" \/>\n\t<meta property=\"og:image:height\" content=\"250\" \/>\n\t<meta property=\"og:image:type\" content=\"image\/png\" \/>\n<meta name=\"twitter:card\" content=\"summary_large_image\" \/>\n<meta name=\"twitter:label1\" content=\"Gesch\u00e4tzte Lesezeit\" \/>\n\t<meta name=\"twitter:data1\" content=\"3\u00a0Minuten\" \/>\n<script type=\"application\/ld+json\" class=\"yoast-schema-graph\">{\"@context\":\"https:\/\/schema.org\",\"@graph\":[{\"@type\":\"WebPage\",\"@id\":\"https:\/\/pilizota-winery.com\/pravila-privatnosti\/\",\"url\":\"https:\/\/pilizota-winery.com\/pravila-privatnosti\/\",\"name\":\"Pravila privatnosti - Pili\u017eota winery\",\"isPartOf\":{\"@id\":\"https:\/\/pilizota-winery.com\/#website\"},\"datePublished\":\"2025-07-13T22:33:43+00:00\",\"dateModified\":\"2026-02-13T17:54:33+00:00\",\"description\":\"Pili\u017eota winery\",\"breadcrumb\":{\"@id\":\"https:\/\/pilizota-winery.com\/pravila-privatnosti\/#breadcrumb\"},\"inLanguage\":\"de\",\"potentialAction\":[{\"@type\":\"ReadAction\",\"target\":[\"https:\/\/pilizota-winery.com\/pravila-privatnosti\/\"]}]},{\"@type\":\"BreadcrumbList\",\"@id\":\"https:\/\/pilizota-winery.com\/pravila-privatnosti\/#breadcrumb\",\"itemListElement\":[{\"@type\":\"ListItem\",\"position\":1,\"name\":\"Po\u010detna stranica\",\"item\":\"https:\/\/pilizota-winery.com\/\"},{\"@type\":\"ListItem\",\"position\":2,\"name\":\"Pravila privatnosti\"}]},{\"@type\":\"WebSite\",\"@id\":\"https:\/\/pilizota-winery.com\/#website\",\"url\":\"https:\/\/pilizota-winery.com\/\",\"name\":\"Pili\u017eota winery\",\"description\":\"Pilizota winery \u2013 autohtona vina Dalmacije: Babi\u0107 i Plavina\",\"publisher\":{\"@id\":\"https:\/\/pilizota-winery.com\/#organization\"},\"potentialAction\":[{\"@type\":\"SearchAction\",\"target\":{\"@type\":\"EntryPoint\",\"urlTemplate\":\"https:\/\/pilizota-winery.com\/?s={search_term_string}\"},\"query-input\":{\"@type\":\"PropertyValueSpecification\",\"valueRequired\":true,\"valueName\":\"search_term_string\"}}],\"inLanguage\":\"de\"},{\"@type\":\"Organization\",\"@id\":\"https:\/\/pilizota-winery.com\/#organization\",\"name\":\"Pili\u017eota winery\",\"url\":\"https:\/\/pilizota-winery.com\/\",\"logo\":{\"@type\":\"ImageObject\",\"inLanguage\":\"de\",\"@id\":\"https:\/\/pilizota-winery.com\/#\/schema\/logo\/image\/\",\"url\":\"https:\/\/pilizota-winery.com\/wp-content\/uploads\/2025\/07\/Frame-228.png\",\"contentUrl\":\"https:\/\/pilizota-winery.com\/wp-content\/uploads\/2025\/07\/Frame-228.png\",\"width\":688,\"height\":185,\"caption\":\"Pili\u017eota winery\"},\"image\":{\"@id\":\"https:\/\/pilizota-winery.com\/#\/schema\/logo\/image\/\"}}]}<\/script>\n<!-- \/ Yoast SEO plugin. -->","yoast_head_json":{"title":"Pravila privatnosti - Pili\u017eota winery","description":"Weingut Pili\u017eota","robots":{"index":"index","follow":"follow","max-snippet":"max-snippet:-1","max-image-preview":"max-image-preview:large","max-video-preview":"max-video-preview:-1"},"canonical":"https:\/\/pilizota-winery.com\/de\/pravila-privatnosti\/","og_locale":"de_DE","og_type":"article","og_title":"Pravila privatnosti - Pili\u017eota winery","og_description":"Pili\u017eota winery","og_url":"https:\/\/pilizota-winery.com\/de\/pravila-privatnosti\/","og_site_name":"Pili\u017eota winery","article_modified_time":"2026-02-13T17:54:33+00:00","og_image":[{"width":999,"height":250,"url":"https:\/\/pilizota-winery.com\/wp-content\/uploads\/2025\/05\/SVE_BUTELJE_NA_BIJELOJ_POZADINI__12_-1-1_edited-removebg-preview.png","type":"image\/png"}],"twitter_card":"summary_large_image","twitter_misc":{"Gesch\u00e4tzte Lesezeit":"3\u00a0Minuten"},"schema":{"@context":"https:\/\/schema.org","@graph":[{"@type":"WebPage","@id":"https:\/\/pilizota-winery.com\/pravila-privatnosti\/","url":"https:\/\/pilizota-winery.com\/pravila-privatnosti\/","name":"Pravila privatnosti - Pili\u017eota winery","isPartOf":{"@id":"https:\/\/pilizota-winery.com\/#website"},"datePublished":"2025-07-13T22:33:43+00:00","dateModified":"2026-02-13T17:54:33+00:00","description":"Weingut Pili\u017eota","breadcrumb":{"@id":"https:\/\/pilizota-winery.com\/pravila-privatnosti\/#breadcrumb"},"inLanguage":"de","potentialAction":[{"@type":"ReadAction","target":["https:\/\/pilizota-winery.com\/pravila-privatnosti\/"]}]},{"@type":"BreadcrumbList","@id":"https:\/\/pilizota-winery.com\/pravila-privatnosti\/#breadcrumb","itemListElement":[{"@type":"ListItem","position":1,"name":"Po\u010detna stranica","item":"https:\/\/pilizota-winery.com\/"},{"@type":"ListItem","position":2,"name":"Pravila privatnosti"}]},{"@type":"WebSite","@id":"https:\/\/pilizota-winery.com\/#website","url":"https:\/\/pilizota-winery.com\/","name":"Weingut Pili\u017eota","description":"Pilizota winery \u2013 autohtona vina Dalmacije: Babi\u0107 i Plavina","publisher":{"@id":"https:\/\/pilizota-winery.com\/#organization"},"potentialAction":[{"@type":"SearchAction","target":{"@type":"EntryPoint","urlTemplate":"https:\/\/pilizota-winery.com\/?s={search_term_string}"},"query-input":{"@type":"PropertyValueSpecification","valueRequired":true,"valueName":"search_term_string"}}],"inLanguage":"de"},{"@type":"Organization","@id":"https:\/\/pilizota-winery.com\/#organization","name":"Weingut Pili\u017eota","url":"https:\/\/pilizota-winery.com\/","logo":{"@type":"ImageObject","inLanguage":"de","@id":"https:\/\/pilizota-winery.com\/#\/schema\/logo\/image\/","url":"https:\/\/pilizota-winery.com\/wp-content\/uploads\/2025\/07\/Frame-228.png","contentUrl":"https:\/\/pilizota-winery.com\/wp-content\/uploads\/2025\/07\/Frame-228.png","width":688,"height":185,"caption":"Pili\u017eota winery"},"image":{"@id":"https:\/\/pilizota-winery.com\/#\/schema\/logo\/image\/"}}]}},"uagb_featured_image_src":{"full":false,"thumbnail":false,"medium":false,"medium_large":false,"large":false,"1536x1536":false,"2048x2048":false,"trp-custom-language-flag":false,"woocommerce_thumbnail":false,"woocommerce_single":false,"woocommerce_gallery_thumbnail":false},"uagb_author_info":{"display_name":"Vlasta Pili\u017eota","author_link":"https:\/\/pilizota-winery.com\/de\/author\/admin\/"},"uagb_comment_info":0,"uagb_excerpt":"Pravila privatnosti 1. Voditelj obrade i slu\u017ebenik za za\u0161titu podatakaVinarsko gospodarstvo Pili\u017eota, kao vlasnik web stranice i trgovine Vinarija Pili\u017eota, po\u0161tuje va\u0161u privatnost i obvezuje se za\u0161tititi je tijekom i nakon va\u0161eg posjeta ovoj web stranici, povezanoj mobilnoj stranici i bilo kojoj mikro stranici (koje mogu biti administrirane u ime Vinarsko gospodarstvo Pili\u017eota od tre\u0107e&hellip;","_links":{"self":[{"href":"https:\/\/pilizota-winery.com\/de\/wp-json\/wp\/v2\/pages\/2562","targetHints":{"allow":["GET"]}}],"collection":[{"href":"https:\/\/pilizota-winery.com\/de\/wp-json\/wp\/v2\/pages"}],"about":[{"href":"https:\/\/pilizota-winery.com\/de\/wp-json\/wp\/v2\/types\/page"}],"author":[{"embeddable":true,"href":"https:\/\/pilizota-winery.com\/de\/wp-json\/wp\/v2\/users\/1"}],"replies":[{"embeddable":true,"href":"https:\/\/pilizota-winery.com\/de\/wp-json\/wp\/v2\/comments?post=2562"}],"version-history":[{"count":3,"href":"https:\/\/pilizota-winery.com\/de\/wp-json\/wp\/v2\/pages\/2562\/revisions"}],"predecessor-version":[{"id":2991,"href":"https:\/\/pilizota-winery.com\/de\/wp-json\/wp\/v2\/pages\/2562\/revisions\/2991"}],"wp:attachment":[{"href":"https:\/\/pilizota-winery.com\/de\/wp-json\/wp\/v2\/media?parent=2562"}],"curies":[{"name":"wp","href":"https:\/\/api.w.org\/{rel}","templated":true}]}}