{"id":2467,"date":"2025-07-08T09:43:06","date_gmt":"2025-07-08T09:43:06","guid":{"rendered":"https:\/\/pilizota-winery.com\/?page_id=2467"},"modified":"2026-02-13T18:24:52","modified_gmt":"2026-02-13T18:24:52","slug":"gdje-kupiti","status":"publish","type":"page","link":"https:\/\/pilizota-winery.com\/de\/gdje-kupiti\/","title":{"rendered":"Wo kaufen"},"content":{"rendered":"<div class=\"wp-block-uagb-container uagb-block-utwths5s alignfull uagb-is-root-container\"><div class=\"uagb-container-inner-blocks-wrap\">\n<div class=\"wp-block-uagb-info-box uagb-block-ozpwppkm uagb-infobox__content-wrap  uagb-infobox-icon-above-title uagb-infobox-image-valign-top\"><div class=\"uagb-ifb-content\"><div class=\"uagb-ifb-title-wrap\"><h2 class=\"uagb-ifb-title\">Wo Sie unsere Weine kaufen k\u00f6nnen<br><\/h2><\/div><\/div><\/div>\n\n\n\n<div class=\"wp-block-uagb-info-box uagb-block-c08b31f9 uagb-infobox__content-wrap  uagb-infobox-icon-above-title uagb-infobox-image-valign-top\"><div class=\"uagb-ifb-content\"><div class=\"uagb-ifb-title-wrap\"><h2 class=\"uagb-ifb-title\">Unsere autochthonen Weine Babi\u0107 und Plavina sind auf den M\u00e4rkten in Kroatien, der EU, den USA und Australien vertreten und \u00fcber ein ausgew\u00e4hltes Distributoren-Netzwerk erh\u00e4ltlich. Wir waren der erste Exporteur dieser Weine aus Kroatien in die USA und sind heute auf diesem gr\u00f6\u00dften und anspruchsvollsten Weinmarkt der Welt hervorragend positioniert.<br>Langj\u00e4hrige Verf\u00fcgbarkeit, stabile Distribution sowie mehrere tausend Bewertungen auf Vivino \u2013 der weltweit gr\u00f6\u00dften Online-Plattform zur Weinbewertung und zum Weinkauf \u2013 best\u00e4tigen das Vertrauen der Konsumenten und die Qualit\u00e4t unserer Produkte.<br>Auf dieser Seite finden Sie Informationen dazu, wo unsere Weine je nach Markt und Vertriebskanal erh\u00e4ltlich sind.<br><br>KROATIEN, EU, AUSTRALIEN<br>Unsere Weine sind in diesen M\u00e4rkten \u00fcber spezialisierte Distributoren und Weinfachh\u00e4ndler erh\u00e4ltlich, die den Wert autochthoner dalmatinischer Weine sch\u00e4tzen.<br>F\u00fcr Informationen zur Verf\u00fcgbarkeit in einzelnen EU-L\u00e4ndern kontaktieren Sie uns gerne oder pr\u00fcfen Sie das aktuelle Angebot bei unseren Distributoren.<br>Folgende Weine sind erh\u00e4ltlich:<br><br>Babi\u0107 Pili\u017eota Dalmacija<br>Babi\u0107 Reserve Pili\u017eota \u0160ibenik<br>Plavina Pili\u017eota Dalmacija<br>Babi\u0107 Reserve Pili\u017eota \u0160ibenik<br><br>USA<br>Unser Weingut ist seit vielen Jahren kontinuierlich auf dem US-Markt vertreten und gilt als Pionier in der Pr\u00e4sentation der Weinrebsorten Babi\u0107 und Plavina f\u00fcr amerikanische Weinliebhaber. Unsere Weine sind \u00fcber autorisierte Distributoren, Vinotheken, Restaurants sowie Online-Vertriebskan\u00e4le in den meisten US-Bundesstaaten erh\u00e4ltlich. <br>Folgende Weine sind erh\u00e4ltlich:<br><br>Babic Pilizota USA<br>Babi\u0107-Reserve Pilizota USA<br>Plavina Pili\u017eota USA<br>Hinweis: Diese Weine sind in begrenzten Mengen auch f\u00fcr den kroatischen und den EU-Markt verf\u00fcgbar. <\/h2><\/div><\/div><\/div>\n\n\n\n<div class=\"wp-block-uagb-container uagb-block-gakngem8\">\n<div class=\"wp-block-uagb-info-box uagb-block-8wxsntxn uagb-infobox__content-wrap  uagb-infobox-icon-above-title uagb-infobox-image-valign-top\"><div class=\"uagb-ifb-content\"><div class=\"uagb-ifb-title-wrap\"><h3 class=\"uagb-ifb-title-prefix\">Vertriebspartner f\u00fcr USA:<br>VINUM USA Inc.<br>69 Croos Rd<br>Sonnenberg<br>NJ 07920<br>USA<br>https:\/\/www.vinumusa.com<\/h3><\/div><p class=\"uagb-ifb-desc\">ADEGA WEIN UND SPIRITUOSEN, Queens NY (NY)<br>ALLUVIAL WINES, Orinda (CA)<br>AMARO SPIRITS &amp; WINE, Brooklyn NY (NY)<br>ASTORIA LIQUORS INC., Queens NY (NY)<br>Armanetti Wein &amp; Spirituosen, Woodstock (Illinois)<br>ARTALE &amp; CO., Rockford (IL)<br>BARRIQUES, Madison (WI)<br>BAUER WINE&amp;SPIRITS, Boston (MA)<br>BED \u2013 WEIN &amp; SPIRITUOSEN, Brooklyn NY (NY)<br>BINNYS BEVERAGE DEPOT, Chicago (IL)<br>BONDI WINES &amp; SPIRITS, Brooklyn NY (NY)<br>FLASCHEN FEINE WEIN, Providence (RI)<br>CITY CENTER WINES, Boise (ID)<br>CITY WINE, Fredericksburg (VA)<br>COALTRAIN FINE WINE, Colorado Springs (CO)<br>CURTIS LIQUORS, Weymouth (MA)<br>DRINK PLG, Brooklyn NY (NY)<br>EAST SIDE CELLARS, New York (NY)<br>EVERYWINE, Houston (TX)<br>FRANKREICH 44, Minneapolis (MN)<br>Freilandwein und Spirituosen, Brooklyn NY (NY)<br>GARFIELD&#039;S BEVERAGE WAREHOUSE, Chicago (IL)<br>GNARLY WINES, Brooklyn NY (NY)<br>GRAND WINE &amp; LIQUOR, Queens NY (NY)<br>GRANDE KREWE FINE WINE &amp; SPIRITS,<br>New Orleans (LA)<br>TRAUBEN &amp; GETREIDE, Barrington (RI)<br>GREENWOOD GRAPE &amp; STILL, Brooklyn NY (NY)<br><\/p><\/div><\/div>\n\n\n\n<div class=\"wp-block-uagb-container uagb-block-dgtxjdmo\">\n<div class=\"wp-block-uagb-info-box uagb-block-tvmyhdjk uagb-infobox__content-wrap  uagb-infobox-icon-above-title uagb-infobox-image-valign-top wp-block-uagb-info-box--has-margin\"><div class=\"uagb-infobox-margin-wrapper\"><div class=\"uagb-ifb-content\"><div class=\"uagb-ifb-title-wrap\"><\/div><p class=\"uagb-ifb-desc\"><br>HAUPPAUGE WINE &amp; LIQUOR, Hauppauge (NY)<br>HENRY&#039;S WINE &amp; SPIRITS, Brooklyn NY (NY)<br>HYDE PARK FINE WINES, Boise (ID)<br>HOWARD STREET WEINH\u00c4NDLER, Omaha (NE)<br>IL VINO TORCHIO, Brooklyn NY (NY)<br>IN FINE SPIRITS, Chicago (IL)<br>KNIGHTS LIQUOR WAREHOUSE, Johnston (RI)<br>LINER &amp; ELSEN, Portland (OR)<br>MADISON WEINKELLER, Madison (NY)<br>MEGA \u2013 BEV, Battle Creek (MI)<br>MID \u2013 ISLAND WINES, Hickswile (NY)<br>MINIBAR-LIEFERUNG, Manhattan NY (NY)<br>MOLLYS BOTTLE SHOP, Seattle (WA)<br>Mount Royal Bottle Shoppe, Duluth (MN)<br>MYSA NATURAL WINE, Northampton (MA)<br>NOVOVINO WINE COMPANY, Chicago (IL)<br>PETITE WINE, Seattle (WA)<br>PRUFROCK WINES, Portland (OR)<br>SHOPPERS WINES, Union (NJ)<br>SOUTH LYNDALE LIQUORS, Minneapolis (MN)<br>SYRDYKS, Minneapolis (MN)<br>DAS HAUS VON GLUNZ, Chicago (IL)<br>DER DORFWEINH\u00c4NDLER, Nassau (NY)<br>WEINE &amp; MEHR, Cranston (RI)<br>WEINAPOTHEKE, Denver (CO)<br>WINE STOP NYC, Queens NY (NY)<br>WINDMILL WINE &amp; SPIRITS, Saugerties (NY)<br>57TH STREET WINES, Chicago (IL)<\/p><\/div><\/div><\/div>\n<\/div>\n<\/div>\n<\/div><\/div>\n\n\n\n<div class=\"wp-block-uagb-container uagb-block-1f941539 alignfull uagb-is-root-container\"><div class=\"uagb-container-inner-blocks-wrap\">\n<div class=\"wp-block-uagb-container uagb-block-9788e5eb\">\n<div class=\"wp-block-uagb-info-box uagb-block-3784dfa4 uagb-infobox__content-wrap  uagb-infobox-icon-above-title uagb-infobox-image-valign-top\"><div class=\"uagb-ifb-content\"><div class=\"uagb-ifb-title-wrap\"><h3 class=\"uagb-ifb-title-prefix\">Vertriebspartner f\u00fcr die EU:<br>WEINGUT PILI\u017dOTA<br>Bana J. Jela\u010di\u0107a 13<br>22000 Sibenik<br>KROATIEN<br>https:\/\/pilizota-winery.com<\/h3><\/div><\/div><\/div>\n\n\n\n<div class=\"wp-block-uagb-container uagb-block-86f469b0\">\n<div class=\"wp-block-uagb-info-box uagb-block-15a027ff uagb-infobox__content-wrap  uagb-infobox-icon-above-title uagb-infobox-image-valign-top wp-block-uagb-info-box--has-margin\"><div class=\"uagb-infobox-margin-wrapper\"><div class=\"uagb-ifb-content\"><div class=\"uagb-ifb-title-wrap\"><h4 class=\"uagb-ifb-title\">Kontakt<br>WEINGUT PILI\u017dOTA<br>Bana J. Jela\u010di\u0107a 13<br>22000 Sibenik<br>KROATIEN<br>+385 (0)91 337 1502<br>info@pilizota-winery.com<\/h4><\/div><\/div><\/div><\/div>\n<\/div>\n<\/div>\n<\/div><\/div>\n\n\n\n<div class=\"wp-block-uagb-container uagb-block-cc18c0d3 alignfull uagb-is-root-container\"><div class=\"uagb-container-inner-blocks-wrap\">\n<div class=\"wp-block-uagb-info-box uagb-block-e950beb3 uagb-infobox__content-wrap  uagb-infobox-icon-above-title uagb-infobox-image-valign-top\"><div class=\"uagb-ifb-content\"><div class=\"uagb-ifb-title-wrap\"><h3 class=\"uagb-ifb-title-prefix\">Vertriebspartner f\u00fcr Deutschland:<br>BUDIMIR<br>Massenheimer weg 12<br>61352 Bad Homburg<br>DEUTSCHLAND<br>http:\/\/www.budimir.info<\/h3><\/div><\/div><\/div>\n\n\n\n<div class=\"wp-block-uagb-container uagb-block-18571d73\">\n<div class=\"wp-block-uagb-info-box uagb-block-67bbf085 uagb-infobox__content-wrap  uagb-infobox-icon-above-title uagb-infobox-image-valign-top wp-block-uagb-info-box--has-margin\"><div class=\"uagb-infobox-margin-wrapper\"><div class=\"uagb-ifb-content\"><div class=\"uagb-ifb-title-wrap\"><h4 class=\"uagb-ifb-title\">Vertriebspartner f\u00fcr Australien:<br>QuelVino<br>37 Islington Street<br>Collingwood 3066<br>Melbourne<br>AUSTRALIA<br>http:\/\/quelvino.com.au<\/h4><\/div><\/div><\/div><\/div>\n<\/div>\n<\/div><\/div>","protected":false},"excerpt":{"rendered":"","protected":false},"author":1,"featured_media":0,"parent":0,"menu_order":0,"comment_status":"closed","ping_status":"closed","template":"","meta":{"_uag_custom_page_level_css":"","site-sidebar-layout":"default","site-content-layout":"","ast-site-content-layout":"default","site-content-style":"default","site-sidebar-style":"default","ast-global-header-display":"","ast-banner-title-visibility":"","ast-main-header-display":"","ast-hfb-above-header-display":"","ast-hfb-below-header-display":"","ast-hfb-mobile-header-display":"","site-post-title":"","ast-breadcrumbs-content":"","ast-featured-img":"","footer-sml-layout":"","ast-disable-related-posts":"","theme-transparent-header-meta":"","adv-header-id-meta":"","stick-header-meta":"","header-above-stick-meta":"","header-main-stick-meta":"","header-below-stick-meta":"","astra-migrate-meta-layouts":"set","ast-page-background-enabled":"default","ast-page-background-meta":{"desktop":{"background-color":"var(--ast-global-color-4)","background-image":"","background-repeat":"repeat","background-position":"center center","background-size":"auto","background-attachment":"scroll","background-type":"","background-media":"","overlay-type":"","overlay-color":"","overlay-opacity":"","overlay-gradient":""},"tablet":{"background-color":"","background-image":"","background-repeat":"repeat","background-position":"center center","background-size":"auto","background-attachment":"scroll","background-type":"","background-media":"","overlay-type":"","overlay-color":"","overlay-opacity":"","overlay-gradient":""},"mobile":{"background-color":"","background-image":"","background-repeat":"repeat","background-position":"center center","background-size":"auto","background-attachment":"scroll","background-type":"","background-media":"","overlay-type":"","overlay-color":"","overlay-opacity":"","overlay-gradient":""}},"ast-content-background-meta":{"desktop":{"background-color":"var(--ast-global-color-5)","background-image":"","background-repeat":"repeat","background-position":"center center","background-size":"auto","background-attachment":"scroll","background-type":"","background-media":"","overlay-type":"","overlay-color":"","overlay-opacity":"","overlay-gradient":""},"tablet":{"background-color":"var(--ast-global-color-5)","background-image":"","background-repeat":"repeat","background-position":"center center","background-size":"auto","background-attachment":"scroll","background-type":"","background-media":"","overlay-type":"","overlay-color":"","overlay-opacity":"","overlay-gradient":""},"mobile":{"background-color":"var(--ast-global-color-5)","background-image":"","background-repeat":"repeat","background-position":"center center","background-size":"auto","background-attachment":"scroll","background-type":"","background-media":"","overlay-type":"","overlay-color":"","overlay-opacity":"","overlay-gradient":""}},"footnotes":""},"class_list":["post-2467","page","type-page","status-publish","hentry"],"yoast_head":"<!-- This site is optimized with the Yoast SEO plugin v26.9 - https:\/\/yoast.com\/product\/yoast-seo-wordpress\/ -->\n<title>Gdje kupiti - Pili\u017eota winery<\/title>\n<meta name=\"description\" content=\"Pili\u017eota winery\" \/>\n<meta name=\"robots\" content=\"index, follow, max-snippet:-1, max-image-preview:large, max-video-preview:-1\" \/>\n<link rel=\"canonical\" href=\"https:\/\/pilizota-winery.com\/de\/gdje-kupiti\/\" \/>\n<meta property=\"og:locale\" content=\"de_DE\" \/>\n<meta property=\"og:type\" content=\"article\" \/>\n<meta property=\"og:title\" content=\"Gdje kupiti - Pili\u017eota winery\" \/>\n<meta property=\"og:description\" content=\"Pili\u017eota winery\" \/>\n<meta property=\"og:url\" content=\"https:\/\/pilizota-winery.com\/de\/gdje-kupiti\/\" \/>\n<meta property=\"og:site_name\" content=\"Pili\u017eota winery\" \/>\n<meta property=\"article:modified_time\" content=\"2026-02-13T18:24:52+00:00\" \/>\n<meta property=\"og:image\" content=\"https:\/\/pilizota-winery.com\/wp-content\/uploads\/2025\/05\/SVE_BUTELJE_NA_BIJELOJ_POZADINI__12_-1-1_edited-removebg-preview.png\" \/>\n\t<meta property=\"og:image:width\" content=\"999\" \/>\n\t<meta property=\"og:image:height\" content=\"250\" \/>\n\t<meta property=\"og:image:type\" content=\"image\/png\" \/>\n<meta name=\"twitter:card\" content=\"summary_large_image\" \/>\n<meta name=\"twitter:label1\" content=\"Gesch\u00e4tzte Lesezeit\" \/>\n\t<meta name=\"twitter:data1\" content=\"4\u00a0Minuten\" \/>\n<script type=\"application\/ld+json\" class=\"yoast-schema-graph\">{\"@context\":\"https:\/\/schema.org\",\"@graph\":[{\"@type\":\"WebPage\",\"@id\":\"https:\/\/pilizota-winery.com\/gdje-kupiti\/\",\"url\":\"https:\/\/pilizota-winery.com\/gdje-kupiti\/\",\"name\":\"Gdje kupiti - Pili\u017eota winery\",\"isPartOf\":{\"@id\":\"https:\/\/pilizota-winery.com\/#website\"},\"datePublished\":\"2025-07-08T09:43:06+00:00\",\"dateModified\":\"2026-02-13T18:24:52+00:00\",\"description\":\"Pili\u017eota winery\",\"breadcrumb\":{\"@id\":\"https:\/\/pilizota-winery.com\/gdje-kupiti\/#breadcrumb\"},\"inLanguage\":\"de\",\"potentialAction\":[{\"@type\":\"ReadAction\",\"target\":[\"https:\/\/pilizota-winery.com\/gdje-kupiti\/\"]}]},{\"@type\":\"BreadcrumbList\",\"@id\":\"https:\/\/pilizota-winery.com\/gdje-kupiti\/#breadcrumb\",\"itemListElement\":[{\"@type\":\"ListItem\",\"position\":1,\"name\":\"Po\u010detna stranica\",\"item\":\"https:\/\/pilizota-winery.com\/\"},{\"@type\":\"ListItem\",\"position\":2,\"name\":\"Gdje kupiti\"}]},{\"@type\":\"WebSite\",\"@id\":\"https:\/\/pilizota-winery.com\/#website\",\"url\":\"https:\/\/pilizota-winery.com\/\",\"name\":\"Pili\u017eota winery\",\"description\":\"Pilizota winery \u2013 autohtona vina Dalmacije: Babi\u0107 i Plavina\",\"publisher\":{\"@id\":\"https:\/\/pilizota-winery.com\/#organization\"},\"potentialAction\":[{\"@type\":\"SearchAction\",\"target\":{\"@type\":\"EntryPoint\",\"urlTemplate\":\"https:\/\/pilizota-winery.com\/?s={search_term_string}\"},\"query-input\":{\"@type\":\"PropertyValueSpecification\",\"valueRequired\":true,\"valueName\":\"search_term_string\"}}],\"inLanguage\":\"de\"},{\"@type\":\"Organization\",\"@id\":\"https:\/\/pilizota-winery.com\/#organization\",\"name\":\"Pili\u017eota winery\",\"url\":\"https:\/\/pilizota-winery.com\/\",\"logo\":{\"@type\":\"ImageObject\",\"inLanguage\":\"de\",\"@id\":\"https:\/\/pilizota-winery.com\/#\/schema\/logo\/image\/\",\"url\":\"https:\/\/pilizota-winery.com\/wp-content\/uploads\/2025\/07\/Frame-228.png\",\"contentUrl\":\"https:\/\/pilizota-winery.com\/wp-content\/uploads\/2025\/07\/Frame-228.png\",\"width\":688,\"height\":185,\"caption\":\"Pili\u017eota winery\"},\"image\":{\"@id\":\"https:\/\/pilizota-winery.com\/#\/schema\/logo\/image\/\"}}]}<\/script>\n<!-- \/ Yoast SEO plugin. -->","yoast_head_json":{"title":"Gdje kupiti - Pili\u017eota winery","description":"Weingut Pili\u017eota","robots":{"index":"index","follow":"follow","max-snippet":"max-snippet:-1","max-image-preview":"max-image-preview:large","max-video-preview":"max-video-preview:-1"},"canonical":"https:\/\/pilizota-winery.com\/de\/gdje-kupiti\/","og_locale":"de_DE","og_type":"article","og_title":"Gdje kupiti - Pili\u017eota winery","og_description":"Pili\u017eota winery","og_url":"https:\/\/pilizota-winery.com\/de\/gdje-kupiti\/","og_site_name":"Pili\u017eota winery","article_modified_time":"2026-02-13T18:24:52+00:00","og_image":[{"width":999,"height":250,"url":"https:\/\/pilizota-winery.com\/wp-content\/uploads\/2025\/05\/SVE_BUTELJE_NA_BIJELOJ_POZADINI__12_-1-1_edited-removebg-preview.png","type":"image\/png"}],"twitter_card":"summary_large_image","twitter_misc":{"Gesch\u00e4tzte Lesezeit":"4\u00a0Minuten"},"schema":{"@context":"https:\/\/schema.org","@graph":[{"@type":"WebPage","@id":"https:\/\/pilizota-winery.com\/gdje-kupiti\/","url":"https:\/\/pilizota-winery.com\/gdje-kupiti\/","name":"Gdje kupiti - Pili\u017eota winery","isPartOf":{"@id":"https:\/\/pilizota-winery.com\/#website"},"datePublished":"2025-07-08T09:43:06+00:00","dateModified":"2026-02-13T18:24:52+00:00","description":"Weingut Pili\u017eota","breadcrumb":{"@id":"https:\/\/pilizota-winery.com\/gdje-kupiti\/#breadcrumb"},"inLanguage":"de","potentialAction":[{"@type":"ReadAction","target":["https:\/\/pilizota-winery.com\/gdje-kupiti\/"]}]},{"@type":"BreadcrumbList","@id":"https:\/\/pilizota-winery.com\/gdje-kupiti\/#breadcrumb","itemListElement":[{"@type":"ListItem","position":1,"name":"Po\u010detna stranica","item":"https:\/\/pilizota-winery.com\/"},{"@type":"ListItem","position":2,"name":"Gdje kupiti"}]},{"@type":"WebSite","@id":"https:\/\/pilizota-winery.com\/#website","url":"https:\/\/pilizota-winery.com\/","name":"Weingut Pili\u017eota","description":"Pilizota winery \u2013 autohtona vina Dalmacije: Babi\u0107 i Plavina","publisher":{"@id":"https:\/\/pilizota-winery.com\/#organization"},"potentialAction":[{"@type":"SearchAction","target":{"@type":"EntryPoint","urlTemplate":"https:\/\/pilizota-winery.com\/?s={search_term_string}"},"query-input":{"@type":"PropertyValueSpecification","valueRequired":true,"valueName":"search_term_string"}}],"inLanguage":"de"},{"@type":"Organization","@id":"https:\/\/pilizota-winery.com\/#organization","name":"Weingut Pili\u017eota","url":"https:\/\/pilizota-winery.com\/","logo":{"@type":"ImageObject","inLanguage":"de","@id":"https:\/\/pilizota-winery.com\/#\/schema\/logo\/image\/","url":"https:\/\/pilizota-winery.com\/wp-content\/uploads\/2025\/07\/Frame-228.png","contentUrl":"https:\/\/pilizota-winery.com\/wp-content\/uploads\/2025\/07\/Frame-228.png","width":688,"height":185,"caption":"Pili\u017eota winery"},"image":{"@id":"https:\/\/pilizota-winery.com\/#\/schema\/logo\/image\/"}}]}},"uagb_featured_image_src":{"full":false,"thumbnail":false,"medium":false,"medium_large":false,"large":false,"1536x1536":false,"2048x2048":false,"trp-custom-language-flag":false,"woocommerce_thumbnail":false,"woocommerce_single":false,"woocommerce_gallery_thumbnail":false},"uagb_author_info":{"display_name":"Vlasta Pili\u017eota","author_link":"https:\/\/pilizota-winery.com\/de\/author\/admin\/"},"uagb_comment_info":0,"uagb_excerpt":null,"_links":{"self":[{"href":"https:\/\/pilizota-winery.com\/de\/wp-json\/wp\/v2\/pages\/2467","targetHints":{"allow":["GET"]}}],"collection":[{"href":"https:\/\/pilizota-winery.com\/de\/wp-json\/wp\/v2\/pages"}],"about":[{"href":"https:\/\/pilizota-winery.com\/de\/wp-json\/wp\/v2\/types\/page"}],"author":[{"embeddable":true,"href":"https:\/\/pilizota-winery.com\/de\/wp-json\/wp\/v2\/users\/1"}],"replies":[{"embeddable":true,"href":"https:\/\/pilizota-winery.com\/de\/wp-json\/wp\/v2\/comments?post=2467"}],"version-history":[{"count":35,"href":"https:\/\/pilizota-winery.com\/de\/wp-json\/wp\/v2\/pages\/2467\/revisions"}],"predecessor-version":[{"id":2986,"href":"https:\/\/pilizota-winery.com\/de\/wp-json\/wp\/v2\/pages\/2467\/revisions\/2986"}],"wp:attachment":[{"href":"https:\/\/pilizota-winery.com\/de\/wp-json\/wp\/v2\/media?parent=2467"}],"curies":[{"name":"wp","href":"https:\/\/api.w.org\/{rel}","templated":true}]}}